
{"id":8938,"date":"2023-05-23T17:03:25","date_gmt":"2023-05-23T09:03:25","guid":{"rendered":"http:\/\/75.webs.svipwebs.com\/?post_type=product&#038;p=8938"},"modified":"2023-05-23T17:03:25","modified_gmt":"2023-05-23T09:03:25","slug":"bagasse-cutlery","status":"publish","type":"product","link":"https:\/\/www.wellongpack.com\/fr\/produit\/couverts-en-bagasse\/","title":{"rendered":"Couverts en bagasse"},"content":{"rendered":"","protected":false},"excerpt":{"rendered":"<p>Nos couverts jetables en canne \u00e0 sucre sont parfaits pour les f\u00eates, les mariages, les barbecues, les plats \u00e0 emporter dans les restaurants et les d\u00eeners. Ils sont lisses, durables et biod\u00e9gradables. Ils laisseront la meilleure impression \u00e0 vos invit\u00e9s, votre personnel et vos clients.<\/p>","protected":false},"featured_media":8939,"comment_status":"open","ping_status":"closed","template":"","meta":[],"product_cat":[91],"product_tag":[],"class_list":["post-8938","product","type-product","status-publish","has-post-thumbnail","hentry","product_cat-bagassesugarcane-products"],"_links":{"self":[{"href":"https:\/\/www.wellongpack.com\/fr\/wp-json\/wp\/v2\/product\/8938","targetHints":{"allow":["GET"]}}],"collection":[{"href":"https:\/\/www.wellongpack.com\/fr\/wp-json\/wp\/v2\/product"}],"about":[{"href":"https:\/\/www.wellongpack.com\/fr\/wp-json\/wp\/v2\/types\/product"}],"replies":[{"embeddable":true,"href":"https:\/\/www.wellongpack.com\/fr\/wp-json\/wp\/v2\/comments?post=8938"}],"version-history":[{"count":1,"href":"https:\/\/www.wellongpack.com\/fr\/wp-json\/wp\/v2\/product\/8938\/revisions"}],"predecessor-version":[{"id":8947,"href":"https:\/\/www.wellongpack.com\/fr\/wp-json\/wp\/v2\/product\/8938\/revisions\/8947"}],"wp:featuredmedia":[{"embeddable":true,"href":"https:\/\/www.wellongpack.com\/fr\/wp-json\/wp\/v2\/media\/8939"}],"wp:attachment":[{"href":"https:\/\/www.wellongpack.com\/fr\/wp-json\/wp\/v2\/media?parent=8938"}],"wp:term":[{"taxonomy":"product_cat","embeddable":true,"href":"https:\/\/www.wellongpack.com\/fr\/wp-json\/wp\/v2\/product_cat?post=8938"},{"taxonomy":"product_tag","embeddable":true,"href":"https:\/\/www.wellongpack.com\/fr\/wp-json\/wp\/v2\/product_tag?post=8938"}],"curies":[{"name":"wp","href":"https:\/\/api.w.org\/{rel}","templated":true}]}}