
{"id":8898,"date":"2023-05-23T16:46:13","date_gmt":"2023-05-23T08:46:13","guid":{"rendered":"http:\/\/75.webs.svipwebs.com\/?post_type=product&#038;p=8898"},"modified":"2023-05-23T16:46:13","modified_gmt":"2023-05-23T08:46:13","slug":"coffee-cup","status":"publish","type":"product","link":"https:\/\/www.wellongpack.com\/fr\/produit\/tasse-a-cafe\/","title":{"rendered":"tasse \u00e0 caf\u00e9"},"content":{"rendered":"","protected":false},"excerpt":{"rendered":"<p><a href=\"https:\/\/www.craftecopack.com\/sugarcane-cup_c22\"><strong><b>tasse de bagasse de canne \u00e0 sucre<\/b><\/strong><\/a>\u00a0est plus \u00e9pais, avec une duret\u00e9 plus forte, le gobelet est plus durable, il n'est pas facile \u00e0 d\u00e9former et \u00e0 ramollir.<br \/>\nIl s'agit d'une m\u00e9thode respectueuse de l'environnement et\u00a0<strong><b>vaisselle en bagasse biod\u00e9gradable<\/b><\/strong>Il peut \u00eatre rempli de caf\u00e9, de th\u00e9 au lait, de jus de fruits et d'eau bouillie.<\/p>","protected":false},"featured_media":8899,"comment_status":"open","ping_status":"closed","template":"","meta":[],"product_cat":[96],"product_tag":[],"class_list":["post-8898","product","type-product","status-publish","has-post-thumbnail","hentry","product_cat-bagasse-cup-and-lids"],"_links":{"self":[{"href":"https:\/\/www.wellongpack.com\/fr\/wp-json\/wp\/v2\/product\/8898","targetHints":{"allow":["GET"]}}],"collection":[{"href":"https:\/\/www.wellongpack.com\/fr\/wp-json\/wp\/v2\/product"}],"about":[{"href":"https:\/\/www.wellongpack.com\/fr\/wp-json\/wp\/v2\/types\/product"}],"replies":[{"embeddable":true,"href":"https:\/\/www.wellongpack.com\/fr\/wp-json\/wp\/v2\/comments?post=8898"}],"version-history":[{"count":1,"href":"https:\/\/www.wellongpack.com\/fr\/wp-json\/wp\/v2\/product\/8898\/revisions"}],"predecessor-version":[{"id":8904,"href":"https:\/\/www.wellongpack.com\/fr\/wp-json\/wp\/v2\/product\/8898\/revisions\/8904"}],"wp:featuredmedia":[{"embeddable":true,"href":"https:\/\/www.wellongpack.com\/fr\/wp-json\/wp\/v2\/media\/8899"}],"wp:attachment":[{"href":"https:\/\/www.wellongpack.com\/fr\/wp-json\/wp\/v2\/media?parent=8898"}],"wp:term":[{"taxonomy":"product_cat","embeddable":true,"href":"https:\/\/www.wellongpack.com\/fr\/wp-json\/wp\/v2\/product_cat?post=8898"},{"taxonomy":"product_tag","embeddable":true,"href":"https:\/\/www.wellongpack.com\/fr\/wp-json\/wp\/v2\/product_tag?post=8898"}],"curies":[{"name":"wp","href":"https:\/\/api.w.org\/{rel}","templated":true}]}}