
{"id":8832,"date":"2023-05-23T16:01:17","date_gmt":"2023-05-23T08:01:17","guid":{"rendered":"http:\/\/75.webs.svipwebs.com\/?post_type=product&#038;p=8832"},"modified":"2023-05-23T16:01:18","modified_gmt":"2023-05-23T08:01:18","slug":"aluminum-foil-bbq-tray","status":"publish","type":"product","link":"https:\/\/www.wellongpack.com\/fr\/produit\/plateau-bbq-en-feuille-daluminium\/","title":{"rendered":"Feuille d'aluminium Plateau BBQ"},"content":{"rendered":"","protected":false},"excerpt":{"rendered":"<p>Ces barquettes en aluminium sont dot\u00e9es de petits trous bien positionn\u00e9s qui permettent \u00e0 la chaleur de circuler pendant la cuisson. Elles sont id\u00e9ales pour r\u00f4tir et griller la viande et les l\u00e9gumes. Ces barquettes en aluminium sont r\u00e9utilisables et doivent simplement \u00eatre lav\u00e9es \u00e0 la main apr\u00e8s utilisation, puis elles sont pr\u00eates pour la prochaine utilisation.<\/p>","protected":false},"featured_media":8833,"comment_status":"open","ping_status":"closed","template":"","meta":[],"product_cat":[90],"product_tag":[],"class_list":["post-8832","product","type-product","status-publish","has-post-thumbnail","hentry","product_cat-aluminum-foil-traypan"],"_links":{"self":[{"href":"https:\/\/www.wellongpack.com\/fr\/wp-json\/wp\/v2\/product\/8832","targetHints":{"allow":["GET"]}}],"collection":[{"href":"https:\/\/www.wellongpack.com\/fr\/wp-json\/wp\/v2\/product"}],"about":[{"href":"https:\/\/www.wellongpack.com\/fr\/wp-json\/wp\/v2\/types\/product"}],"replies":[{"embeddable":true,"href":"https:\/\/www.wellongpack.com\/fr\/wp-json\/wp\/v2\/comments?post=8832"}],"version-history":[{"count":1,"href":"https:\/\/www.wellongpack.com\/fr\/wp-json\/wp\/v2\/product\/8832\/revisions"}],"predecessor-version":[{"id":8839,"href":"https:\/\/www.wellongpack.com\/fr\/wp-json\/wp\/v2\/product\/8832\/revisions\/8839"}],"wp:featuredmedia":[{"embeddable":true,"href":"https:\/\/www.wellongpack.com\/fr\/wp-json\/wp\/v2\/media\/8833"}],"wp:attachment":[{"href":"https:\/\/www.wellongpack.com\/fr\/wp-json\/wp\/v2\/media?parent=8832"}],"wp:term":[{"taxonomy":"product_cat","embeddable":true,"href":"https:\/\/www.wellongpack.com\/fr\/wp-json\/wp\/v2\/product_cat?post=8832"},{"taxonomy":"product_tag","embeddable":true,"href":"https:\/\/www.wellongpack.com\/fr\/wp-json\/wp\/v2\/product_tag?post=8832"}],"curies":[{"name":"wp","href":"https:\/\/api.w.org\/{rel}","templated":true}]}}