
{"id":8812,"date":"2023-05-23T15:56:38","date_gmt":"2023-05-23T07:56:38","guid":{"rendered":"http:\/\/75.webs.svipwebs.com\/?post_type=product&#038;p=8812"},"modified":"2023-05-23T15:56:40","modified_gmt":"2023-05-23T07:56:40","slug":"aluminum-foil-roll","status":"publish","type":"product","link":"https:\/\/www.wellongpack.com\/fr\/produit\/rouleau-daluminium\/","title":{"rendered":"Rouleau de feuille d'aluminium"},"content":{"rendered":"","protected":false},"excerpt":{"rendered":"<p>Conditionn\u00e9 dans un distributeur pratique, ce papier d'aluminium est parfait pour les cuisines commerciales. Tirez rapidement et facilement la quantit\u00e9 de papier d'aluminium souhait\u00e9e et d\u00e9chirez-la en tirant doucement vers le bas sur les dents de la lame. Gr\u00e2ce \u00e0 ce rouleau de papier d'aluminium r\u00e9sistant Choice Food Service, la pr\u00e9paration et le nettoyage quotidiens deviennent un jeu d'enfant pour votre personnel de cuisine.<\/p>","protected":false},"featured_media":8813,"comment_status":"open","ping_status":"closed","template":"","meta":[],"product_cat":[88],"product_tag":[],"class_list":["post-8812","product","type-product","status-publish","has-post-thumbnail","hentry","product_cat-aluminium-foil-containertrayroll"],"_links":{"self":[{"href":"https:\/\/www.wellongpack.com\/fr\/wp-json\/wp\/v2\/product\/8812","targetHints":{"allow":["GET"]}}],"collection":[{"href":"https:\/\/www.wellongpack.com\/fr\/wp-json\/wp\/v2\/product"}],"about":[{"href":"https:\/\/www.wellongpack.com\/fr\/wp-json\/wp\/v2\/types\/product"}],"replies":[{"embeddable":true,"href":"https:\/\/www.wellongpack.com\/fr\/wp-json\/wp\/v2\/comments?post=8812"}],"version-history":[{"count":1,"href":"https:\/\/www.wellongpack.com\/fr\/wp-json\/wp\/v2\/product\/8812\/revisions"}],"predecessor-version":[{"id":8819,"href":"https:\/\/www.wellongpack.com\/fr\/wp-json\/wp\/v2\/product\/8812\/revisions\/8819"}],"wp:featuredmedia":[{"embeddable":true,"href":"https:\/\/www.wellongpack.com\/fr\/wp-json\/wp\/v2\/media\/8813"}],"wp:attachment":[{"href":"https:\/\/www.wellongpack.com\/fr\/wp-json\/wp\/v2\/media?parent=8812"}],"wp:term":[{"taxonomy":"product_cat","embeddable":true,"href":"https:\/\/www.wellongpack.com\/fr\/wp-json\/wp\/v2\/product_cat?post=8812"},{"taxonomy":"product_tag","embeddable":true,"href":"https:\/\/www.wellongpack.com\/fr\/wp-json\/wp\/v2\/product_tag?post=8812"}],"curies":[{"name":"wp","href":"https:\/\/api.w.org\/{rel}","templated":true}]}}