
{"id":8806,"date":"2023-05-23T15:49:04","date_gmt":"2023-05-23T07:49:04","guid":{"rendered":"http:\/\/75.webs.svipwebs.com\/?post_type=product&#038;p=8806"},"modified":"2023-05-23T15:49:05","modified_gmt":"2023-05-23T07:49:05","slug":"square-container","status":"publish","type":"product","link":"https:\/\/www.wellongpack.com\/fr\/produit\/conteneur-carre\/","title":{"rendered":"Conteneur carr\u00e9"},"content":{"rendered":"","protected":false},"excerpt":{"rendered":"<p>Ce r\u00e9cipient peut \u00eatre utilis\u00e9 avec un couvercle en carton ou un couvercle en d\u00f4me compatible (vendu s\u00e9par\u00e9ment), qui s'adapte fermement aux bords ourl\u00e9s, pr\u00e9servant ainsi la s\u00e9curit\u00e9 de vos aliments.Pour plus de commodit\u00e9, ce r\u00e9cipient est jetable, de sorte que vous pouvez simplement le jeter apr\u00e8s utilisation, ce qui vous permet de gagner du temps lors du nettoyage.<\/p>","protected":false},"featured_media":8807,"comment_status":"open","ping_status":"closed","template":"","meta":[],"product_cat":[89],"product_tag":[],"class_list":["post-8806","product","type-product","status-publish","has-post-thumbnail","hentry","product_cat-aluminum-foil-container"],"_links":{"self":[{"href":"https:\/\/www.wellongpack.com\/fr\/wp-json\/wp\/v2\/product\/8806","targetHints":{"allow":["GET"]}}],"collection":[{"href":"https:\/\/www.wellongpack.com\/fr\/wp-json\/wp\/v2\/product"}],"about":[{"href":"https:\/\/www.wellongpack.com\/fr\/wp-json\/wp\/v2\/types\/product"}],"replies":[{"embeddable":true,"href":"https:\/\/www.wellongpack.com\/fr\/wp-json\/wp\/v2\/comments?post=8806"}],"version-history":[{"count":1,"href":"https:\/\/www.wellongpack.com\/fr\/wp-json\/wp\/v2\/product\/8806\/revisions"}],"predecessor-version":[{"id":8811,"href":"https:\/\/www.wellongpack.com\/fr\/wp-json\/wp\/v2\/product\/8806\/revisions\/8811"}],"wp:featuredmedia":[{"embeddable":true,"href":"https:\/\/www.wellongpack.com\/fr\/wp-json\/wp\/v2\/media\/8807"}],"wp:attachment":[{"href":"https:\/\/www.wellongpack.com\/fr\/wp-json\/wp\/v2\/media?parent=8806"}],"wp:term":[{"taxonomy":"product_cat","embeddable":true,"href":"https:\/\/www.wellongpack.com\/fr\/wp-json\/wp\/v2\/product_cat?post=8806"},{"taxonomy":"product_tag","embeddable":true,"href":"https:\/\/www.wellongpack.com\/fr\/wp-json\/wp\/v2\/product_tag?post=8806"}],"curies":[{"name":"wp","href":"https:\/\/api.w.org\/{rel}","templated":true}]}}