
{"id":10695,"date":"2023-06-13T10:09:00","date_gmt":"2023-06-13T02:09:00","guid":{"rendered":"http:\/\/75.webs.svipwebs.com\/?post_type=product&#038;p=10695"},"modified":"2023-06-13T10:09:01","modified_gmt":"2023-06-13T02:09:01","slug":"hand-sanitizer-gel-2","status":"publish","type":"product","link":"https:\/\/www.wellongpack.com\/fr\/produit\/gel-antiseptique-pour-les-mains-2\/","title":{"rendered":"Gel d\u00e9sinfectant pour les mains"},"content":{"rendered":"<p>Le gel rafra\u00eechissant d\u00e9sinfectant pour les mains tue 99,99% des germes les plus courants qui peuvent causer des maladies. De plus, gr\u00e2ce aux revitalisants pour la peau ajout\u00e9s, il aide \u00e0 garder les mains douces. La formulation est douce pour la peau et exempte de triclosan, de parab\u00e8nes, de phtalates et de conservateurs.<\/p>\n<p><img loading=\"lazy\" decoding=\"async\" class=\"alignnone wp-image-10706\" src=\"https:\/\/www.wellongpack.com\/wp-content\/uploads\/2023\/06\/1-113.jpg\" alt=\"\" width=\"750\" height=\"750\" srcset=\"https:\/\/www.wellongpack.com\/wp-content\/uploads\/2023\/06\/1-113.jpg 1024w, https:\/\/www.wellongpack.com\/wp-content\/uploads\/2023\/06\/1-113-300x300.jpg 300w, https:\/\/www.wellongpack.com\/wp-content\/uploads\/2023\/06\/1-113-800x800.jpg 800w, https:\/\/www.wellongpack.com\/wp-content\/uploads\/2023\/06\/1-113-150x150.jpg 150w, https:\/\/www.wellongpack.com\/wp-content\/uploads\/2023\/06\/1-113-768x768.jpg 768w, https:\/\/www.wellongpack.com\/wp-content\/uploads\/2023\/06\/1-113-860x860.jpg 860w, https:\/\/www.wellongpack.com\/wp-content\/uploads\/2023\/06\/1-113-430x430.jpg 430w, https:\/\/www.wellongpack.com\/wp-content\/uploads\/2023\/06\/1-113-700x700.jpg 700w\" sizes=\"auto, (max-width: 750px) 100vw, 750px\" \/><\/p>\n<p><img loading=\"lazy\" decoding=\"async\" class=\"alignnone wp-image-10701\" src=\"https:\/\/www.wellongpack.com\/wp-content\/uploads\/2023\/06\/2-107.jpg\" alt=\"\" width=\"750\" height=\"750\" srcset=\"https:\/\/www.wellongpack.com\/wp-content\/uploads\/2023\/06\/2-107.jpg 1024w, https:\/\/www.wellongpack.com\/wp-content\/uploads\/2023\/06\/2-107-300x300.jpg 300w, https:\/\/www.wellongpack.com\/wp-content\/uploads\/2023\/06\/2-107-800x800.jpg 800w, https:\/\/www.wellongpack.com\/wp-content\/uploads\/2023\/06\/2-107-150x150.jpg 150w, https:\/\/www.wellongpack.com\/wp-content\/uploads\/2023\/06\/2-107-768x768.jpg 768w, https:\/\/www.wellongpack.com\/wp-content\/uploads\/2023\/06\/2-107-860x860.jpg 860w, https:\/\/www.wellongpack.com\/wp-content\/uploads\/2023\/06\/2-107-430x430.jpg 430w, https:\/\/www.wellongpack.com\/wp-content\/uploads\/2023\/06\/2-107-700x700.jpg 700w\" sizes=\"auto, (max-width: 750px) 100vw, 750px\" \/> <img loading=\"lazy\" decoding=\"async\" class=\"alignnone wp-image-10706\" src=\"https:\/\/www.wellongpack.com\/wp-content\/uploads\/2023\/06\/1-113.jpg\" alt=\"\" width=\"750\" height=\"750\" srcset=\"https:\/\/www.wellongpack.com\/wp-content\/uploads\/2023\/06\/1-113.jpg 1024w, https:\/\/www.wellongpack.com\/wp-content\/uploads\/2023\/06\/1-113-300x300.jpg 300w, https:\/\/www.wellongpack.com\/wp-content\/uploads\/2023\/06\/1-113-800x800.jpg 800w, https:\/\/www.wellongpack.com\/wp-content\/uploads\/2023\/06\/1-113-150x150.jpg 150w, https:\/\/www.wellongpack.com\/wp-content\/uploads\/2023\/06\/1-113-768x768.jpg 768w, https:\/\/www.wellongpack.com\/wp-content\/uploads\/2023\/06\/1-113-860x860.jpg 860w, https:\/\/www.wellongpack.com\/wp-content\/uploads\/2023\/06\/1-113-430x430.jpg 430w, https:\/\/www.wellongpack.com\/wp-content\/uploads\/2023\/06\/1-113-700x700.jpg 700w\" sizes=\"auto, (max-width: 750px) 100vw, 750px\" \/><\/p>\n<p><img loading=\"lazy\" decoding=\"async\" class=\"alignnone wp-image-10703\" src=\"https:\/\/www.wellongpack.com\/wp-content\/uploads\/2023\/06\/4-2.png\" alt=\"\" width=\"750\" height=\"750\" srcset=\"https:\/\/www.wellongpack.com\/wp-content\/uploads\/2023\/06\/4-2.png 750w, https:\/\/www.wellongpack.com\/wp-content\/uploads\/2023\/06\/4-2-300x300.png 300w, https:\/\/www.wellongpack.com\/wp-content\/uploads\/2023\/06\/4-2-150x150.png 150w, https:\/\/www.wellongpack.com\/wp-content\/uploads\/2023\/06\/4-2-430x430.png 430w, https:\/\/www.wellongpack.com\/wp-content\/uploads\/2023\/06\/4-2-700x700.png 700w\" sizes=\"auto, (max-width: 750px) 100vw, 750px\" \/> <img loading=\"lazy\" decoding=\"async\" class=\"alignnone wp-image-10704 size-full\" src=\"https:\/\/www.wellongpack.com\/wp-content\/uploads\/2023\/06\/5-2.png\" alt=\"\" width=\"750\" height=\"750\" srcset=\"https:\/\/www.wellongpack.com\/wp-content\/uploads\/2023\/06\/5-2.png 750w, https:\/\/www.wellongpack.com\/wp-content\/uploads\/2023\/06\/5-2-300x300.png 300w, https:\/\/www.wellongpack.com\/wp-content\/uploads\/2023\/06\/5-2-150x150.png 150w, https:\/\/www.wellongpack.com\/wp-content\/uploads\/2023\/06\/5-2-430x430.png 430w, https:\/\/www.wellongpack.com\/wp-content\/uploads\/2023\/06\/5-2-700x700.png 700w\" sizes=\"auto, (max-width: 750px) 100vw, 750px\" \/><\/p>","protected":false},"excerpt":{"rendered":"<p>Hand Sanitizer Refreshing Gel kills 99.99% of most common germs that may cause illness \u2014 plus, with added skin conditioners,<\/p>","protected":false},"featured_media":10696,"comment_status":"open","ping_status":"closed","template":"","meta":[],"product_cat":[159,151],"product_tag":[],"class_list":["post-10695","product","type-product","status-publish","has-post-thumbnail","hentry","product_cat-hand-sanitizer-gel","product_cat-personal-protection"],"_links":{"self":[{"href":"https:\/\/www.wellongpack.com\/fr\/wp-json\/wp\/v2\/product\/10695","targetHints":{"allow":["GET"]}}],"collection":[{"href":"https:\/\/www.wellongpack.com\/fr\/wp-json\/wp\/v2\/product"}],"about":[{"href":"https:\/\/www.wellongpack.com\/fr\/wp-json\/wp\/v2\/types\/product"}],"replies":[{"embeddable":true,"href":"https:\/\/www.wellongpack.com\/fr\/wp-json\/wp\/v2\/comments?post=10695"}],"version-history":[{"count":1,"href":"https:\/\/www.wellongpack.com\/fr\/wp-json\/wp\/v2\/product\/10695\/revisions"}],"predecessor-version":[{"id":10707,"href":"https:\/\/www.wellongpack.com\/fr\/wp-json\/wp\/v2\/product\/10695\/revisions\/10707"}],"wp:featuredmedia":[{"embeddable":true,"href":"https:\/\/www.wellongpack.com\/fr\/wp-json\/wp\/v2\/media\/10696"}],"wp:attachment":[{"href":"https:\/\/www.wellongpack.com\/fr\/wp-json\/wp\/v2\/media?parent=10695"}],"wp:term":[{"taxonomy":"product_cat","embeddable":true,"href":"https:\/\/www.wellongpack.com\/fr\/wp-json\/wp\/v2\/product_cat?post=10695"},{"taxonomy":"product_tag","embeddable":true,"href":"https:\/\/www.wellongpack.com\/fr\/wp-json\/wp\/v2\/product_tag?post=10695"}],"curies":[{"name":"wp","href":"https:\/\/api.w.org\/{rel}","templated":true}]}}