
{"id":10500,"date":"2023-06-09T15:23:28","date_gmt":"2023-06-09T07:23:28","guid":{"rendered":"http:\/\/75.webs.svipwebs.com\/?post_type=product&#038;p=10500"},"modified":"2023-06-09T15:23:29","modified_gmt":"2023-06-09T07:23:29","slug":"pet%ef%bc%86cpet-tray","status":"publish","type":"product","link":"https:\/\/www.wellongpack.com\/fr\/produit\/pet\uff06cpet-tray\/","title":{"rendered":"PET\uff06CPET tray"},"content":{"rendered":"<p>Le PET est solide, l\u00e9ger et enti\u00e8rement recyclable. La grande r\u00e9sistance du PET par rapport \u00e0 sa l\u00e9g\u00e8ret\u00e9 le rend tr\u00e8s \u00e9conome en \u00e9nergie, ce qui permet de livrer plus de produits dans moins d'emballages en utilisant moins de carburant. De plus, les barquettes en CPET peuvent \u00eatre utilis\u00e9es au micro-ondes.<\/p>\n<p><img loading=\"lazy\" decoding=\"async\" class=\"alignnone size-full wp-image-10509\" src=\"https:\/\/www.wellongpack.com\/wp-content\/uploads\/2023\/06\/1-99.jpg\" alt=\"\" width=\"800\" height=\"800\" srcset=\"https:\/\/www.wellongpack.com\/wp-content\/uploads\/2023\/06\/1-99.jpg 800w, https:\/\/www.wellongpack.com\/wp-content\/uploads\/2023\/06\/1-99-430x430.jpg 430w, https:\/\/www.wellongpack.com\/wp-content\/uploads\/2023\/06\/1-99-150x150.jpg 150w, https:\/\/www.wellongpack.com\/wp-content\/uploads\/2023\/06\/1-99-700x700.jpg 700w, https:\/\/www.wellongpack.com\/wp-content\/uploads\/2023\/06\/1-99-300x300.jpg 300w, https:\/\/www.wellongpack.com\/wp-content\/uploads\/2023\/06\/1-99-768x768.jpg 768w\" sizes=\"auto, (max-width: 800px) 100vw, 800px\" \/> <img loading=\"lazy\" decoding=\"async\" class=\"alignnone size-full wp-image-10510\" src=\"https:\/\/www.wellongpack.com\/wp-content\/uploads\/2023\/06\/2-93.jpg\" alt=\"\" width=\"960\" height=\"960\" srcset=\"https:\/\/www.wellongpack.com\/wp-content\/uploads\/2023\/06\/2-93.jpg 960w, https:\/\/www.wellongpack.com\/wp-content\/uploads\/2023\/06\/2-93-430x430.jpg 430w, https:\/\/www.wellongpack.com\/wp-content\/uploads\/2023\/06\/2-93-150x150.jpg 150w, https:\/\/www.wellongpack.com\/wp-content\/uploads\/2023\/06\/2-93-700x700.jpg 700w, https:\/\/www.wellongpack.com\/wp-content\/uploads\/2023\/06\/2-93-300x300.jpg 300w, https:\/\/www.wellongpack.com\/wp-content\/uploads\/2023\/06\/2-93-800x800.jpg 800w, https:\/\/www.wellongpack.com\/wp-content\/uploads\/2023\/06\/2-93-768x768.jpg 768w, https:\/\/www.wellongpack.com\/wp-content\/uploads\/2023\/06\/2-93-860x860.jpg 860w\" sizes=\"auto, (max-width: 960px) 100vw, 960px\" \/> <img loading=\"lazy\" decoding=\"async\" class=\"alignnone size-full wp-image-10511\" src=\"https:\/\/www.wellongpack.com\/wp-content\/uploads\/2023\/06\/3-77.jpg\" alt=\"\" width=\"800\" height=\"800\" srcset=\"https:\/\/www.wellongpack.com\/wp-content\/uploads\/2023\/06\/3-77.jpg 800w, https:\/\/www.wellongpack.com\/wp-content\/uploads\/2023\/06\/3-77-430x430.jpg 430w, https:\/\/www.wellongpack.com\/wp-content\/uploads\/2023\/06\/3-77-150x150.jpg 150w, https:\/\/www.wellongpack.com\/wp-content\/uploads\/2023\/06\/3-77-700x700.jpg 700w, https:\/\/www.wellongpack.com\/wp-content\/uploads\/2023\/06\/3-77-300x300.jpg 300w, https:\/\/www.wellongpack.com\/wp-content\/uploads\/2023\/06\/3-77-768x768.jpg 768w\" sizes=\"auto, (max-width: 800px) 100vw, 800px\" \/> <img loading=\"lazy\" decoding=\"async\" class=\"alignnone size-full wp-image-10512\" src=\"https:\/\/www.wellongpack.com\/wp-content\/uploads\/2023\/06\/4-43.jpg\" alt=\"\" width=\"800\" height=\"800\" srcset=\"https:\/\/www.wellongpack.com\/wp-content\/uploads\/2023\/06\/4-43.jpg 800w, https:\/\/www.wellongpack.com\/wp-content\/uploads\/2023\/06\/4-43-430x430.jpg 430w, https:\/\/www.wellongpack.com\/wp-content\/uploads\/2023\/06\/4-43-150x150.jpg 150w, https:\/\/www.wellongpack.com\/wp-content\/uploads\/2023\/06\/4-43-700x700.jpg 700w, https:\/\/www.wellongpack.com\/wp-content\/uploads\/2023\/06\/4-43-300x300.jpg 300w, https:\/\/www.wellongpack.com\/wp-content\/uploads\/2023\/06\/4-43-768x768.jpg 768w\" sizes=\"auto, (max-width: 800px) 100vw, 800px\" \/> <img loading=\"lazy\" decoding=\"async\" class=\"alignnone size-full wp-image-10513\" src=\"https:\/\/www.wellongpack.com\/wp-content\/uploads\/2023\/06\/5-25.jpg\" alt=\"\" width=\"960\" height=\"960\" srcset=\"https:\/\/www.wellongpack.com\/wp-content\/uploads\/2023\/06\/5-25.jpg 960w, https:\/\/www.wellongpack.com\/wp-content\/uploads\/2023\/06\/5-25-430x430.jpg 430w, https:\/\/www.wellongpack.com\/wp-content\/uploads\/2023\/06\/5-25-150x150.jpg 150w, https:\/\/www.wellongpack.com\/wp-content\/uploads\/2023\/06\/5-25-700x700.jpg 700w, https:\/\/www.wellongpack.com\/wp-content\/uploads\/2023\/06\/5-25-300x300.jpg 300w, https:\/\/www.wellongpack.com\/wp-content\/uploads\/2023\/06\/5-25-800x800.jpg 800w, https:\/\/www.wellongpack.com\/wp-content\/uploads\/2023\/06\/5-25-768x768.jpg 768w, https:\/\/www.wellongpack.com\/wp-content\/uploads\/2023\/06\/5-25-860x860.jpg 860w\" sizes=\"auto, (max-width: 960px) 100vw, 960px\" \/> <img loading=\"lazy\" decoding=\"async\" class=\"alignnone size-full wp-image-10514\" src=\"https:\/\/www.wellongpack.com\/wp-content\/uploads\/2023\/06\/615934f5faf520105a1e84b824cb78c0_H165dacd3f40c48e0be3c83d774419de7U-1.jpg_960x960-1.jpg\" alt=\"\" width=\"960\" height=\"960\" srcset=\"https:\/\/www.wellongpack.com\/wp-content\/uploads\/2023\/06\/615934f5faf520105a1e84b824cb78c0_H165dacd3f40c48e0be3c83d774419de7U-1.jpg_960x960-1.jpg 960w, https:\/\/www.wellongpack.com\/wp-content\/uploads\/2023\/06\/615934f5faf520105a1e84b824cb78c0_H165dacd3f40c48e0be3c83d774419de7U-1.jpg_960x960-1-430x430.jpg 430w, https:\/\/www.wellongpack.com\/wp-content\/uploads\/2023\/06\/615934f5faf520105a1e84b824cb78c0_H165dacd3f40c48e0be3c83d774419de7U-1.jpg_960x960-1-150x150.jpg 150w, https:\/\/www.wellongpack.com\/wp-content\/uploads\/2023\/06\/615934f5faf520105a1e84b824cb78c0_H165dacd3f40c48e0be3c83d774419de7U-1.jpg_960x960-1-700x700.jpg 700w, https:\/\/www.wellongpack.com\/wp-content\/uploads\/2023\/06\/615934f5faf520105a1e84b824cb78c0_H165dacd3f40c48e0be3c83d774419de7U-1.jpg_960x960-1-300x300.jpg 300w, https:\/\/www.wellongpack.com\/wp-content\/uploads\/2023\/06\/615934f5faf520105a1e84b824cb78c0_H165dacd3f40c48e0be3c83d774419de7U-1.jpg_960x960-1-800x800.jpg 800w, https:\/\/www.wellongpack.com\/wp-content\/uploads\/2023\/06\/615934f5faf520105a1e84b824cb78c0_H165dacd3f40c48e0be3c83d774419de7U-1.jpg_960x960-1-768x768.jpg 768w, https:\/\/www.wellongpack.com\/wp-content\/uploads\/2023\/06\/615934f5faf520105a1e84b824cb78c0_H165dacd3f40c48e0be3c83d774419de7U-1.jpg_960x960-1-860x860.jpg 860w\" sizes=\"auto, (max-width: 960px) 100vw, 960px\" \/> <img loading=\"lazy\" decoding=\"async\" class=\"alignnone size-full wp-image-10515\" src=\"https:\/\/www.wellongpack.com\/wp-content\/uploads\/2023\/06\/ae2a492aaa7ff3aba020678b76919de9_H3fec944ca3b84ae8a86d2727bd93feaex-1.jpg_960x960-1.jpg\" alt=\"\" width=\"960\" height=\"640\" srcset=\"https:\/\/www.wellongpack.com\/wp-content\/uploads\/2023\/06\/ae2a492aaa7ff3aba020678b76919de9_H3fec944ca3b84ae8a86d2727bd93feaex-1.jpg_960x960-1.jpg 960w, https:\/\/www.wellongpack.com\/wp-content\/uploads\/2023\/06\/ae2a492aaa7ff3aba020678b76919de9_H3fec944ca3b84ae8a86d2727bd93feaex-1.jpg_960x960-1-430x287.jpg 430w, https:\/\/www.wellongpack.com\/wp-content\/uploads\/2023\/06\/ae2a492aaa7ff3aba020678b76919de9_H3fec944ca3b84ae8a86d2727bd93feaex-1.jpg_960x960-1-150x100.jpg 150w, https:\/\/www.wellongpack.com\/wp-content\/uploads\/2023\/06\/ae2a492aaa7ff3aba020678b76919de9_H3fec944ca3b84ae8a86d2727bd93feaex-1.jpg_960x960-1-700x467.jpg 700w, https:\/\/www.wellongpack.com\/wp-content\/uploads\/2023\/06\/ae2a492aaa7ff3aba020678b76919de9_H3fec944ca3b84ae8a86d2727bd93feaex-1.jpg_960x960-1-400x267.jpg 400w, https:\/\/www.wellongpack.com\/wp-content\/uploads\/2023\/06\/ae2a492aaa7ff3aba020678b76919de9_H3fec944ca3b84ae8a86d2727bd93feaex-1.jpg_960x960-1-768x512.jpg 768w, https:\/\/www.wellongpack.com\/wp-content\/uploads\/2023\/06\/ae2a492aaa7ff3aba020678b76919de9_H3fec944ca3b84ae8a86d2727bd93feaex-1.jpg_960x960-1-860x573.jpg 860w\" sizes=\"auto, (max-width: 960px) 100vw, 960px\" \/> <img loading=\"lazy\" decoding=\"async\" class=\"alignnone size-full wp-image-10516\" src=\"https:\/\/www.wellongpack.com\/wp-content\/uploads\/2023\/06\/b082d7af8625646ae12a3317ce9e487d_Hc4695cc95f3045078bce85f783498741o-1.jpg_960x960-1.jpg\" alt=\"\" width=\"960\" height=\"640\" srcset=\"https:\/\/www.wellongpack.com\/wp-content\/uploads\/2023\/06\/b082d7af8625646ae12a3317ce9e487d_Hc4695cc95f3045078bce85f783498741o-1.jpg_960x960-1.jpg 960w, https:\/\/www.wellongpack.com\/wp-content\/uploads\/2023\/06\/b082d7af8625646ae12a3317ce9e487d_Hc4695cc95f3045078bce85f783498741o-1.jpg_960x960-1-430x287.jpg 430w, https:\/\/www.wellongpack.com\/wp-content\/uploads\/2023\/06\/b082d7af8625646ae12a3317ce9e487d_Hc4695cc95f3045078bce85f783498741o-1.jpg_960x960-1-150x100.jpg 150w, https:\/\/www.wellongpack.com\/wp-content\/uploads\/2023\/06\/b082d7af8625646ae12a3317ce9e487d_Hc4695cc95f3045078bce85f783498741o-1.jpg_960x960-1-700x467.jpg 700w, https:\/\/www.wellongpack.com\/wp-content\/uploads\/2023\/06\/b082d7af8625646ae12a3317ce9e487d_Hc4695cc95f3045078bce85f783498741o-1.jpg_960x960-1-400x267.jpg 400w, https:\/\/www.wellongpack.com\/wp-content\/uploads\/2023\/06\/b082d7af8625646ae12a3317ce9e487d_Hc4695cc95f3045078bce85f783498741o-1.jpg_960x960-1-768x512.jpg 768w, https:\/\/www.wellongpack.com\/wp-content\/uploads\/2023\/06\/b082d7af8625646ae12a3317ce9e487d_Hc4695cc95f3045078bce85f783498741o-1.jpg_960x960-1-860x573.jpg 860w\" sizes=\"auto, (max-width: 960px) 100vw, 960px\" \/> <img loading=\"lazy\" decoding=\"async\" class=\"alignnone size-full wp-image-10517\" src=\"https:\/\/www.wellongpack.com\/wp-content\/uploads\/2023\/06\/changzhou-huisu-qinye.jpg\" alt=\"\" width=\"800\" height=\"800\" srcset=\"https:\/\/www.wellongpack.com\/wp-content\/uploads\/2023\/06\/changzhou-huisu-qinye.jpg 800w, https:\/\/www.wellongpack.com\/wp-content\/uploads\/2023\/06\/changzhou-huisu-qinye-430x430.jpg 430w, https:\/\/www.wellongpack.com\/wp-content\/uploads\/2023\/06\/changzhou-huisu-qinye-150x150.jpg 150w, https:\/\/www.wellongpack.com\/wp-content\/uploads\/2023\/06\/changzhou-huisu-qinye-700x700.jpg 700w, https:\/\/www.wellongpack.com\/wp-content\/uploads\/2023\/06\/changzhou-huisu-qinye-300x300.jpg 300w, https:\/\/www.wellongpack.com\/wp-content\/uploads\/2023\/06\/changzhou-huisu-qinye-768x768.jpg 768w\" sizes=\"auto, (max-width: 800px) 100vw, 800px\" \/><\/p>","protected":false},"excerpt":{"rendered":"<p>PET is strong, lightweight and completely recyclable. The high strength of PET in comparison to its lightweight makes it very<\/p>","protected":false},"featured_media":10501,"comment_status":"open","ping_status":"closed","template":"","meta":[],"product_cat":[70,118],"product_tag":[],"class_list":["post-10500","product","type-product","status-publish","has-post-thumbnail","hentry","product_cat-foodservice-packaging","product_cat-plastic-container"],"_links":{"self":[{"href":"https:\/\/www.wellongpack.com\/fr\/wp-json\/wp\/v2\/product\/10500","targetHints":{"allow":["GET"]}}],"collection":[{"href":"https:\/\/www.wellongpack.com\/fr\/wp-json\/wp\/v2\/product"}],"about":[{"href":"https:\/\/www.wellongpack.com\/fr\/wp-json\/wp\/v2\/types\/product"}],"replies":[{"embeddable":true,"href":"https:\/\/www.wellongpack.com\/fr\/wp-json\/wp\/v2\/comments?post=10500"}],"version-history":[{"count":1,"href":"https:\/\/www.wellongpack.com\/fr\/wp-json\/wp\/v2\/product\/10500\/revisions"}],"predecessor-version":[{"id":10518,"href":"https:\/\/www.wellongpack.com\/fr\/wp-json\/wp\/v2\/product\/10500\/revisions\/10518"}],"wp:featuredmedia":[{"embeddable":true,"href":"https:\/\/www.wellongpack.com\/fr\/wp-json\/wp\/v2\/media\/10501"}],"wp:attachment":[{"href":"https:\/\/www.wellongpack.com\/fr\/wp-json\/wp\/v2\/media?parent=10500"}],"wp:term":[{"taxonomy":"product_cat","embeddable":true,"href":"https:\/\/www.wellongpack.com\/fr\/wp-json\/wp\/v2\/product_cat?post=10500"},{"taxonomy":"product_tag","embeddable":true,"href":"https:\/\/www.wellongpack.com\/fr\/wp-json\/wp\/v2\/product_tag?post=10500"}],"curies":[{"name":"wp","href":"https:\/\/api.w.org\/{rel}","templated":true}]}}