
{"id":10297,"date":"2023-06-04T17:35:34","date_gmt":"2023-06-04T09:35:34","guid":{"rendered":"http:\/\/75.webs.svipwebs.com\/?post_type=product&#038;p=10297"},"modified":"2023-06-13T09:55:25","modified_gmt":"2023-06-13T01:55:25","slug":"coffee-cup-with-handle-2","status":"publish","type":"product","link":"https:\/\/www.wellongpack.com\/fr\/produit\/tasse-a-cafe-avec-poignee-2\/","title":{"rendered":"tasse \u00e0 caf\u00e9 avec anse"},"content":{"rendered":"<p><strong><b>Nos gobelets \u00e0 caf\u00e9 en papier sont adapt\u00e9s \u00e0 des temp\u00e9ratures de boissons allant jusqu'\u00e0 205 F, offrant une exp\u00e9rience de consommation s\u00fbre et confortable. Que vous sirotiez un caf\u00e9 au lait ou une tasse de cacao, vous pouvez compter sur nos gobelets \u00e0 caf\u00e9 pour garder votre boisson chaude et vos mains au frais.<\/b><\/strong><\/p>\n<p><img loading=\"lazy\" decoding=\"async\" class=\"alignnone wp-image-10298\" src=\"https:\/\/www.wellongpack.com\/wp-content\/uploads\/2023\/06\/1-83.jpg\" alt=\"\" width=\"700\" height=\"758\" srcset=\"https:\/\/www.wellongpack.com\/wp-content\/uploads\/2023\/06\/1-83.jpg 569w, https:\/\/www.wellongpack.com\/wp-content\/uploads\/2023\/06\/1-83-430x466.jpg 430w, https:\/\/www.wellongpack.com\/wp-content\/uploads\/2023\/06\/1-83-150x162.jpg 150w, https:\/\/www.wellongpack.com\/wp-content\/uploads\/2023\/06\/1-83-277x300.jpg 277w\" sizes=\"auto, (max-width: 700px) 100vw, 700px\" \/> <img loading=\"lazy\" decoding=\"async\" class=\"alignnone wp-image-10299\" src=\"https:\/\/www.wellongpack.com\/wp-content\/uploads\/2023\/06\/2-80.jpg\" alt=\"\" width=\"700\" height=\"700\" srcset=\"https:\/\/www.wellongpack.com\/wp-content\/uploads\/2023\/06\/2-80.jpg 780w, https:\/\/www.wellongpack.com\/wp-content\/uploads\/2023\/06\/2-80-430x430.jpg 430w, https:\/\/www.wellongpack.com\/wp-content\/uploads\/2023\/06\/2-80-150x150.jpg 150w, https:\/\/www.wellongpack.com\/wp-content\/uploads\/2023\/06\/2-80-700x700.jpg 700w, https:\/\/www.wellongpack.com\/wp-content\/uploads\/2023\/06\/2-80-300x300.jpg 300w, https:\/\/www.wellongpack.com\/wp-content\/uploads\/2023\/06\/2-80-768x768.jpg 768w\" sizes=\"auto, (max-width: 700px) 100vw, 700px\" \/> <img loading=\"lazy\" decoding=\"async\" class=\"alignnone wp-image-10300\" src=\"https:\/\/www.wellongpack.com\/wp-content\/uploads\/2023\/06\/3-65.jpg\" alt=\"\" width=\"700\" height=\"700\" srcset=\"https:\/\/www.wellongpack.com\/wp-content\/uploads\/2023\/06\/3-65.jpg 800w, https:\/\/www.wellongpack.com\/wp-content\/uploads\/2023\/06\/3-65-430x430.jpg 430w, https:\/\/www.wellongpack.com\/wp-content\/uploads\/2023\/06\/3-65-150x150.jpg 150w, https:\/\/www.wellongpack.com\/wp-content\/uploads\/2023\/06\/3-65-700x700.jpg 700w, https:\/\/www.wellongpack.com\/wp-content\/uploads\/2023\/06\/3-65-300x300.jpg 300w, https:\/\/www.wellongpack.com\/wp-content\/uploads\/2023\/06\/3-65-768x768.jpg 768w\" sizes=\"auto, (max-width: 700px) 100vw, 700px\" \/> <img loading=\"lazy\" decoding=\"async\" class=\"alignnone wp-image-10301\" src=\"https:\/\/www.wellongpack.com\/wp-content\/uploads\/2023\/06\/4-34.jpg\" alt=\"\" width=\"700\" height=\"700\" srcset=\"https:\/\/www.wellongpack.com\/wp-content\/uploads\/2023\/06\/4-34.jpg 780w, https:\/\/www.wellongpack.com\/wp-content\/uploads\/2023\/06\/4-34-430x430.jpg 430w, https:\/\/www.wellongpack.com\/wp-content\/uploads\/2023\/06\/4-34-150x150.jpg 150w, https:\/\/www.wellongpack.com\/wp-content\/uploads\/2023\/06\/4-34-700x700.jpg 700w, https:\/\/www.wellongpack.com\/wp-content\/uploads\/2023\/06\/4-34-300x300.jpg 300w, https:\/\/www.wellongpack.com\/wp-content\/uploads\/2023\/06\/4-34-768x768.jpg 768w\" sizes=\"auto, (max-width: 700px) 100vw, 700px\" \/> <img loading=\"lazy\" decoding=\"async\" class=\"alignnone wp-image-10302\" src=\"https:\/\/www.wellongpack.com\/wp-content\/uploads\/2023\/06\/5-17.jpg\" alt=\"\" width=\"700\" height=\"700\" srcset=\"https:\/\/www.wellongpack.com\/wp-content\/uploads\/2023\/06\/5-17.jpg 800w, https:\/\/www.wellongpack.com\/wp-content\/uploads\/2023\/06\/5-17-430x430.jpg 430w, https:\/\/www.wellongpack.com\/wp-content\/uploads\/2023\/06\/5-17-150x150.jpg 150w, https:\/\/www.wellongpack.com\/wp-content\/uploads\/2023\/06\/5-17-700x700.jpg 700w, https:\/\/www.wellongpack.com\/wp-content\/uploads\/2023\/06\/5-17-300x300.jpg 300w, https:\/\/www.wellongpack.com\/wp-content\/uploads\/2023\/06\/5-17-768x768.jpg 768w\" sizes=\"auto, (max-width: 700px) 100vw, 700px\" \/> <img loading=\"lazy\" decoding=\"async\" class=\"alignnone wp-image-10303\" src=\"https:\/\/www.wellongpack.com\/wp-content\/uploads\/2023\/06\/6-7.jpg\" alt=\"\" width=\"700\" height=\"700\" srcset=\"https:\/\/www.wellongpack.com\/wp-content\/uploads\/2023\/06\/6-7.jpg 800w, https:\/\/www.wellongpack.com\/wp-content\/uploads\/2023\/06\/6-7-430x430.jpg 430w, https:\/\/www.wellongpack.com\/wp-content\/uploads\/2023\/06\/6-7-150x150.jpg 150w, https:\/\/www.wellongpack.com\/wp-content\/uploads\/2023\/06\/6-7-700x700.jpg 700w, https:\/\/www.wellongpack.com\/wp-content\/uploads\/2023\/06\/6-7-300x300.jpg 300w, https:\/\/www.wellongpack.com\/wp-content\/uploads\/2023\/06\/6-7-768x768.jpg 768w\" sizes=\"auto, (max-width: 700px) 100vw, 700px\" \/> <img loading=\"lazy\" decoding=\"async\" class=\"alignnone wp-image-10304\" src=\"https:\/\/www.wellongpack.com\/wp-content\/uploads\/2023\/06\/8.jpg\" alt=\"\" width=\"700\" height=\"933\" srcset=\"https:\/\/www.wellongpack.com\/wp-content\/uploads\/2023\/06\/8.jpg 600w, https:\/\/www.wellongpack.com\/wp-content\/uploads\/2023\/06\/8-430x573.jpg 430w, https:\/\/www.wellongpack.com\/wp-content\/uploads\/2023\/06\/8-150x200.jpg 150w, https:\/\/www.wellongpack.com\/wp-content\/uploads\/2023\/06\/8-225x300.jpg 225w\" sizes=\"auto, (max-width: 700px) 100vw, 700px\" \/><\/p>","protected":false},"excerpt":{"rendered":"<p>Our paper coffee cups are suitable for beverage temperatures up to 205 F, providing a safe and comfortable drinking experience.<\/p>","protected":false},"featured_media":10298,"comment_status":"open","ping_status":"closed","template":"","meta":[],"product_cat":[108,70,110,109],"product_tag":[],"class_list":["post-10297","product","type-product","status-publish","has-post-thumbnail","hentry","product_cat-cups-and-lids","product_cat-foodservice-packaging","product_cat-paper-cup","product_cat-paper-cup-lids"],"_links":{"self":[{"href":"https:\/\/www.wellongpack.com\/fr\/wp-json\/wp\/v2\/product\/10297","targetHints":{"allow":["GET"]}}],"collection":[{"href":"https:\/\/www.wellongpack.com\/fr\/wp-json\/wp\/v2\/product"}],"about":[{"href":"https:\/\/www.wellongpack.com\/fr\/wp-json\/wp\/v2\/types\/product"}],"replies":[{"embeddable":true,"href":"https:\/\/www.wellongpack.com\/fr\/wp-json\/wp\/v2\/comments?post=10297"}],"version-history":[{"count":2,"href":"https:\/\/www.wellongpack.com\/fr\/wp-json\/wp\/v2\/product\/10297\/revisions"}],"predecessor-version":[{"id":10691,"href":"https:\/\/www.wellongpack.com\/fr\/wp-json\/wp\/v2\/product\/10297\/revisions\/10691"}],"wp:featuredmedia":[{"embeddable":true,"href":"https:\/\/www.wellongpack.com\/fr\/wp-json\/wp\/v2\/media\/10298"}],"wp:attachment":[{"href":"https:\/\/www.wellongpack.com\/fr\/wp-json\/wp\/v2\/media?parent=10297"}],"wp:term":[{"taxonomy":"product_cat","embeddable":true,"href":"https:\/\/www.wellongpack.com\/fr\/wp-json\/wp\/v2\/product_cat?post=10297"},{"taxonomy":"product_tag","embeddable":true,"href":"https:\/\/www.wellongpack.com\/fr\/wp-json\/wp\/v2\/product_tag?post=10297"}],"curies":[{"name":"wp","href":"https:\/\/api.w.org\/{rel}","templated":true}]}}