
{"id":10213,"date":"2023-06-02T23:58:39","date_gmt":"2023-06-02T15:58:39","guid":{"rendered":"http:\/\/75.webs.svipwebs.com\/?post_type=product&#038;p=10213"},"modified":"2025-11-06T06:03:20","modified_gmt":"2025-11-05T22:03:20","slug":"rice-straw-2","status":"publish","type":"product","link":"https:\/\/www.wellongpack.com\/fr\/produit\/riz-paille-2\/","title":{"rendered":"Paille de riz"},"content":{"rendered":"<p>La paille de riz est compos\u00e9e de riz et de manioc (le manioc est la mati\u00e8re premi\u00e8re utilis\u00e9e pour fabriquer les perles du th\u00e9 au lait en bulles, ce qui rend la paille solide et r\u00e9sistante, et sa surface est plus lisse), et est fabriqu\u00e9e par un proc\u00e9d\u00e9 d'extrusion par soufflage. Son apparence n'est pas diff\u00e9rente de celle des pailles en plastique ordinaires. La surface des pailles de riz est lisse, r\u00e9sistante et flexible. Par rapport aux pailles en plastique ordinaires, les pailles de riz peuvent \u00eatre mang\u00e9es directement, et leur go\u00fbt est croustillant et croquant, comme celui d'un croissant de riz ordinaire. Les mati\u00e8res premi\u00e8res peuvent \u00e9galement \u00eatre adapt\u00e9es pour fabriquer des pailles de diff\u00e9rentes couleurs. La paille de riz fabriqu\u00e9e par le proc\u00e9d\u00e9 d'extrusion par soufflage peut \u00eatre tremp\u00e9e dans des boissons chaudes pendant 2 \u00e0 3 heures et dans des boissons froides pendant 5 \u00e0 10 heures. En outre, la paille de riz est enti\u00e8rement d\u00e9gradable et plus respectueuse de l'environnement. Elle peut remplacer les pailles en plastique et ne pollue pas l'environnement comme celles-ci. Elle r\u00e9pond \u00e9galement aux exigences des r\u00e9glementations multinationales.<\/p>","protected":false},"excerpt":{"rendered":"<p>La paille de riz est compos\u00e9e de riz et de manioc (le manioc est la mati\u00e8re premi\u00e8re pour la fabrication des perles dans le lait \u00e0 bulles).<\/p>","protected":false},"featured_media":10214,"comment_status":"open","ping_status":"closed","template":"","meta":[],"product_cat":[20,154],"product_tag":[],"class_list":["post-10213","product","type-product","status-publish","has-post-thumbnail","hentry","product_cat-all-products","product_cat-top"],"_links":{"self":[{"href":"https:\/\/www.wellongpack.com\/fr\/wp-json\/wp\/v2\/product\/10213","targetHints":{"allow":["GET"]}}],"collection":[{"href":"https:\/\/www.wellongpack.com\/fr\/wp-json\/wp\/v2\/product"}],"about":[{"href":"https:\/\/www.wellongpack.com\/fr\/wp-json\/wp\/v2\/types\/product"}],"replies":[{"embeddable":true,"href":"https:\/\/www.wellongpack.com\/fr\/wp-json\/wp\/v2\/comments?post=10213"}],"version-history":[{"count":1,"href":"https:\/\/www.wellongpack.com\/fr\/wp-json\/wp\/v2\/product\/10213\/revisions"}],"predecessor-version":[{"id":10215,"href":"https:\/\/www.wellongpack.com\/fr\/wp-json\/wp\/v2\/product\/10213\/revisions\/10215"}],"wp:featuredmedia":[{"embeddable":true,"href":"https:\/\/www.wellongpack.com\/fr\/wp-json\/wp\/v2\/media\/10214"}],"wp:attachment":[{"href":"https:\/\/www.wellongpack.com\/fr\/wp-json\/wp\/v2\/media?parent=10213"}],"wp:term":[{"taxonomy":"product_cat","embeddable":true,"href":"https:\/\/www.wellongpack.com\/fr\/wp-json\/wp\/v2\/product_cat?post=10213"},{"taxonomy":"product_tag","embeddable":true,"href":"https:\/\/www.wellongpack.com\/fr\/wp-json\/wp\/v2\/product_tag?post=10213"}],"curies":[{"name":"wp","href":"https:\/\/api.w.org\/{rel}","templated":true}]}}