
{"id":10203,"date":"2023-06-02T23:55:09","date_gmt":"2023-06-02T15:55:09","guid":{"rendered":"http:\/\/75.webs.svipwebs.com\/?post_type=product&#038;p=10203"},"modified":"2026-01-08T23:25:55","modified_gmt":"2026-01-08T15:25:55","slug":"molded-pulp-box","status":"publish","type":"product","link":"https:\/\/www.wellongpack.com\/fr\/produit\/boite-en-pate-moulee\/","title":{"rendered":"Bo\u00eete de p\u00e2te \u00e0 papier moul\u00e9e"},"content":{"rendered":"<p>Ces bo\u00eetes et plateaux en p\u00e2te moul\u00e9e sont fabriqu\u00e9s \u00e0 partir de fibres de bagasse de canne \u00e0 sucre. Il s'agit d'une ressource renouvelable dont le cycle de croissance est court. Les mat\u00e9riaux et le processus de production sont respectueux de l'environnement. Les produits finis sont enti\u00e8rement biod\u00e9gradables.<\/p>","protected":false},"excerpt":{"rendered":"<p>Ces bo\u00eetes et plateaux en p\u00e2te moul\u00e9e sont fabriqu\u00e9s \u00e0 partir de fibres de bagasse de canne \u00e0 sucre. Il s'agit d'une ressource renouvelable dont le cycle de croissance est court.<\/p>","protected":false},"featured_media":10204,"comment_status":"open","ping_status":"closed","template":"","meta":[],"product_cat":[20,154],"product_tag":[],"class_list":["post-10203","product","type-product","status-publish","has-post-thumbnail","hentry","product_cat-all-products","product_cat-top"],"_links":{"self":[{"href":"https:\/\/www.wellongpack.com\/fr\/wp-json\/wp\/v2\/product\/10203","targetHints":{"allow":["GET"]}}],"collection":[{"href":"https:\/\/www.wellongpack.com\/fr\/wp-json\/wp\/v2\/product"}],"about":[{"href":"https:\/\/www.wellongpack.com\/fr\/wp-json\/wp\/v2\/types\/product"}],"replies":[{"embeddable":true,"href":"https:\/\/www.wellongpack.com\/fr\/wp-json\/wp\/v2\/comments?post=10203"}],"version-history":[{"count":1,"href":"https:\/\/www.wellongpack.com\/fr\/wp-json\/wp\/v2\/product\/10203\/revisions"}],"predecessor-version":[{"id":10205,"href":"https:\/\/www.wellongpack.com\/fr\/wp-json\/wp\/v2\/product\/10203\/revisions\/10205"}],"wp:featuredmedia":[{"embeddable":true,"href":"https:\/\/www.wellongpack.com\/fr\/wp-json\/wp\/v2\/media\/10204"}],"wp:attachment":[{"href":"https:\/\/www.wellongpack.com\/fr\/wp-json\/wp\/v2\/media?parent=10203"}],"wp:term":[{"taxonomy":"product_cat","embeddable":true,"href":"https:\/\/www.wellongpack.com\/fr\/wp-json\/wp\/v2\/product_cat?post=10203"},{"taxonomy":"product_tag","embeddable":true,"href":"https:\/\/www.wellongpack.com\/fr\/wp-json\/wp\/v2\/product_tag?post=10203"}],"curies":[{"name":"wp","href":"https:\/\/api.w.org\/{rel}","templated":true}]}}