
{"id":10170,"date":"2023-06-01T15:34:31","date_gmt":"2023-06-01T07:34:31","guid":{"rendered":"http:\/\/75.webs.svipwebs.com\/?post_type=product&#038;p=10170"},"modified":"2023-06-01T15:34:31","modified_gmt":"2023-06-01T07:34:31","slug":"vinyl-glove","status":"publish","type":"product","link":"https:\/\/www.wellongpack.com\/fr\/produit\/gant-en-vinyle\/","title":{"rendered":"Gant en vinyle"},"content":{"rendered":"<p>Fabriqu\u00e9s dans un mat\u00e9riau robuste, ces gants en vinyle sont parfaits pour un usage industriel ou quotidien. Chaque gant pr\u00e9sente une surface lisse qui permet une manipulation d\u00e9licate des objets, et la manchette perl\u00e9e permet de les enfiler et de les retirer facilement.<\/p>\n<p><img loading=\"lazy\" decoding=\"async\" class=\"alignnone size-full wp-image-10171\" src=\"https:\/\/www.wellongpack.com\/wp-content\/uploads\/2023\/06\/1-78.jpg\" alt=\"\" width=\"1024\" height=\"1024\" srcset=\"https:\/\/www.wellongpack.com\/wp-content\/uploads\/2023\/06\/1-78.jpg 1024w, https:\/\/www.wellongpack.com\/wp-content\/uploads\/2023\/06\/1-78-430x430.jpg 430w, https:\/\/www.wellongpack.com\/wp-content\/uploads\/2023\/06\/1-78-150x150.jpg 150w, https:\/\/www.wellongpack.com\/wp-content\/uploads\/2023\/06\/1-78-700x700.jpg 700w, https:\/\/www.wellongpack.com\/wp-content\/uploads\/2023\/06\/1-78-300x300.jpg 300w, https:\/\/www.wellongpack.com\/wp-content\/uploads\/2023\/06\/1-78-800x800.jpg 800w, https:\/\/www.wellongpack.com\/wp-content\/uploads\/2023\/06\/1-78-768x768.jpg 768w, https:\/\/www.wellongpack.com\/wp-content\/uploads\/2023\/06\/1-78-860x860.jpg 860w\" sizes=\"auto, (max-width: 1024px) 100vw, 1024px\" \/> <img loading=\"lazy\" decoding=\"async\" class=\"alignnone size-full wp-image-10172\" src=\"https:\/\/www.wellongpack.com\/wp-content\/uploads\/2023\/06\/2-75.jpg\" alt=\"\" width=\"800\" height=\"800\" srcset=\"https:\/\/www.wellongpack.com\/wp-content\/uploads\/2023\/06\/2-75.jpg 800w, https:\/\/www.wellongpack.com\/wp-content\/uploads\/2023\/06\/2-75-430x430.jpg 430w, https:\/\/www.wellongpack.com\/wp-content\/uploads\/2023\/06\/2-75-150x150.jpg 150w, https:\/\/www.wellongpack.com\/wp-content\/uploads\/2023\/06\/2-75-700x700.jpg 700w, https:\/\/www.wellongpack.com\/wp-content\/uploads\/2023\/06\/2-75-300x300.jpg 300w, https:\/\/www.wellongpack.com\/wp-content\/uploads\/2023\/06\/2-75-768x768.jpg 768w\" sizes=\"auto, (max-width: 800px) 100vw, 800px\" \/> <img loading=\"lazy\" decoding=\"async\" class=\"alignnone size-full wp-image-10173\" src=\"https:\/\/www.wellongpack.com\/wp-content\/uploads\/2023\/06\/3-61.jpg\" alt=\"\" width=\"750\" height=\"750\" srcset=\"https:\/\/www.wellongpack.com\/wp-content\/uploads\/2023\/06\/3-61.jpg 750w, https:\/\/www.wellongpack.com\/wp-content\/uploads\/2023\/06\/3-61-430x430.jpg 430w, https:\/\/www.wellongpack.com\/wp-content\/uploads\/2023\/06\/3-61-150x150.jpg 150w, https:\/\/www.wellongpack.com\/wp-content\/uploads\/2023\/06\/3-61-700x700.jpg 700w, https:\/\/www.wellongpack.com\/wp-content\/uploads\/2023\/06\/3-61-300x300.jpg 300w\" sizes=\"auto, (max-width: 750px) 100vw, 750px\" \/><\/p>","protected":false},"excerpt":{"rendered":"<p>Made from sturdy material, these Vinyl gloves are perfect for industrial or everyday use. Each glove features a smooth surface<\/p>","protected":false},"featured_media":10171,"comment_status":"open","ping_status":"closed","template":"","meta":[],"product_cat":[153,151],"product_tag":[],"class_list":["post-10170","product","type-product","status-publish","has-post-thumbnail","hentry","product_cat-gloves","product_cat-personal-protection"],"_links":{"self":[{"href":"https:\/\/www.wellongpack.com\/fr\/wp-json\/wp\/v2\/product\/10170","targetHints":{"allow":["GET"]}}],"collection":[{"href":"https:\/\/www.wellongpack.com\/fr\/wp-json\/wp\/v2\/product"}],"about":[{"href":"https:\/\/www.wellongpack.com\/fr\/wp-json\/wp\/v2\/types\/product"}],"replies":[{"embeddable":true,"href":"https:\/\/www.wellongpack.com\/fr\/wp-json\/wp\/v2\/comments?post=10170"}],"version-history":[{"count":1,"href":"https:\/\/www.wellongpack.com\/fr\/wp-json\/wp\/v2\/product\/10170\/revisions"}],"predecessor-version":[{"id":10174,"href":"https:\/\/www.wellongpack.com\/fr\/wp-json\/wp\/v2\/product\/10170\/revisions\/10174"}],"wp:featuredmedia":[{"embeddable":true,"href":"https:\/\/www.wellongpack.com\/fr\/wp-json\/wp\/v2\/media\/10171"}],"wp:attachment":[{"href":"https:\/\/www.wellongpack.com\/fr\/wp-json\/wp\/v2\/media?parent=10170"}],"wp:term":[{"taxonomy":"product_cat","embeddable":true,"href":"https:\/\/www.wellongpack.com\/fr\/wp-json\/wp\/v2\/product_cat?post=10170"},{"taxonomy":"product_tag","embeddable":true,"href":"https:\/\/www.wellongpack.com\/fr\/wp-json\/wp\/v2\/product_tag?post=10170"}],"curies":[{"name":"wp","href":"https:\/\/api.w.org\/{rel}","templated":true}]}}