
{"id":10164,"date":"2023-06-01T15:33:06","date_gmt":"2023-06-01T07:33:06","guid":{"rendered":"http:\/\/75.webs.svipwebs.com\/?post_type=product&#038;p=10164"},"modified":"2023-06-01T15:33:07","modified_gmt":"2023-06-01T07:33:07","slug":"nitrile-glove","status":"publish","type":"product","link":"https:\/\/www.wellongpack.com\/fr\/produit\/gant-en-nitrile\/","title":{"rendered":"Gant en nitrile"},"content":{"rendered":"<p>Fabriqu\u00e9s dans un mat\u00e9riau robuste, ces gants en nitrile sont parfaits pour un usage industriel ou quotidien. Chaque gant pr\u00e9sente une surface lisse qui permet une manipulation d\u00e9licate des objets, et la manchette perl\u00e9e permet de les enfiler et de les retirer facilement. De qualit\u00e9 examen et de qualit\u00e9 m\u00e9dicale.<\/p>\n<p><img loading=\"lazy\" decoding=\"async\" class=\"alignnone size-full wp-image-10165\" src=\"https:\/\/www.wellongpack.com\/wp-content\/uploads\/2023\/06\/1-77.jpg\" alt=\"\" width=\"1024\" height=\"1024\" srcset=\"https:\/\/www.wellongpack.com\/wp-content\/uploads\/2023\/06\/1-77.jpg 1024w, https:\/\/www.wellongpack.com\/wp-content\/uploads\/2023\/06\/1-77-430x430.jpg 430w, https:\/\/www.wellongpack.com\/wp-content\/uploads\/2023\/06\/1-77-150x150.jpg 150w, https:\/\/www.wellongpack.com\/wp-content\/uploads\/2023\/06\/1-77-700x700.jpg 700w, https:\/\/www.wellongpack.com\/wp-content\/uploads\/2023\/06\/1-77-300x300.jpg 300w, https:\/\/www.wellongpack.com\/wp-content\/uploads\/2023\/06\/1-77-800x800.jpg 800w, https:\/\/www.wellongpack.com\/wp-content\/uploads\/2023\/06\/1-77-768x768.jpg 768w, https:\/\/www.wellongpack.com\/wp-content\/uploads\/2023\/06\/1-77-860x860.jpg 860w\" sizes=\"auto, (max-width: 1024px) 100vw, 1024px\" \/> <img loading=\"lazy\" decoding=\"async\" class=\"alignnone size-full wp-image-10166\" src=\"https:\/\/www.wellongpack.com\/wp-content\/uploads\/2023\/06\/2-74.jpg\" alt=\"\" width=\"1024\" height=\"1024\" srcset=\"https:\/\/www.wellongpack.com\/wp-content\/uploads\/2023\/06\/2-74.jpg 1024w, https:\/\/www.wellongpack.com\/wp-content\/uploads\/2023\/06\/2-74-430x430.jpg 430w, https:\/\/www.wellongpack.com\/wp-content\/uploads\/2023\/06\/2-74-150x150.jpg 150w, https:\/\/www.wellongpack.com\/wp-content\/uploads\/2023\/06\/2-74-700x700.jpg 700w, https:\/\/www.wellongpack.com\/wp-content\/uploads\/2023\/06\/2-74-300x300.jpg 300w, https:\/\/www.wellongpack.com\/wp-content\/uploads\/2023\/06\/2-74-800x800.jpg 800w, https:\/\/www.wellongpack.com\/wp-content\/uploads\/2023\/06\/2-74-768x768.jpg 768w, https:\/\/www.wellongpack.com\/wp-content\/uploads\/2023\/06\/2-74-860x860.jpg 860w\" sizes=\"auto, (max-width: 1024px) 100vw, 1024px\" \/> <img loading=\"lazy\" decoding=\"async\" class=\"alignnone size-full wp-image-10167\" src=\"https:\/\/www.wellongpack.com\/wp-content\/uploads\/2023\/06\/3-60.jpg\" alt=\"\" width=\"800\" height=\"800\" srcset=\"https:\/\/www.wellongpack.com\/wp-content\/uploads\/2023\/06\/3-60.jpg 800w, https:\/\/www.wellongpack.com\/wp-content\/uploads\/2023\/06\/3-60-430x430.jpg 430w, https:\/\/www.wellongpack.com\/wp-content\/uploads\/2023\/06\/3-60-150x150.jpg 150w, https:\/\/www.wellongpack.com\/wp-content\/uploads\/2023\/06\/3-60-700x700.jpg 700w, https:\/\/www.wellongpack.com\/wp-content\/uploads\/2023\/06\/3-60-300x300.jpg 300w, https:\/\/www.wellongpack.com\/wp-content\/uploads\/2023\/06\/3-60-768x768.jpg 768w\" sizes=\"auto, (max-width: 800px) 100vw, 800px\" \/> <img loading=\"lazy\" decoding=\"async\" class=\"alignnone size-full wp-image-10168\" src=\"https:\/\/www.wellongpack.com\/wp-content\/uploads\/2023\/06\/4-33.jpg\" alt=\"\" width=\"1024\" height=\"1024\" srcset=\"https:\/\/www.wellongpack.com\/wp-content\/uploads\/2023\/06\/4-33.jpg 1024w, https:\/\/www.wellongpack.com\/wp-content\/uploads\/2023\/06\/4-33-430x430.jpg 430w, https:\/\/www.wellongpack.com\/wp-content\/uploads\/2023\/06\/4-33-150x150.jpg 150w, https:\/\/www.wellongpack.com\/wp-content\/uploads\/2023\/06\/4-33-700x700.jpg 700w, https:\/\/www.wellongpack.com\/wp-content\/uploads\/2023\/06\/4-33-300x300.jpg 300w, https:\/\/www.wellongpack.com\/wp-content\/uploads\/2023\/06\/4-33-800x800.jpg 800w, https:\/\/www.wellongpack.com\/wp-content\/uploads\/2023\/06\/4-33-768x768.jpg 768w, https:\/\/www.wellongpack.com\/wp-content\/uploads\/2023\/06\/4-33-860x860.jpg 860w\" sizes=\"auto, (max-width: 1024px) 100vw, 1024px\" \/><\/p>","protected":false},"excerpt":{"rendered":"<p>Made from sturdy material, these Nitrile gloves are perfect for industrial or everyday use. Each glove features a smooth surface<\/p>","protected":false},"featured_media":10165,"comment_status":"open","ping_status":"closed","template":"","meta":[],"product_cat":[153,151],"product_tag":[],"class_list":["post-10164","product","type-product","status-publish","has-post-thumbnail","hentry","product_cat-gloves","product_cat-personal-protection"],"_links":{"self":[{"href":"https:\/\/www.wellongpack.com\/fr\/wp-json\/wp\/v2\/product\/10164","targetHints":{"allow":["GET"]}}],"collection":[{"href":"https:\/\/www.wellongpack.com\/fr\/wp-json\/wp\/v2\/product"}],"about":[{"href":"https:\/\/www.wellongpack.com\/fr\/wp-json\/wp\/v2\/types\/product"}],"replies":[{"embeddable":true,"href":"https:\/\/www.wellongpack.com\/fr\/wp-json\/wp\/v2\/comments?post=10164"}],"version-history":[{"count":1,"href":"https:\/\/www.wellongpack.com\/fr\/wp-json\/wp\/v2\/product\/10164\/revisions"}],"predecessor-version":[{"id":10169,"href":"https:\/\/www.wellongpack.com\/fr\/wp-json\/wp\/v2\/product\/10164\/revisions\/10169"}],"wp:featuredmedia":[{"embeddable":true,"href":"https:\/\/www.wellongpack.com\/fr\/wp-json\/wp\/v2\/media\/10165"}],"wp:attachment":[{"href":"https:\/\/www.wellongpack.com\/fr\/wp-json\/wp\/v2\/media?parent=10164"}],"wp:term":[{"taxonomy":"product_cat","embeddable":true,"href":"https:\/\/www.wellongpack.com\/fr\/wp-json\/wp\/v2\/product_cat?post=10164"},{"taxonomy":"product_tag","embeddable":true,"href":"https:\/\/www.wellongpack.com\/fr\/wp-json\/wp\/v2\/product_tag?post=10164"}],"curies":[{"name":"wp","href":"https:\/\/api.w.org\/{rel}","templated":true}]}}