
{"id":10159,"date":"2023-06-01T15:31:36","date_gmt":"2023-06-01T07:31:36","guid":{"rendered":"http:\/\/75.webs.svipwebs.com\/?post_type=product&#038;p=10159"},"modified":"2023-06-01T15:31:37","modified_gmt":"2023-06-01T07:31:37","slug":"disposable-wipes","status":"publish","type":"product","link":"https:\/\/www.wellongpack.com\/fr\/produit\/lingettes-jetables\/","title":{"rendered":"Lingettes jetables"},"content":{"rendered":"<p>Les lingettes jetables sont fra\u00eeches, douces et efficaces pour un nettoyage vraiment rafra\u00eechissant. Elles sont con\u00e7ues avec la texture Cleaning Ripples et le pouvoir nettoyant de l'eau pour offrir une fra\u00eecheur durable. Les lingettes jetables sont pr\u00e9sent\u00e9es dans un emballage refermable pour pr\u00e9server la fra\u00eecheur et l'humidit\u00e9 entre les utilisations. Elles ne contiennent pas de plastique et sont fabriqu\u00e9es \u00e0 partir de fibres 100% biod\u00e9gradables.<\/p>\n<p><img loading=\"lazy\" decoding=\"async\" class=\"alignnone size-full wp-image-10160\" src=\"https:\/\/www.wellongpack.com\/wp-content\/uploads\/2023\/06\/1-76.jpg\" alt=\"\" width=\"1350\" height=\"1500\" srcset=\"https:\/\/www.wellongpack.com\/wp-content\/uploads\/2023\/06\/1-76.jpg 1350w, https:\/\/www.wellongpack.com\/wp-content\/uploads\/2023\/06\/1-76-430x478.jpg 430w, https:\/\/www.wellongpack.com\/wp-content\/uploads\/2023\/06\/1-76-150x167.jpg 150w, https:\/\/www.wellongpack.com\/wp-content\/uploads\/2023\/06\/1-76-700x778.jpg 700w, https:\/\/www.wellongpack.com\/wp-content\/uploads\/2023\/06\/1-76-270x300.jpg 270w, https:\/\/www.wellongpack.com\/wp-content\/uploads\/2023\/06\/1-76-720x800.jpg 720w, https:\/\/www.wellongpack.com\/wp-content\/uploads\/2023\/06\/1-76-768x853.jpg 768w, https:\/\/www.wellongpack.com\/wp-content\/uploads\/2023\/06\/1-76-860x956.jpg 860w\" sizes=\"auto, (max-width: 1350px) 100vw, 1350px\" \/> <img loading=\"lazy\" decoding=\"async\" class=\"alignnone size-full wp-image-10161\" src=\"https:\/\/www.wellongpack.com\/wp-content\/uploads\/2023\/06\/2-73.jpg\" alt=\"\" width=\"808\" height=\"808\" srcset=\"https:\/\/www.wellongpack.com\/wp-content\/uploads\/2023\/06\/2-73.jpg 808w, https:\/\/www.wellongpack.com\/wp-content\/uploads\/2023\/06\/2-73-430x430.jpg 430w, https:\/\/www.wellongpack.com\/wp-content\/uploads\/2023\/06\/2-73-150x150.jpg 150w, https:\/\/www.wellongpack.com\/wp-content\/uploads\/2023\/06\/2-73-700x700.jpg 700w, https:\/\/www.wellongpack.com\/wp-content\/uploads\/2023\/06\/2-73-300x300.jpg 300w, https:\/\/www.wellongpack.com\/wp-content\/uploads\/2023\/06\/2-73-800x800.jpg 800w, https:\/\/www.wellongpack.com\/wp-content\/uploads\/2023\/06\/2-73-768x768.jpg 768w\" sizes=\"auto, (max-width: 808px) 100vw, 808px\" \/> <img loading=\"lazy\" decoding=\"async\" class=\"alignnone size-full wp-image-10162\" src=\"https:\/\/www.wellongpack.com\/wp-content\/uploads\/2023\/06\/3-59.jpg\" alt=\"\" width=\"960\" height=\"960\" srcset=\"https:\/\/www.wellongpack.com\/wp-content\/uploads\/2023\/06\/3-59.jpg 960w, https:\/\/www.wellongpack.com\/wp-content\/uploads\/2023\/06\/3-59-430x430.jpg 430w, https:\/\/www.wellongpack.com\/wp-content\/uploads\/2023\/06\/3-59-150x150.jpg 150w, https:\/\/www.wellongpack.com\/wp-content\/uploads\/2023\/06\/3-59-700x700.jpg 700w, https:\/\/www.wellongpack.com\/wp-content\/uploads\/2023\/06\/3-59-300x300.jpg 300w, https:\/\/www.wellongpack.com\/wp-content\/uploads\/2023\/06\/3-59-800x800.jpg 800w, https:\/\/www.wellongpack.com\/wp-content\/uploads\/2023\/06\/3-59-768x768.jpg 768w, https:\/\/www.wellongpack.com\/wp-content\/uploads\/2023\/06\/3-59-860x860.jpg 860w\" sizes=\"auto, (max-width: 960px) 100vw, 960px\" \/><\/p>","protected":false},"excerpt":{"rendered":"<p>Flushable Wipes are fresh, gentle and effective for a truly refreshing clean. They are designed with Cleaning Ripples Texture and<\/p>","protected":false},"featured_media":10160,"comment_status":"open","ping_status":"closed","template":"","meta":[],"product_cat":[152,151],"product_tag":[],"class_list":["post-10159","product","type-product","status-publish","has-post-thumbnail","hentry","product_cat-disposable-wipestowlel","product_cat-personal-protection"],"_links":{"self":[{"href":"https:\/\/www.wellongpack.com\/fr\/wp-json\/wp\/v2\/product\/10159","targetHints":{"allow":["GET"]}}],"collection":[{"href":"https:\/\/www.wellongpack.com\/fr\/wp-json\/wp\/v2\/product"}],"about":[{"href":"https:\/\/www.wellongpack.com\/fr\/wp-json\/wp\/v2\/types\/product"}],"replies":[{"embeddable":true,"href":"https:\/\/www.wellongpack.com\/fr\/wp-json\/wp\/v2\/comments?post=10159"}],"version-history":[{"count":1,"href":"https:\/\/www.wellongpack.com\/fr\/wp-json\/wp\/v2\/product\/10159\/revisions"}],"predecessor-version":[{"id":10163,"href":"https:\/\/www.wellongpack.com\/fr\/wp-json\/wp\/v2\/product\/10159\/revisions\/10163"}],"wp:featuredmedia":[{"embeddable":true,"href":"https:\/\/www.wellongpack.com\/fr\/wp-json\/wp\/v2\/media\/10160"}],"wp:attachment":[{"href":"https:\/\/www.wellongpack.com\/fr\/wp-json\/wp\/v2\/media?parent=10159"}],"wp:term":[{"taxonomy":"product_cat","embeddable":true,"href":"https:\/\/www.wellongpack.com\/fr\/wp-json\/wp\/v2\/product_cat?post=10159"},{"taxonomy":"product_tag","embeddable":true,"href":"https:\/\/www.wellongpack.com\/fr\/wp-json\/wp\/v2\/product_tag?post=10159"}],"curies":[{"name":"wp","href":"https:\/\/api.w.org\/{rel}","templated":true}]}}