
{"id":10133,"date":"2023-06-01T14:37:08","date_gmt":"2023-06-01T06:37:08","guid":{"rendered":"http:\/\/75.webs.svipwebs.com\/?post_type=product&#038;p=10133"},"modified":"2023-06-01T14:37:09","modified_gmt":"2023-06-01T06:37:09","slug":"molded-pulp-box-for-personal-care","status":"publish","type":"product","link":"https:\/\/www.wellongpack.com\/fr\/produit\/boite-pulpe-moulee-pour-soins-personnels\/","title":{"rendered":"Bo\u00eete en p\u00e2te moul\u00e9e pour les soins personnels"},"content":{"rendered":"<p><strong><b>Cette p\u00e2te moul\u00e9e <\/b><\/strong><strong><b>La bo\u00eete et le plateau sont<\/b><\/strong><strong><b>\u00a0moul\u00e9 \u00e0 partir de fibres de bagasse de canne \u00e0 sucre. Il s'agit de ressources renouvelables avec un cycle de croissance court. Les mat\u00e9riaux et le processus de production sont respectueux de l'environnement. Les produits finis sont enti\u00e8rement biod\u00e9gradables.<\/b><\/strong><\/p>\n<p><img loading=\"lazy\" decoding=\"async\" class=\"alignnone size-full wp-image-10138\" src=\"https:\/\/www.wellongpack.com\/wp-content\/uploads\/2023\/06\/1-72.jpg\" alt=\"\" width=\"1024\" height=\"1024\" srcset=\"https:\/\/www.wellongpack.com\/wp-content\/uploads\/2023\/06\/1-72.jpg 1024w, https:\/\/www.wellongpack.com\/wp-content\/uploads\/2023\/06\/1-72-430x430.jpg 430w, https:\/\/www.wellongpack.com\/wp-content\/uploads\/2023\/06\/1-72-150x150.jpg 150w, https:\/\/www.wellongpack.com\/wp-content\/uploads\/2023\/06\/1-72-700x700.jpg 700w, https:\/\/www.wellongpack.com\/wp-content\/uploads\/2023\/06\/1-72-300x300.jpg 300w, https:\/\/www.wellongpack.com\/wp-content\/uploads\/2023\/06\/1-72-800x800.jpg 800w, https:\/\/www.wellongpack.com\/wp-content\/uploads\/2023\/06\/1-72-768x768.jpg 768w, https:\/\/www.wellongpack.com\/wp-content\/uploads\/2023\/06\/1-72-860x860.jpg 860w\" sizes=\"auto, (max-width: 1024px) 100vw, 1024px\" \/> <img loading=\"lazy\" decoding=\"async\" class=\"alignnone size-full wp-image-10134\" src=\"https:\/\/www.wellongpack.com\/wp-content\/uploads\/2023\/06\/2-70.jpg\" alt=\"\" width=\"750\" height=\"750\" srcset=\"https:\/\/www.wellongpack.com\/wp-content\/uploads\/2023\/06\/2-70.jpg 750w, https:\/\/www.wellongpack.com\/wp-content\/uploads\/2023\/06\/2-70-430x430.jpg 430w, https:\/\/www.wellongpack.com\/wp-content\/uploads\/2023\/06\/2-70-150x150.jpg 150w, https:\/\/www.wellongpack.com\/wp-content\/uploads\/2023\/06\/2-70-700x700.jpg 700w, https:\/\/www.wellongpack.com\/wp-content\/uploads\/2023\/06\/2-70-300x300.jpg 300w\" sizes=\"auto, (max-width: 750px) 100vw, 750px\" \/> <img loading=\"lazy\" decoding=\"async\" class=\"alignnone size-full wp-image-10135\" src=\"https:\/\/www.wellongpack.com\/wp-content\/uploads\/2023\/06\/3-55.jpg\" alt=\"\" width=\"750\" height=\"750\" srcset=\"https:\/\/www.wellongpack.com\/wp-content\/uploads\/2023\/06\/3-55.jpg 750w, https:\/\/www.wellongpack.com\/wp-content\/uploads\/2023\/06\/3-55-430x430.jpg 430w, https:\/\/www.wellongpack.com\/wp-content\/uploads\/2023\/06\/3-55-150x150.jpg 150w, https:\/\/www.wellongpack.com\/wp-content\/uploads\/2023\/06\/3-55-700x700.jpg 700w, https:\/\/www.wellongpack.com\/wp-content\/uploads\/2023\/06\/3-55-300x300.jpg 300w\" sizes=\"auto, (max-width: 750px) 100vw, 750px\" \/> <img loading=\"lazy\" decoding=\"async\" class=\"alignnone size-full wp-image-10136\" src=\"https:\/\/www.wellongpack.com\/wp-content\/uploads\/2023\/06\/4-30.jpg\" alt=\"\" width=\"700\" height=\"700\" srcset=\"https:\/\/www.wellongpack.com\/wp-content\/uploads\/2023\/06\/4-30.jpg 700w, https:\/\/www.wellongpack.com\/wp-content\/uploads\/2023\/06\/4-30-430x430.jpg 430w, https:\/\/www.wellongpack.com\/wp-content\/uploads\/2023\/06\/4-30-150x150.jpg 150w, https:\/\/www.wellongpack.com\/wp-content\/uploads\/2023\/06\/4-30-300x300.jpg 300w\" sizes=\"auto, (max-width: 700px) 100vw, 700px\" \/> <img loading=\"lazy\" decoding=\"async\" class=\"alignnone size-full wp-image-10137\" src=\"https:\/\/www.wellongpack.com\/wp-content\/uploads\/2023\/06\/5-15.jpg\" alt=\"\" width=\"700\" height=\"700\" srcset=\"https:\/\/www.wellongpack.com\/wp-content\/uploads\/2023\/06\/5-15.jpg 700w, https:\/\/www.wellongpack.com\/wp-content\/uploads\/2023\/06\/5-15-430x430.jpg 430w, https:\/\/www.wellongpack.com\/wp-content\/uploads\/2023\/06\/5-15-150x150.jpg 150w, https:\/\/www.wellongpack.com\/wp-content\/uploads\/2023\/06\/5-15-300x300.jpg 300w\" sizes=\"auto, (max-width: 700px) 100vw, 700px\" \/><\/p>","protected":false},"excerpt":{"rendered":"<p>This molded pulp box and tray are\u00a0molded from sugarcane bagasse fiber. It is renewable resources with short growth cycle. The<\/p>","protected":false},"featured_media":10138,"comment_status":"open","ping_status":"closed","template":"","meta":[],"product_cat":[146,150],"product_tag":[],"class_list":["post-10133","product","type-product","status-publish","has-post-thumbnail","hentry","product_cat-molded-pulp","product_cat-molded-pulp-box-tray"],"_links":{"self":[{"href":"https:\/\/www.wellongpack.com\/fr\/wp-json\/wp\/v2\/product\/10133","targetHints":{"allow":["GET"]}}],"collection":[{"href":"https:\/\/www.wellongpack.com\/fr\/wp-json\/wp\/v2\/product"}],"about":[{"href":"https:\/\/www.wellongpack.com\/fr\/wp-json\/wp\/v2\/types\/product"}],"replies":[{"embeddable":true,"href":"https:\/\/www.wellongpack.com\/fr\/wp-json\/wp\/v2\/comments?post=10133"}],"version-history":[{"count":1,"href":"https:\/\/www.wellongpack.com\/fr\/wp-json\/wp\/v2\/product\/10133\/revisions"}],"predecessor-version":[{"id":10139,"href":"https:\/\/www.wellongpack.com\/fr\/wp-json\/wp\/v2\/product\/10133\/revisions\/10139"}],"wp:featuredmedia":[{"embeddable":true,"href":"https:\/\/www.wellongpack.com\/fr\/wp-json\/wp\/v2\/media\/10138"}],"wp:attachment":[{"href":"https:\/\/www.wellongpack.com\/fr\/wp-json\/wp\/v2\/media?parent=10133"}],"wp:term":[{"taxonomy":"product_cat","embeddable":true,"href":"https:\/\/www.wellongpack.com\/fr\/wp-json\/wp\/v2\/product_cat?post=10133"},{"taxonomy":"product_tag","embeddable":true,"href":"https:\/\/www.wellongpack.com\/fr\/wp-json\/wp\/v2\/product_tag?post=10133"}],"curies":[{"name":"wp","href":"https:\/\/api.w.org\/{rel}","templated":true}]}}