
{"id":10104,"date":"2023-06-01T14:25:24","date_gmt":"2023-06-01T06:25:24","guid":{"rendered":"http:\/\/75.webs.svipwebs.com\/?post_type=product&#038;p=10104"},"modified":"2023-06-01T14:25:25","modified_gmt":"2023-06-01T06:25:25","slug":"pet-litter-scoop","status":"publish","type":"product","link":"https:\/\/www.wellongpack.com\/fr\/produit\/ramassage-de-litiere-pour-animaux-de-compagnie\/","title":{"rendered":"Pelle \u00e0 liti\u00e8re en PET"},"content":{"rendered":"<p><strong><b>Cette p\u00e2te moul\u00e9e <\/b><\/strong><strong><b>Pelle \u00e0 liti\u00e8re en PET <\/b><\/strong><strong><b>est moul\u00e9 \u00e0 partir de fibres de bagasse de canne \u00e0 sucre. Il s'agit d'une ressource renouvelable avec un cycle de croissance court. Les mat\u00e9riaux et le processus de production sont respectueux de l'environnement. Les produits finis sont enti\u00e8rement biod\u00e9gradables.<\/b><\/strong><\/p>\n<p><img loading=\"lazy\" decoding=\"async\" class=\"alignnone size-full wp-image-10107\" src=\"https:\/\/www.wellongpack.com\/wp-content\/uploads\/2023\/06\/1-67.jpg\" alt=\"\" width=\"750\" height=\"750\" srcset=\"https:\/\/www.wellongpack.com\/wp-content\/uploads\/2023\/06\/1-67.jpg 750w, https:\/\/www.wellongpack.com\/wp-content\/uploads\/2023\/06\/1-67-430x430.jpg 430w, https:\/\/www.wellongpack.com\/wp-content\/uploads\/2023\/06\/1-67-150x150.jpg 150w, https:\/\/www.wellongpack.com\/wp-content\/uploads\/2023\/06\/1-67-700x700.jpg 700w, https:\/\/www.wellongpack.com\/wp-content\/uploads\/2023\/06\/1-67-300x300.jpg 300w\" sizes=\"auto, (max-width: 750px) 100vw, 750px\" \/> <img loading=\"lazy\" decoding=\"async\" class=\"alignnone size-full wp-image-10108\" src=\"https:\/\/www.wellongpack.com\/wp-content\/uploads\/2023\/06\/2-67.jpg\" alt=\"\" width=\"750\" height=\"750\" srcset=\"https:\/\/www.wellongpack.com\/wp-content\/uploads\/2023\/06\/2-67.jpg 750w, https:\/\/www.wellongpack.com\/wp-content\/uploads\/2023\/06\/2-67-430x430.jpg 430w, https:\/\/www.wellongpack.com\/wp-content\/uploads\/2023\/06\/2-67-150x150.jpg 150w, https:\/\/www.wellongpack.com\/wp-content\/uploads\/2023\/06\/2-67-700x700.jpg 700w, https:\/\/www.wellongpack.com\/wp-content\/uploads\/2023\/06\/2-67-300x300.jpg 300w\" sizes=\"auto, (max-width: 750px) 100vw, 750px\" \/><\/p>","protected":false},"excerpt":{"rendered":"<p>This molded pulp PET Litter Scoop is molded from sugarcane bagasse fiber. It is renewable resources with short growth cycle.<\/p>","protected":false},"featured_media":10105,"comment_status":"open","ping_status":"closed","template":"","meta":[],"product_cat":[147,146,148],"product_tag":[],"class_list":["post-10104","product","type-product","status-publish","has-post-thumbnail","hentry","product_cat-molded-creative-products","product_cat-molded-pulp","product_cat-pulp-pet-bowl-and-tray"],"_links":{"self":[{"href":"https:\/\/www.wellongpack.com\/fr\/wp-json\/wp\/v2\/product\/10104","targetHints":{"allow":["GET"]}}],"collection":[{"href":"https:\/\/www.wellongpack.com\/fr\/wp-json\/wp\/v2\/product"}],"about":[{"href":"https:\/\/www.wellongpack.com\/fr\/wp-json\/wp\/v2\/types\/product"}],"replies":[{"embeddable":true,"href":"https:\/\/www.wellongpack.com\/fr\/wp-json\/wp\/v2\/comments?post=10104"}],"version-history":[{"count":1,"href":"https:\/\/www.wellongpack.com\/fr\/wp-json\/wp\/v2\/product\/10104\/revisions"}],"predecessor-version":[{"id":10109,"href":"https:\/\/www.wellongpack.com\/fr\/wp-json\/wp\/v2\/product\/10104\/revisions\/10109"}],"wp:featuredmedia":[{"embeddable":true,"href":"https:\/\/www.wellongpack.com\/fr\/wp-json\/wp\/v2\/media\/10105"}],"wp:attachment":[{"href":"https:\/\/www.wellongpack.com\/fr\/wp-json\/wp\/v2\/media?parent=10104"}],"wp:term":[{"taxonomy":"product_cat","embeddable":true,"href":"https:\/\/www.wellongpack.com\/fr\/wp-json\/wp\/v2\/product_cat?post=10104"},{"taxonomy":"product_tag","embeddable":true,"href":"https:\/\/www.wellongpack.com\/fr\/wp-json\/wp\/v2\/product_tag?post=10104"}],"curies":[{"name":"wp","href":"https:\/\/api.w.org\/{rel}","templated":true}]}}