
{"id":10100,"date":"2023-06-01T14:24:29","date_gmt":"2023-06-01T06:24:29","guid":{"rendered":"http:\/\/75.webs.svipwebs.com\/?post_type=product&#038;p=10100"},"modified":"2023-06-01T14:24:30","modified_gmt":"2023-06-01T06:24:30","slug":"pet-litter-box","status":"publish","type":"product","link":"https:\/\/www.wellongpack.com\/fr\/produit\/bac-a-litiere-pour-animaux-de-compagnie\/","title":{"rendered":"PET Bac \u00e0 liti\u00e8re"},"content":{"rendered":"<p><strong><b>Cette p\u00e2te moul\u00e9e <\/b><\/strong><strong><b>Bac \u00e0 liti\u00e8re PET<\/b><\/strong><strong><b>\u00a0est moul\u00e9 \u00e0 partir de fibres de bagasse de canne \u00e0 sucre. Il s'agit d'une ressource renouvelable avec un cycle de croissance court. Les mat\u00e9riaux et le processus de production sont respectueux de l'environnement. Les produits finis sont enti\u00e8rement biod\u00e9gradables.<\/b><\/strong><\/p>\n<p><img loading=\"lazy\" decoding=\"async\" class=\"alignnone size-full wp-image-10101\" src=\"https:\/\/www.wellongpack.com\/wp-content\/uploads\/2023\/06\/1-65.jpg\" alt=\"\" width=\"960\" height=\"960\" srcset=\"https:\/\/www.wellongpack.com\/wp-content\/uploads\/2023\/06\/1-65.jpg 960w, https:\/\/www.wellongpack.com\/wp-content\/uploads\/2023\/06\/1-65-430x430.jpg 430w, https:\/\/www.wellongpack.com\/wp-content\/uploads\/2023\/06\/1-65-150x150.jpg 150w, https:\/\/www.wellongpack.com\/wp-content\/uploads\/2023\/06\/1-65-700x700.jpg 700w, https:\/\/www.wellongpack.com\/wp-content\/uploads\/2023\/06\/1-65-300x300.jpg 300w, https:\/\/www.wellongpack.com\/wp-content\/uploads\/2023\/06\/1-65-800x800.jpg 800w, https:\/\/www.wellongpack.com\/wp-content\/uploads\/2023\/06\/1-65-768x768.jpg 768w, https:\/\/www.wellongpack.com\/wp-content\/uploads\/2023\/06\/1-65-860x860.jpg 860w\" sizes=\"auto, (max-width: 960px) 100vw, 960px\" \/> <img loading=\"lazy\" decoding=\"async\" class=\"alignnone size-full wp-image-10102\" src=\"https:\/\/www.wellongpack.com\/wp-content\/uploads\/2023\/06\/2-65.jpg\" alt=\"\" width=\"1024\" height=\"1024\" srcset=\"https:\/\/www.wellongpack.com\/wp-content\/uploads\/2023\/06\/2-65.jpg 1024w, https:\/\/www.wellongpack.com\/wp-content\/uploads\/2023\/06\/2-65-430x430.jpg 430w, https:\/\/www.wellongpack.com\/wp-content\/uploads\/2023\/06\/2-65-150x150.jpg 150w, https:\/\/www.wellongpack.com\/wp-content\/uploads\/2023\/06\/2-65-700x700.jpg 700w, https:\/\/www.wellongpack.com\/wp-content\/uploads\/2023\/06\/2-65-300x300.jpg 300w, https:\/\/www.wellongpack.com\/wp-content\/uploads\/2023\/06\/2-65-800x800.jpg 800w, https:\/\/www.wellongpack.com\/wp-content\/uploads\/2023\/06\/2-65-768x768.jpg 768w, https:\/\/www.wellongpack.com\/wp-content\/uploads\/2023\/06\/2-65-860x860.jpg 860w\" sizes=\"auto, (max-width: 1024px) 100vw, 1024px\" \/><\/p>","protected":false},"excerpt":{"rendered":"<p>This molded pulp PET Litter Tray\u00a0is molded from sugarcane bagasse fiber. It is renewable resources with short growth cycle. The<\/p>","protected":false},"featured_media":10101,"comment_status":"open","ping_status":"closed","template":"","meta":[],"product_cat":[147,146,148],"product_tag":[],"class_list":["post-10100","product","type-product","status-publish","has-post-thumbnail","hentry","product_cat-molded-creative-products","product_cat-molded-pulp","product_cat-pulp-pet-bowl-and-tray"],"_links":{"self":[{"href":"https:\/\/www.wellongpack.com\/fr\/wp-json\/wp\/v2\/product\/10100","targetHints":{"allow":["GET"]}}],"collection":[{"href":"https:\/\/www.wellongpack.com\/fr\/wp-json\/wp\/v2\/product"}],"about":[{"href":"https:\/\/www.wellongpack.com\/fr\/wp-json\/wp\/v2\/types\/product"}],"replies":[{"embeddable":true,"href":"https:\/\/www.wellongpack.com\/fr\/wp-json\/wp\/v2\/comments?post=10100"}],"version-history":[{"count":1,"href":"https:\/\/www.wellongpack.com\/fr\/wp-json\/wp\/v2\/product\/10100\/revisions"}],"predecessor-version":[{"id":10103,"href":"https:\/\/www.wellongpack.com\/fr\/wp-json\/wp\/v2\/product\/10100\/revisions\/10103"}],"wp:featuredmedia":[{"embeddable":true,"href":"https:\/\/www.wellongpack.com\/fr\/wp-json\/wp\/v2\/media\/10101"}],"wp:attachment":[{"href":"https:\/\/www.wellongpack.com\/fr\/wp-json\/wp\/v2\/media?parent=10100"}],"wp:term":[{"taxonomy":"product_cat","embeddable":true,"href":"https:\/\/www.wellongpack.com\/fr\/wp-json\/wp\/v2\/product_cat?post=10100"},{"taxonomy":"product_tag","embeddable":true,"href":"https:\/\/www.wellongpack.com\/fr\/wp-json\/wp\/v2\/product_tag?post=10100"}],"curies":[{"name":"wp","href":"https:\/\/api.w.org\/{rel}","templated":true}]}}