
{"id":10049,"date":"2023-06-01T13:54:21","date_gmt":"2023-06-01T05:54:21","guid":{"rendered":"http:\/\/75.webs.svipwebs.com\/?post_type=product&#038;p=10049"},"modified":"2023-06-01T13:54:22","modified_gmt":"2023-06-01T05:54:22","slug":"disposable-wood-round-plate","status":"publish","type":"product","link":"https:\/\/www.wellongpack.com\/fr\/produit\/disposable-wood-round-plate\/","title":{"rendered":"Assiette ronde en bois jetable"},"content":{"rendered":"<p>Cette assiette en bois est parfaite pour les charcuteries, les concessions, les sandwicheries, les camions-restaurants ou les \u00e9piceries ! Elle est id\u00e9ale pour les f\u00eates ou les \u00e9v\u00e9nements avec traiteur o\u00f9 des produits jetables sont n\u00e9cessaires pour un nettoyage rapide et efficace.<\/p>\n<p><img loading=\"lazy\" decoding=\"async\" class=\"alignnone size-full wp-image-10050\" src=\"https:\/\/www.wellongpack.com\/wp-content\/uploads\/2023\/06\/1-56.jpg\" alt=\"\" width=\"600\" height=\"600\" srcset=\"https:\/\/www.wellongpack.com\/wp-content\/uploads\/2023\/06\/1-56.jpg 600w, https:\/\/www.wellongpack.com\/wp-content\/uploads\/2023\/06\/1-56-430x430.jpg 430w, https:\/\/www.wellongpack.com\/wp-content\/uploads\/2023\/06\/1-56-150x150.jpg 150w, https:\/\/www.wellongpack.com\/wp-content\/uploads\/2023\/06\/1-56-300x300.jpg 300w\" sizes=\"auto, (max-width: 600px) 100vw, 600px\" \/> <img loading=\"lazy\" decoding=\"async\" class=\"alignnone size-full wp-image-10051\" src=\"https:\/\/www.wellongpack.com\/wp-content\/uploads\/2023\/06\/2-55.jpg\" alt=\"\" width=\"600\" height=\"600\" srcset=\"https:\/\/www.wellongpack.com\/wp-content\/uploads\/2023\/06\/2-55.jpg 600w, https:\/\/www.wellongpack.com\/wp-content\/uploads\/2023\/06\/2-55-430x430.jpg 430w, https:\/\/www.wellongpack.com\/wp-content\/uploads\/2023\/06\/2-55-150x150.jpg 150w, https:\/\/www.wellongpack.com\/wp-content\/uploads\/2023\/06\/2-55-300x300.jpg 300w\" sizes=\"auto, (max-width: 600px) 100vw, 600px\" \/><\/p>","protected":false},"excerpt":{"rendered":"<p>This Wood\u00a0plate is perfect for any deli, concession stand, sandwich shop, food truck, or grocery store! It&#8217;s ideal for parties<\/p>","protected":false},"featured_media":10050,"comment_status":"open","ping_status":"closed","template":"","meta":[],"product_cat":[124,145,144],"product_tag":[],"class_list":["post-10049","product","type-product","status-publish","has-post-thumbnail","hentry","product_cat-sustainability-packaging","product_cat-wood-plate","product_cat-wooden-tableware"],"_links":{"self":[{"href":"https:\/\/www.wellongpack.com\/fr\/wp-json\/wp\/v2\/product\/10049","targetHints":{"allow":["GET"]}}],"collection":[{"href":"https:\/\/www.wellongpack.com\/fr\/wp-json\/wp\/v2\/product"}],"about":[{"href":"https:\/\/www.wellongpack.com\/fr\/wp-json\/wp\/v2\/types\/product"}],"replies":[{"embeddable":true,"href":"https:\/\/www.wellongpack.com\/fr\/wp-json\/wp\/v2\/comments?post=10049"}],"version-history":[{"count":1,"href":"https:\/\/www.wellongpack.com\/fr\/wp-json\/wp\/v2\/product\/10049\/revisions"}],"predecessor-version":[{"id":10052,"href":"https:\/\/www.wellongpack.com\/fr\/wp-json\/wp\/v2\/product\/10049\/revisions\/10052"}],"wp:featuredmedia":[{"embeddable":true,"href":"https:\/\/www.wellongpack.com\/fr\/wp-json\/wp\/v2\/media\/10050"}],"wp:attachment":[{"href":"https:\/\/www.wellongpack.com\/fr\/wp-json\/wp\/v2\/media?parent=10049"}],"wp:term":[{"taxonomy":"product_cat","embeddable":true,"href":"https:\/\/www.wellongpack.com\/fr\/wp-json\/wp\/v2\/product_cat?post=10049"},{"taxonomy":"product_tag","embeddable":true,"href":"https:\/\/www.wellongpack.com\/fr\/wp-json\/wp\/v2\/product_tag?post=10049"}],"curies":[{"name":"wp","href":"https:\/\/api.w.org\/{rel}","templated":true}]}}