
{"id":8533,"date":"2023-05-12T03:27:57","date_gmt":"2023-05-11T19:27:57","guid":{"rendered":"http:\/\/75.webs.svipwebs.com\/?page_id=8533"},"modified":"2023-06-07T20:58:07","modified_gmt":"2023-06-07T12:58:07","slug":"sustainability","status":"publish","type":"page","link":"https:\/\/www.wellongpack.com\/fr\/la-durabilite\/","title":{"rendered":"Durabilit\u00e9"},"content":{"rendered":"<div data-elementor-type=\"wp-page\" data-elementor-id=\"8533\" class=\"elementor elementor-8533\">\n\t\t\t\t\t\t\t\t\t<section class=\"wd-negative-gap elementor-section elementor-top-section elementor-element elementor-element-be4852f elementor-section-content-middle wd-section-stretch elementor-section-height-min-height elementor-section-boxed elementor-section-height-default elementor-section-items-middle\" data-id=\"be4852f\" data-element_type=\"section\" data-settings=\"{&quot;background_background&quot;:&quot;classic&quot;}\">\n\t\t\t\t\t\t<div class=\"elementor-container elementor-column-gap-no\">\n\t\t\t\t\t<div class=\"elementor-column elementor-col-100 elementor-top-column elementor-element elementor-element-764b96b\" data-id=\"764b96b\" data-element_type=\"column\">\n\t\t\t<div class=\"elementor-widget-wrap elementor-element-populated\">\n\t\t\t\t\t\t\t\t<div class=\"elementor-element elementor-element-42c8051 elementor-widget__width-initial animated-slow elementor-invisible elementor-widget elementor-widget-wd_title\" data-id=\"42c8051\" data-element_type=\"widget\" data-settings=\"{&quot;_animation&quot;:&quot;fadeInUp&quot;}\" data-widget_type=\"wd_title.default\">\n\t\t\t\t<div class=\"elementor-widget-container\">\n\t\t\t\t\t<div class=\"title-wrapper set-mb-s reset-last-child wd-title-color-primary wd-title-style-default wd-title-size-large text-left\">\n\n\t\t\t\n\t\t\t<div class=\"liner-continer\">\n\t\t\t\t<h4 class=\"woodmart-title-container title wd-fontsize-xxl\">Durabilit\u00e9<\/h4> \n\t\t\t\t\t\t\t<\/div>\n\n\t\t\t\t\t\t\t<div class=\"title-after_title set-cont-mb-s reset-last-child wd-fontsize-s\">\n\t\t\t\t\t<p>Restez en contact avec nous<\/p>\t\t\t\t<\/div>\n\t\t\t\t\t<\/div>\n\t\t\t\t<\/div>\n\t\t\t\t<\/div>\n\t\t\t\t\t<\/div>\n\t\t<\/div>\n\t\t\t\t\t\t\t<\/div>\n\t\t<\/section>\n\t\t\t\t<section class=\"wd-negative-gap elementor-section elementor-top-section elementor-element elementor-element-5c51f15 elementor-section-boxed elementor-section-height-default elementor-section-height-default wd-section-disabled\" data-id=\"5c51f15\" data-element_type=\"section\">\n\t\t\t\t\t\t<div class=\"elementor-container elementor-column-gap-default\">\n\t\t\t\t\t<div class=\"elementor-column elementor-col-100 elementor-top-column elementor-element elementor-element-7348037\" data-id=\"7348037\" data-element_type=\"column\">\n\t\t\t<div class=\"elementor-widget-wrap elementor-element-populated\">\n\t\t\t\t\t\t\t\t<div class=\"elementor-element elementor-element-112e53f color-scheme-inherit text-left elementor-widget elementor-widget-text-editor\" data-id=\"112e53f\" data-element_type=\"widget\" data-widget_type=\"text-editor.default\">\n\t\t\t\t<div class=\"elementor-widget-container\">\n\t\t\t<style>\/*! elementor - v3.13.1 - 09-05-2023 *\/\n.elementor-widget-text-editor.elementor-drop-cap-view-stacked .elementor-drop-cap{background-color:#69727d;color:#fff}.elementor-widget-text-editor.elementor-drop-cap-view-framed .elementor-drop-cap{color:#69727d;border:3px solid;background-color:transparent}.elementor-widget-text-editor:not(.elementor-drop-cap-view-default) .elementor-drop-cap{margin-top:8px}.elementor-widget-text-editor:not(.elementor-drop-cap-view-default) .elementor-drop-cap-letter{width:1em;height:1em}.elementor-widget-text-editor .elementor-drop-cap{float:left;text-align:center;line-height:1;font-size:50px}.elementor-widget-text-editor .elementor-drop-cap-letter{display:inline-block}<\/style>\t\t\t\t<p>La durabilit\u00e9 signifie entretenir et construire des relations durables avec nos employ\u00e9s, nos clients et nos fournisseurs. Nous croyons au progr\u00e8s, pour les \u00eatres humains et pour l'environnement. Nous adh\u00e9rons aux objectifs de d\u00e9veloppement durable des Nations unies et les int\u00e9grons dans nos activit\u00e9s quotidiennes.<\/p><p>Il n'a jamais \u00e9t\u00e9 aussi important de fixer des objectifs en mati\u00e8re de d\u00e9veloppement durable, mais l'\u00e9laboration d'un plan pour atteindre ces objectifs avec votre marque et vos produits peut s'av\u00e9rer difficile. Qu'il s'agisse d'un projet individuel ou d'une initiative \u00e0 l'\u00e9chelle de l'entreprise, ensemble nous pouvons faire plus pour les gens et la plan\u00e8te.<\/p>\t\t\t\t\t\t<\/div>\n\t\t\t\t<\/div>\n\t\t\t\t\t<\/div>\n\t\t<\/div>\n\t\t\t\t\t\t\t<\/div>\n\t\t<\/section>\n\t\t\t\t\t\t\t<\/div>","protected":false},"excerpt":{"rendered":"<p>Sustainability Please keep in touch with us Sustainability means nurturing and building long-lasting relationships with our employees, customers and suppliers.<\/p>","protected":false},"author":1,"featured_media":0,"parent":0,"menu_order":0,"comment_status":"closed","ping_status":"closed","template":"","meta":{"footnotes":""},"class_list":["post-8533","page","type-page","status-publish","hentry"],"_links":{"self":[{"href":"https:\/\/www.wellongpack.com\/fr\/wp-json\/wp\/v2\/pages\/8533","targetHints":{"allow":["GET"]}}],"collection":[{"href":"https:\/\/www.wellongpack.com\/fr\/wp-json\/wp\/v2\/pages"}],"about":[{"href":"https:\/\/www.wellongpack.com\/fr\/wp-json\/wp\/v2\/types\/page"}],"author":[{"embeddable":true,"href":"https:\/\/www.wellongpack.com\/fr\/wp-json\/wp\/v2\/users\/1"}],"replies":[{"embeddable":true,"href":"https:\/\/www.wellongpack.com\/fr\/wp-json\/wp\/v2\/comments?post=8533"}],"version-history":[{"count":15,"href":"https:\/\/www.wellongpack.com\/fr\/wp-json\/wp\/v2\/pages\/8533\/revisions"}],"predecessor-version":[{"id":10419,"href":"https:\/\/www.wellongpack.com\/fr\/wp-json\/wp\/v2\/pages\/8533\/revisions\/10419"}],"wp:attachment":[{"href":"https:\/\/www.wellongpack.com\/fr\/wp-json\/wp\/v2\/media?parent=8533"}],"curies":[{"name":"wp","href":"https:\/\/api.w.org\/{rel}","templated":true}]}}