
{"id":4400,"date":"2021-10-12T15:51:09","date_gmt":"2021-10-12T15:51:09","guid":{"rendered":"http:\/\/dummy.xtemos.com\/woodmart2\/elementor\/?page_id=4400"},"modified":"2023-06-12T09:49:17","modified_gmt":"2023-06-12T01:49:17","slug":"about-us-3","status":"publish","type":"page","link":"https:\/\/www.wellongpack.com\/fr\/a-propos-dus-3\/","title":{"rendered":"A propos de nous"},"content":{"rendered":"<div data-elementor-type=\"wp-page\" data-elementor-id=\"4400\" class=\"elementor elementor-4400\">\n\t\t\t\t\t\t\t\t\t<section class=\"wd-negative-gap elementor-section elementor-top-section elementor-element elementor-element-30f4b337 elementor-section-content-middle wd-section-stretch elementor-section-height-min-height elementor-section-boxed elementor-section-height-default elementor-section-items-middle\" data-id=\"30f4b337\" data-element_type=\"section\" data-settings=\"{&quot;background_background&quot;:&quot;classic&quot;}\">\n\t\t\t\t\t\t<div class=\"elementor-container elementor-column-gap-no\">\n\t\t\t\t\t<div class=\"elementor-column elementor-col-100 elementor-top-column elementor-element elementor-element-709130a2\" data-id=\"709130a2\" data-element_type=\"column\">\n\t\t\t<div class=\"elementor-widget-wrap elementor-element-populated\">\n\t\t\t\t\t\t\t\t<div class=\"elementor-element elementor-element-de6816b elementor-widget__width-initial animated-slow elementor-invisible elementor-widget elementor-widget-wd_title\" data-id=\"de6816b\" data-element_type=\"widget\" data-settings=\"{&quot;_animation&quot;:&quot;fadeInUp&quot;}\" data-widget_type=\"wd_title.default\">\n\t\t\t\t<div class=\"elementor-widget-container\">\n\t\t\t\t\t<div class=\"title-wrapper set-mb-s reset-last-child wd-title-color-primary wd-title-style-default wd-title-size-large text-left\">\n\n\t\t\t\n\t\t\t<div class=\"liner-continer\">\n\t\t\t\t<h4 class=\"woodmart-title-container title wd-fontsize-xxl\">A propos de nous<\/h4> \n\t\t\t\t\t\t\t<\/div>\n\n\t\t\t\t\t\t\t<div class=\"title-after_title set-cont-mb-s reset-last-child wd-fontsize-s\">\n\t\t\t\t\t<p>Nous cr\u00e9ons des produits innovants, une culture inclusive et de la valeur pour toutes nos parties prenantes.<\/p>\t\t\t\t<\/div>\n\t\t\t\t\t<\/div>\n\t\t\t\t<\/div>\n\t\t\t\t<\/div>\n\t\t\t\t\t<\/div>\n\t\t<\/div>\n\t\t\t\t\t\t\t<\/div>\n\t\t<\/section>\n\t\t\t\t<section class=\"wd-negative-gap elementor-section elementor-top-section elementor-element elementor-element-1132169 elementor-reverse-tablet elementor-reverse-mobile animated-slow elementor-section-boxed elementor-section-height-default elementor-section-height-default wd-section-disabled elementor-invisible\" data-id=\"1132169\" data-element_type=\"section\" data-settings=\"{&quot;animation&quot;:&quot;fadeInUp&quot;}\">\n\t\t\t\t\t\t<div class=\"elementor-container elementor-column-gap-default\">\n\t\t\t\t\t<div class=\"elementor-column elementor-col-50 elementor-top-column elementor-element elementor-element-0d7fd7a\" data-id=\"0d7fd7a\" data-element_type=\"column\">\n\t\t\t<div class=\"elementor-widget-wrap elementor-element-populated\">\n\t\t\t\t\t\t\t\t<div class=\"elementor-element elementor-element-476284b elementor-widget elementor-widget-image\" data-id=\"476284b\" data-element_type=\"widget\" data-widget_type=\"image.default\">\n\t\t\t\t<div class=\"elementor-widget-container\">\n\t\t\t<style>\/*! elementor - v3.13.1 - 09-05-2023 *\/\n.elementor-widget-image{text-align:center}.elementor-widget-image a{display:inline-block}.elementor-widget-image a img[src$=\".svg\"]{width:48px}.elementor-widget-image img{vertical-align:middle;display:inline-block}<\/style>\t\t\t\t\t\t\t\t\t\t\t\t<img loading=\"lazy\" decoding=\"async\" width=\"800\" height=\"533\" src=\"https:\/\/www.wellongpack.com\/wp-content\/uploads\/2023\/06\/Who-we-are.jpg\" class=\"attachment-large size-large wp-image-10384\" alt=\"\" srcset=\"https:\/\/www.wellongpack.com\/wp-content\/uploads\/2023\/06\/Who-we-are.jpg 800w, https:\/\/www.wellongpack.com\/wp-content\/uploads\/2023\/06\/Who-we-are-430x286.jpg 430w, https:\/\/www.wellongpack.com\/wp-content\/uploads\/2023\/06\/Who-we-are-150x100.jpg 150w, https:\/\/www.wellongpack.com\/wp-content\/uploads\/2023\/06\/Who-we-are-700x466.jpg 700w, https:\/\/www.wellongpack.com\/wp-content\/uploads\/2023\/06\/Who-we-are-400x267.jpg 400w, https:\/\/www.wellongpack.com\/wp-content\/uploads\/2023\/06\/Who-we-are-768x512.jpg 768w\" sizes=\"auto, (max-width: 800px) 100vw, 800px\" \/>\t\t\t\t\t\t\t\t\t\t\t\t\t\t\t<\/div>\n\t\t\t\t<\/div>\n\t\t\t\t\t<\/div>\n\t\t<\/div>\n\t\t\t\t<div class=\"elementor-column elementor-col-50 elementor-top-column elementor-element elementor-element-c758031\" data-id=\"c758031\" data-element_type=\"column\">\n\t\t\t<div class=\"elementor-widget-wrap elementor-element-populated\">\n\t\t\t\t\t\t\t\t<div class=\"elementor-element elementor-element-251ed94 elementor-widget elementor-widget-wd_title\" data-id=\"251ed94\" data-element_type=\"widget\" data-widget_type=\"wd_title.default\">\n\t\t\t\t<div class=\"elementor-widget-container\">\n\t\t\t\t\t<div class=\"title-wrapper set-mb-s reset-last-child wd-title-color-primary wd-title-style-default wd-title-size-large text-center\">\n\n\t\t\t\n\t\t\t<div class=\"liner-continer\">\n\t\t\t\t<h4 class=\"woodmart-title-container title wd-fontsize-xxl\">Qui sommes-nous ?<\/h4> \n\t\t\t\t\t\t\t<\/div>\n\n\t\t\t\t\t<\/div>\n\t\t\t\t<\/div>\n\t\t\t\t<\/div>\n\t\t\t\t<div class=\"elementor-element elementor-element-7beec53 elementor-widget elementor-widget-wd_text_block\" data-id=\"7beec53\" data-element_type=\"widget\" data-widget_type=\"wd_text_block.default\">\n\t\t\t\t<div class=\"elementor-widget-container\">\n\t\t\t\t\t<div class=\"wd-text-block reset-last-child text-left\">\n\t\t\t\n\t\t\t<p>WELLONG est un leader en mati\u00e8re d'innovation et de durabilit\u00e9 dans le domaine de l'emballage. Nous fabriquons des produits \u00e0 base de papier, de plastique et de mat\u00e9riaux compostables pour les emballages alimentaires, les plats \u00e0 emporter et le march\u00e9 industriel.  Nous recherchons des solutions dans le cadre d'un travail d'\u00e9quipe, afin de nous aider mutuellement \u00e0 r\u00e9ussir, dans le respect, l'int\u00e9grit\u00e9 et l'honn\u00eatet\u00e9.<\/p><p>La force de WELLONG r\u00e9side dans la r\u00e9solution des probl\u00e8mes d'emballage des clients. La connaissance, l'exp\u00e9rience et la cr\u00e9ativit\u00e9 sont \u00e0 la base du d\u00e9veloppement de ces solutions d'emballage.<\/p><p>Dans une perspective d'avenir, nous pensons qu'il est essentiel qu'une entreprise comme WELLONG soit continuellement impliqu\u00e9e dans l'innovation des mat\u00e9riaux d'emballage et des exigences li\u00e9es \u00e0 ces mat\u00e9riaux, destin\u00e9s aux produits de fruits et l\u00e9gumes frais ou \u00e0 d'autres produits li\u00e9s \u00e0 l'alimentation, ainsi que dans l'attention n\u00e9cessaire aux exigences permanentes de durabilit\u00e9 de notre secteur.<\/p>\n\t\t\t\t\t<\/div>\n\t\t\t\t<\/div>\n\t\t\t\t<\/div>\n\t\t\t\t<div class=\"elementor-element elementor-element-3cb75cc elementor-widget elementor-widget-wd_button\" data-id=\"3cb75cc\" data-element_type=\"widget\" data-widget_type=\"wd_button.default\">\n\t\t\t\t<div class=\"elementor-widget-container\">\n\t\t\t\t\t<div class=\"wd-button-wrapper text-left\" >\n\t\t\t<a class=\"btn btn-style-link btn-style- btn-size-default btn-color-default btn-icon-pos-right\"  href=\"#\">\n\t\t\t\t<span class=\"wd-btn-text\" data-elementor-setting-key=\"text\">\n\t\t\t\t\tEn savoir plus\t\t\t\t<\/span>\n\n\t\t\t\t\t\t\t\t\t<span class=\"wd-btn-icon\">\n\t\t\t\t\t\t<span class=\"wd-icon fas fa-chevron-right\"><\/span>\t\t\t\t\t<\/span>\n\t\t\t\t\t\t\t<\/a>\n\t\t<\/div>\n\t\t\t\t<\/div>\n\t\t\t\t<\/div>\n\t\t\t\t\t<\/div>\n\t\t<\/div>\n\t\t\t\t\t\t\t<\/div>\n\t\t<\/section>\n\t\t\t\t<section class=\"wd-negative-gap elementor-section elementor-top-section elementor-element elementor-element-7461914 elementor-reverse-tablet elementor-reverse-mobile animated-slow elementor-section-boxed elementor-section-height-default elementor-section-height-default wd-section-disabled elementor-invisible\" data-id=\"7461914\" data-element_type=\"section\" data-settings=\"{&quot;animation&quot;:&quot;fadeInUp&quot;}\">\n\t\t\t\t\t\t<div class=\"elementor-container elementor-column-gap-default\">\n\t\t\t\t\t<div class=\"elementor-column elementor-col-50 elementor-top-column elementor-element elementor-element-28018d6\" data-id=\"28018d6\" data-element_type=\"column\">\n\t\t\t<div class=\"elementor-widget-wrap elementor-element-populated\">\n\t\t\t\t\t\t\t\t<div class=\"elementor-element elementor-element-1874f28 elementor-widget elementor-widget-wd_title\" data-id=\"1874f28\" data-element_type=\"widget\" data-widget_type=\"wd_title.default\">\n\t\t\t\t<div class=\"elementor-widget-container\">\n\t\t\t\t\t<div class=\"title-wrapper set-mb-s reset-last-child wd-title-color-primary wd-title-style-default wd-title-size-large text-center\">\n\n\t\t\t\n\t\t\t<div class=\"liner-continer\">\n\t\t\t\t<h4 class=\"woodmart-title-container title wd-fontsize-xxl\">Capacit\u00e9s<\/h4> \n\t\t\t\t\t\t\t<\/div>\n\n\t\t\t\t\t<\/div>\n\t\t\t\t<\/div>\n\t\t\t\t<\/div>\n\t\t\t\t<div class=\"elementor-element elementor-element-9e90595 elementor-widget elementor-widget-wd_text_block\" data-id=\"9e90595\" data-element_type=\"widget\" data-widget_type=\"wd_text_block.default\">\n\t\t\t\t<div class=\"elementor-widget-container\">\n\t\t\t\t\t<div class=\"wd-text-block reset-last-child text-left\">\n\t\t\t\n\t\t\t<p><span class=\"s2\">Emballage Wellong<\/span><span class=\"s2\"> a une longue histoire de <\/span><span class=\"s2\">l'exportation<\/span><span class=\"s2\"> rigide, flexible <\/span><span class=\"s2\">Bagasse et papier <\/span><span class=\"s2\">pour nos clients dans le monde entier.\u00a0<\/span><span class=\"s2\">Nos produits offrent des performances sup\u00e9rieures, sont pratiques et contribuent \u00e0 la s\u00e9curit\u00e9 et \u00e0 l'hygi\u00e8ne alimentaires. <\/span><span class=\"s2\">tout est question de coop\u00e9ration et de relations personnelles, en interne et en externe.<\/span><\/p>\n\t\t\t\t\t<\/div>\n\t\t\t\t<\/div>\n\t\t\t\t<\/div>\n\t\t\t\t<div class=\"elementor-element elementor-element-5d9f7db elementor-widget elementor-widget-wd_button\" data-id=\"5d9f7db\" data-element_type=\"widget\" data-widget_type=\"wd_button.default\">\n\t\t\t\t<div class=\"elementor-widget-container\">\n\t\t\t\t\t<div class=\"wd-button-wrapper text-left\" >\n\t\t\t<a class=\"btn btn-style-link btn-style- btn-size-default btn-color-default btn-icon-pos-right\"  href=\"#\">\n\t\t\t\t<span class=\"wd-btn-text\" data-elementor-setting-key=\"text\">\n\t\t\t\t\tEn savoir plus\t\t\t\t<\/span>\n\n\t\t\t\t\t\t\t\t\t<span class=\"wd-btn-icon\">\n\t\t\t\t\t\t<span class=\"wd-icon fas fa-chevron-right\"><\/span>\t\t\t\t\t<\/span>\n\t\t\t\t\t\t\t<\/a>\n\t\t<\/div>\n\t\t\t\t<\/div>\n\t\t\t\t<\/div>\n\t\t\t\t\t<\/div>\n\t\t<\/div>\n\t\t\t\t<div class=\"elementor-column elementor-col-50 elementor-top-column elementor-element elementor-element-049ddf8\" data-id=\"049ddf8\" data-element_type=\"column\">\n\t\t\t<div class=\"elementor-widget-wrap elementor-element-populated\">\n\t\t\t\t\t\t\t\t<div class=\"elementor-element elementor-element-2a6394e elementor-widget elementor-widget-image\" data-id=\"2a6394e\" data-element_type=\"widget\" data-widget_type=\"image.default\">\n\t\t\t\t<div class=\"elementor-widget-container\">\n\t\t\t\t\t\t\t\t\t\t\t\t\t\t\t<img loading=\"lazy\" decoding=\"async\" width=\"400\" height=\"500\" src=\"https:\/\/www.wellongpack.com\/wp-content\/uploads\/2023\/05\/IMG_8986.jpg\" class=\"attachment-large size-large wp-image-8567\" alt=\"\" srcset=\"https:\/\/www.wellongpack.com\/wp-content\/uploads\/2023\/05\/IMG_8986.jpg 400w, https:\/\/www.wellongpack.com\/wp-content\/uploads\/2023\/05\/IMG_8986-150x188.jpg 150w, https:\/\/www.wellongpack.com\/wp-content\/uploads\/2023\/05\/IMG_8986-240x300.jpg 240w\" sizes=\"auto, (max-width: 400px) 100vw, 400px\" \/>\t\t\t\t\t\t\t\t\t\t\t\t\t\t\t<\/div>\n\t\t\t\t<\/div>\n\t\t\t\t\t<\/div>\n\t\t<\/div>\n\t\t\t\t\t\t\t<\/div>\n\t\t<\/section>\n\t\t\t\t<section class=\"wd-negative-gap elementor-section elementor-top-section elementor-element elementor-element-12b6e91 elementor-reverse-tablet elementor-reverse-mobile animated-slow elementor-section-boxed elementor-section-height-default elementor-section-height-default wd-section-disabled elementor-invisible\" data-id=\"12b6e91\" data-element_type=\"section\" data-settings=\"{&quot;animation&quot;:&quot;fadeInUp&quot;}\">\n\t\t\t\t\t\t<div class=\"elementor-container elementor-column-gap-default\">\n\t\t\t\t\t<div class=\"elementor-column elementor-col-50 elementor-top-column elementor-element elementor-element-9364d66\" data-id=\"9364d66\" data-element_type=\"column\">\n\t\t\t<div class=\"elementor-widget-wrap elementor-element-populated\">\n\t\t\t\t\t\t\t\t<div class=\"elementor-element elementor-element-a7fa544 elementor-widget elementor-widget-image\" data-id=\"a7fa544\" data-element_type=\"widget\" data-widget_type=\"image.default\">\n\t\t\t\t<div class=\"elementor-widget-container\">\n\t\t\t\t\t\t\t\t\t\t\t\t\t\t\t<img loading=\"lazy\" decoding=\"async\" width=\"784\" height=\"800\" src=\"https:\/\/www.wellongpack.com\/wp-content\/uploads\/2023\/06\/Our-Sustainability-Strategy-784x800.jpg\" class=\"attachment-large size-large wp-image-10380\" alt=\"\" srcset=\"https:\/\/www.wellongpack.com\/wp-content\/uploads\/2023\/06\/Our-Sustainability-Strategy-784x800.jpg 784w, https:\/\/www.wellongpack.com\/wp-content\/uploads\/2023\/06\/Our-Sustainability-Strategy-430x439.jpg 430w, https:\/\/www.wellongpack.com\/wp-content\/uploads\/2023\/06\/Our-Sustainability-Strategy-150x153.jpg 150w, https:\/\/www.wellongpack.com\/wp-content\/uploads\/2023\/06\/Our-Sustainability-Strategy-700x714.jpg 700w, https:\/\/www.wellongpack.com\/wp-content\/uploads\/2023\/06\/Our-Sustainability-Strategy-294x300.jpg 294w, https:\/\/www.wellongpack.com\/wp-content\/uploads\/2023\/06\/Our-Sustainability-Strategy-768x784.jpg 768w, https:\/\/www.wellongpack.com\/wp-content\/uploads\/2023\/06\/Our-Sustainability-Strategy-860x878.jpg 860w, https:\/\/www.wellongpack.com\/wp-content\/uploads\/2023\/06\/Our-Sustainability-Strategy.jpg 1374w\" sizes=\"auto, (max-width: 784px) 100vw, 784px\" \/>\t\t\t\t\t\t\t\t\t\t\t\t\t\t\t<\/div>\n\t\t\t\t<\/div>\n\t\t\t\t\t<\/div>\n\t\t<\/div>\n\t\t\t\t<div class=\"elementor-column elementor-col-50 elementor-top-column elementor-element elementor-element-0de22c7\" data-id=\"0de22c7\" data-element_type=\"column\">\n\t\t\t<div class=\"elementor-widget-wrap elementor-element-populated\">\n\t\t\t\t\t\t\t\t<div class=\"elementor-element elementor-element-28637b0 elementor-widget elementor-widget-wd_title\" data-id=\"28637b0\" data-element_type=\"widget\" data-widget_type=\"wd_title.default\">\n\t\t\t\t<div class=\"elementor-widget-container\">\n\t\t\t\t\t<div class=\"title-wrapper set-mb-s reset-last-child wd-title-color-primary wd-title-style-default wd-title-size-large text-center\">\n\n\t\t\t\n\t\t\t<div class=\"liner-continer\">\n\t\t\t\t<h4 class=\"woodmart-title-container title wd-fontsize-xxl\">Notre strat\u00e9gie de d\u00e9veloppement durable<br \/>\n<\/h4> \n\t\t\t\t\t\t\t<\/div>\n\n\t\t\t\t\t<\/div>\n\t\t\t\t<\/div>\n\t\t\t\t<\/div>\n\t\t\t\t<div class=\"elementor-element elementor-element-db3a67f elementor-widget elementor-widget-wd_text_block\" data-id=\"db3a67f\" data-element_type=\"widget\" data-widget_type=\"wd_text_block.default\">\n\t\t\t\t<div class=\"elementor-widget-container\">\n\t\t\t\t\t<div class=\"wd-text-block reset-last-child text-left\">\n\t\t\t\n\t\t\tNotre engagement en faveur du d\u00e9veloppement durable comprend la protection de l'environnement, mais aussi celle des personnes et de leur bien-\u00eatre g\u00e9n\u00e9ral. Gr\u00e2ce \u00e0 nos engagements dans Impact 2025, nous nous engageons \u00e0 apporter des am\u00e9liorations aujourd'hui pour am\u00e9liorer le monde de demain. \n\t\t\t\t\t<\/div>\n\t\t\t\t<\/div>\n\t\t\t\t<\/div>\n\t\t\t\t<div class=\"elementor-element elementor-element-7891451 elementor-widget elementor-widget-wd_button\" data-id=\"7891451\" data-element_type=\"widget\" data-widget_type=\"wd_button.default\">\n\t\t\t\t<div class=\"elementor-widget-container\">\n\t\t\t\t\t<div class=\"wd-button-wrapper text-left\" >\n\t\t\t<a class=\"btn btn-style-link btn-style- btn-size-default btn-color-default btn-icon-pos-right\"  href=\"#\">\n\t\t\t\t<span class=\"wd-btn-text\" data-elementor-setting-key=\"text\">\n\t\t\t\t\tEn savoir plus\t\t\t\t<\/span>\n\n\t\t\t\t\t\t\t\t\t<span class=\"wd-btn-icon\">\n\t\t\t\t\t\t<span class=\"wd-icon fas fa-chevron-right\"><\/span>\t\t\t\t\t<\/span>\n\t\t\t\t\t\t\t<\/a>\n\t\t<\/div>\n\t\t\t\t<\/div>\n\t\t\t\t<\/div>\n\t\t\t\t\t<\/div>\n\t\t<\/div>\n\t\t\t\t\t\t\t<\/div>\n\t\t<\/section>\n\t\t\t\t<section class=\"wd-negative-gap elementor-section elementor-top-section elementor-element elementor-element-84d7c35 elementor-reverse-tablet elementor-reverse-mobile animated-slow elementor-section-boxed elementor-section-height-default elementor-section-height-default wd-section-disabled elementor-invisible\" data-id=\"84d7c35\" data-element_type=\"section\" data-settings=\"{&quot;animation&quot;:&quot;fadeInUp&quot;}\">\n\t\t\t\t\t\t<div class=\"elementor-container elementor-column-gap-default\">\n\t\t\t\t\t<div class=\"elementor-column elementor-col-50 elementor-top-column elementor-element elementor-element-acd2e4f\" data-id=\"acd2e4f\" data-element_type=\"column\">\n\t\t\t<div class=\"elementor-widget-wrap elementor-element-populated\">\n\t\t\t\t\t\t\t\t<div class=\"elementor-element elementor-element-7de110a elementor-widget elementor-widget-wd_title\" data-id=\"7de110a\" data-element_type=\"widget\" data-widget_type=\"wd_title.default\">\n\t\t\t\t<div class=\"elementor-widget-container\">\n\t\t\t\t\t<div class=\"title-wrapper set-mb-s reset-last-child wd-title-color-primary wd-title-style-default wd-title-size-large text-center\">\n\n\t\t\t\n\t\t\t<div class=\"liner-continer\">\n\t\t\t\t<h4 class=\"woodmart-title-container title wd-fontsize-xxl\">L'innovation<br \/>\n<\/h4> \n\t\t\t\t\t\t\t<\/div>\n\n\t\t\t\t\t<\/div>\n\t\t\t\t<\/div>\n\t\t\t\t<\/div>\n\t\t\t\t<div class=\"elementor-element elementor-element-8c4236b elementor-widget elementor-widget-wd_text_block\" data-id=\"8c4236b\" data-element_type=\"widget\" data-widget_type=\"wd_text_block.default\">\n\t\t\t\t<div class=\"elementor-widget-container\">\n\t\t\t\t\t<div class=\"wd-text-block reset-last-child text-left\">\n\t\t\t\n\t\t\t<p>Les choix d'emballage ont une incidence directe sur l'impact de votre produit et de votre marque sur le d\u00e9veloppement durable. Il peut \u00eatre difficile de comprendre les effets souvent invisibles de votre emballage. Nous prenons les besoins de nos clients au s\u00e9rieux et nos \u00e9quipes interfonctionnelles tirent parti de notre processus d'innovation d\u00e9di\u00e9, en identifiant les solutions potentielles qui r\u00e9pondent aux crit\u00e8res de r\u00e9ussite de nos clients.<\/p>\n\t\t\t\t\t<\/div>\n\t\t\t\t<\/div>\n\t\t\t\t<\/div>\n\t\t\t\t<div class=\"elementor-element elementor-element-3820e99 elementor-widget elementor-widget-wd_button\" data-id=\"3820e99\" data-element_type=\"widget\" data-widget_type=\"wd_button.default\">\n\t\t\t\t<div class=\"elementor-widget-container\">\n\t\t\t\t\t<div class=\"wd-button-wrapper text-left\" >\n\t\t\t<a class=\"btn btn-style-link btn-style- btn-size-default btn-color-default btn-icon-pos-right\"  href=\"#\">\n\t\t\t\t<span class=\"wd-btn-text\" data-elementor-setting-key=\"text\">\n\t\t\t\t\tEn savoir plus\t\t\t\t<\/span>\n\n\t\t\t\t\t\t\t\t\t<span class=\"wd-btn-icon\">\n\t\t\t\t\t\t<span class=\"wd-icon fas fa-chevron-right\"><\/span>\t\t\t\t\t<\/span>\n\t\t\t\t\t\t\t<\/a>\n\t\t<\/div>\n\t\t\t\t<\/div>\n\t\t\t\t<\/div>\n\t\t\t\t\t<\/div>\n\t\t<\/div>\n\t\t\t\t<div class=\"elementor-column elementor-col-50 elementor-top-column elementor-element elementor-element-ff96409\" data-id=\"ff96409\" data-element_type=\"column\">\n\t\t\t<div class=\"elementor-widget-wrap elementor-element-populated\">\n\t\t\t\t\t\t\t\t<div class=\"elementor-element elementor-element-cbd5881 elementor-widget elementor-widget-image\" data-id=\"cbd5881\" data-element_type=\"widget\" data-widget_type=\"image.default\">\n\t\t\t\t<div class=\"elementor-widget-container\">\n\t\t\t\t\t\t\t\t\t\t\t\t\t\t\t<img loading=\"lazy\" decoding=\"async\" width=\"1024\" height=\"768\" src=\"https:\/\/www.wellongpack.com\/wp-content\/uploads\/2023\/06\/Innovation.jpg\" class=\"attachment-large size-large wp-image-10381\" alt=\"\" srcset=\"https:\/\/www.wellongpack.com\/wp-content\/uploads\/2023\/06\/Innovation.jpg 1024w, https:\/\/www.wellongpack.com\/wp-content\/uploads\/2023\/06\/Innovation-430x323.jpg 430w, https:\/\/www.wellongpack.com\/wp-content\/uploads\/2023\/06\/Innovation-150x113.jpg 150w, https:\/\/www.wellongpack.com\/wp-content\/uploads\/2023\/06\/Innovation-700x525.jpg 700w, https:\/\/www.wellongpack.com\/wp-content\/uploads\/2023\/06\/Innovation-400x300.jpg 400w, https:\/\/www.wellongpack.com\/wp-content\/uploads\/2023\/06\/Innovation-768x576.jpg 768w, https:\/\/www.wellongpack.com\/wp-content\/uploads\/2023\/06\/Innovation-860x645.jpg 860w\" sizes=\"auto, (max-width: 1024px) 100vw, 1024px\" \/>\t\t\t\t\t\t\t\t\t\t\t\t\t\t\t<\/div>\n\t\t\t\t<\/div>\n\t\t\t\t\t<\/div>\n\t\t<\/div>\n\t\t\t\t\t\t\t<\/div>\n\t\t<\/section>\n\t\t\t\t<section class=\"wd-negative-gap elementor-section elementor-top-section elementor-element elementor-element-e5b50fd elementor-reverse-tablet elementor-reverse-mobile animated-slow elementor-section-boxed elementor-section-height-default elementor-section-height-default wd-section-disabled elementor-invisible\" data-id=\"e5b50fd\" data-element_type=\"section\" data-settings=\"{&quot;animation&quot;:&quot;fadeInUp&quot;}\">\n\t\t\t\t\t\t<div class=\"elementor-container elementor-column-gap-default\">\n\t\t\t\t\t<div class=\"elementor-column elementor-col-50 elementor-top-column elementor-element elementor-element-5e49b2f\" data-id=\"5e49b2f\" data-element_type=\"column\">\n\t\t\t<div class=\"elementor-widget-wrap elementor-element-populated\">\n\t\t\t\t\t\t\t\t<div class=\"elementor-element elementor-element-44ec4bf elementor-widget elementor-widget-image\" data-id=\"44ec4bf\" data-element_type=\"widget\" data-widget_type=\"image.default\">\n\t\t\t\t<div class=\"elementor-widget-container\">\n\t\t\t\t\t\t\t\t\t\t\t\t\t\t\t<img loading=\"lazy\" decoding=\"async\" width=\"411\" height=\"800\" src=\"https:\/\/www.wellongpack.com\/wp-content\/uploads\/2023\/06\/News--411x800.jpg\" class=\"attachment-large size-large wp-image-10382\" alt=\"\" srcset=\"https:\/\/www.wellongpack.com\/wp-content\/uploads\/2023\/06\/News--411x800.jpg 411w, https:\/\/www.wellongpack.com\/wp-content\/uploads\/2023\/06\/News--430x837.jpg 430w, https:\/\/www.wellongpack.com\/wp-content\/uploads\/2023\/06\/News--150x292.jpg 150w, https:\/\/www.wellongpack.com\/wp-content\/uploads\/2023\/06\/News--700x1362.jpg 700w, https:\/\/www.wellongpack.com\/wp-content\/uploads\/2023\/06\/News--154x300.jpg 154w, https:\/\/www.wellongpack.com\/wp-content\/uploads\/2023\/06\/News--768x1495.jpg 768w, https:\/\/www.wellongpack.com\/wp-content\/uploads\/2023\/06\/News--789x1536.jpg 789w, https:\/\/www.wellongpack.com\/wp-content\/uploads\/2023\/06\/News--1052x2048.jpg 1052w, https:\/\/www.wellongpack.com\/wp-content\/uploads\/2023\/06\/News--860x1674.jpg 860w, https:\/\/www.wellongpack.com\/wp-content\/uploads\/2023\/06\/News-.jpg 1082w\" sizes=\"auto, (max-width: 411px) 100vw, 411px\" \/>\t\t\t\t\t\t\t\t\t\t\t\t\t\t\t<\/div>\n\t\t\t\t<\/div>\n\t\t\t\t\t<\/div>\n\t\t<\/div>\n\t\t\t\t<div class=\"elementor-column elementor-col-50 elementor-top-column elementor-element elementor-element-4d3f28a\" data-id=\"4d3f28a\" data-element_type=\"column\">\n\t\t\t<div class=\"elementor-widget-wrap elementor-element-populated\">\n\t\t\t\t\t\t\t\t<div class=\"elementor-element elementor-element-c6641f9 elementor-widget elementor-widget-wd_title\" data-id=\"c6641f9\" data-element_type=\"widget\" data-widget_type=\"wd_title.default\">\n\t\t\t\t<div class=\"elementor-widget-container\">\n\t\t\t\t\t<div class=\"title-wrapper set-mb-s reset-last-child wd-title-color-primary wd-title-style-default wd-title-size-large text-center\">\n\n\t\t\t\n\t\t\t<div class=\"liner-continer\">\n\t\t\t\t<h4 class=\"woodmart-title-container title wd-fontsize-xxl\">Actualit\u00e9s et analyses<\/h4> \n\t\t\t\t\t\t\t<\/div>\n\n\t\t\t\t\t<\/div>\n\t\t\t\t<\/div>\n\t\t\t\t<\/div>\n\t\t\t\t<div class=\"elementor-element elementor-element-c263fe9 elementor-widget elementor-widget-wd_text_block\" data-id=\"c263fe9\" data-element_type=\"widget\" data-widget_type=\"wd_text_block.default\">\n\t\t\t\t<div class=\"elementor-widget-container\">\n\t\t\t\t\t<div class=\"wd-text-block reset-last-child text-left\">\n\t\t\t\n\t\t\t<p><span class=\"NormalTextRun BCX2 SCXW15344251\">Tenez-vous au courant de l'actualit\u00e9 et des perspectives de Wellong Packaging. D\u00e9couvrez les webinaires, les discours, les communiqu\u00e9s de presse et bien d'autres choses encore.<\/span><span class=\"NormalTextRun BCX2 SCXW15344251\">.\u00a0<\/span><\/p>\n\t\t\t\t\t<\/div>\n\t\t\t\t<\/div>\n\t\t\t\t<\/div>\n\t\t\t\t<div class=\"elementor-element elementor-element-b98ca77 elementor-widget elementor-widget-wd_button\" data-id=\"b98ca77\" data-element_type=\"widget\" data-widget_type=\"wd_button.default\">\n\t\t\t\t<div class=\"elementor-widget-container\">\n\t\t\t\t\t<div class=\"wd-button-wrapper text-left\" >\n\t\t\t<a class=\"btn btn-style-link btn-style- btn-size-default btn-color-default btn-icon-pos-right\"  href=\"#\">\n\t\t\t\t<span class=\"wd-btn-text\" data-elementor-setting-key=\"text\">\n\t\t\t\t\tEn savoir plus\t\t\t\t<\/span>\n\n\t\t\t\t\t\t\t\t\t<span class=\"wd-btn-icon\">\n\t\t\t\t\t\t<span class=\"wd-icon fas fa-chevron-right\"><\/span>\t\t\t\t\t<\/span>\n\t\t\t\t\t\t\t<\/a>\n\t\t<\/div>\n\t\t\t\t<\/div>\n\t\t\t\t<\/div>\n\t\t\t\t\t<\/div>\n\t\t<\/div>\n\t\t\t\t\t\t\t<\/div>\n\t\t<\/section>\n\t\t\t\t\t\t\t<\/div>","protected":false},"excerpt":{"rendered":"<p>About Us We create innovative products, an inclusive culture, and value for all our stakeholders. Who We Are WELLONG is<\/p>","protected":false},"author":1,"featured_media":0,"parent":0,"menu_order":0,"comment_status":"closed","ping_status":"closed","template":"","meta":{"footnotes":""},"class_list":["post-4400","page","type-page","status-publish","hentry"],"_links":{"self":[{"href":"https:\/\/www.wellongpack.com\/fr\/wp-json\/wp\/v2\/pages\/4400","targetHints":{"allow":["GET"]}}],"collection":[{"href":"https:\/\/www.wellongpack.com\/fr\/wp-json\/wp\/v2\/pages"}],"about":[{"href":"https:\/\/www.wellongpack.com\/fr\/wp-json\/wp\/v2\/types\/page"}],"author":[{"embeddable":true,"href":"https:\/\/www.wellongpack.com\/fr\/wp-json\/wp\/v2\/users\/1"}],"replies":[{"embeddable":true,"href":"https:\/\/www.wellongpack.com\/fr\/wp-json\/wp\/v2\/comments?post=4400"}],"version-history":[{"count":24,"href":"https:\/\/www.wellongpack.com\/fr\/wp-json\/wp\/v2\/pages\/4400\/revisions"}],"predecessor-version":[{"id":10640,"href":"https:\/\/www.wellongpack.com\/fr\/wp-json\/wp\/v2\/pages\/4400\/revisions\/10640"}],"wp:attachment":[{"href":"https:\/\/www.wellongpack.com\/fr\/wp-json\/wp\/v2\/media?parent=4400"}],"curies":[{"name":"wp","href":"https:\/\/api.w.org\/{rel}","templated":true}]}}