
{"id":9969,"date":"2023-06-01T13:38:13","date_gmt":"2023-06-01T05:38:13","guid":{"rendered":"http:\/\/75.webs.svipwebs.com\/?post_type=product&#038;p=9969"},"modified":"2023-06-01T13:38:13","modified_gmt":"2023-06-01T05:38:13","slug":"paper-bag-with-window-2","status":"publish","type":"product","link":"https:\/\/www.wellongpack.com\/fi\/tuote\/paperipussi-ikkunalla-2\/","title":{"rendered":"Paperipussi, jossa on ikkuna"},"content":{"rendered":"<p>L\u00e4pin\u00e4kyv\u00e4ll\u00e4 ikkunalla varustetut paperipussit ovat ihanteellisia tuotteiden pakkaamiseen, mutta ne ovat silti hienovaraisesti esill\u00e4 myym\u00e4l\u00e4ss\u00e4 tai hyllyss\u00e4.<\/p>\n<p>Suurin osa leip\u00e4ikkunapusseistamme on:<\/p>\n<ul>\n<li>Valmistettu \"EARTH FIRST\" PLA -ikkunasta, joka pit\u00e4\u00e4 leiv\u00e4n tuoreena ja rapeana.<\/li>\n<li>Kaikissa pusseissa on koko pituudeltaan leve\u00e4 kirkas ikkunapaneeli, jossa leip\u00e4si p\u00e4\u00e4see esille.<\/li>\n<li>PLA Window Paneled Bread Bags ei huurru tai h\u00f6yrysty, kun l\u00e4mmin, tuore leip\u00e4 laitetaan sis\u00e4\u00e4n.<\/li>\n<li>ASTM-D6400-sertifioitu kompostoituva PLA-ikkunapaneelien kanssa<\/li>\n<li>Kysy, voisitko painattaa logosi ikkunapusseihin!<\/li>\n<\/ul>\n<p>30gsm-160gsm tai r\u00e4\u00e4t\u00e4l\u00f6ityj\u00e4<\/p>\n<p><img loading=\"lazy\" decoding=\"async\" class=\"alignnone size-full wp-image-9977\" src=\"https:\/\/www.wellongpack.com\/wp-content\/uploads\/2023\/06\/7b22e42ed98800b6bf1da0b2b12f873-1.jpg\" alt=\"\" width=\"1080\" height=\"1080\" srcset=\"https:\/\/www.wellongpack.com\/wp-content\/uploads\/2023\/06\/7b22e42ed98800b6bf1da0b2b12f873-1.jpg 1080w, https:\/\/www.wellongpack.com\/wp-content\/uploads\/2023\/06\/7b22e42ed98800b6bf1da0b2b12f873-1-430x430.jpg 430w, https:\/\/www.wellongpack.com\/wp-content\/uploads\/2023\/06\/7b22e42ed98800b6bf1da0b2b12f873-1-150x150.jpg 150w, https:\/\/www.wellongpack.com\/wp-content\/uploads\/2023\/06\/7b22e42ed98800b6bf1da0b2b12f873-1-700x700.jpg 700w, https:\/\/www.wellongpack.com\/wp-content\/uploads\/2023\/06\/7b22e42ed98800b6bf1da0b2b12f873-1-300x300.jpg 300w, https:\/\/www.wellongpack.com\/wp-content\/uploads\/2023\/06\/7b22e42ed98800b6bf1da0b2b12f873-1-800x800.jpg 800w, https:\/\/www.wellongpack.com\/wp-content\/uploads\/2023\/06\/7b22e42ed98800b6bf1da0b2b12f873-1-768x768.jpg 768w, https:\/\/www.wellongpack.com\/wp-content\/uploads\/2023\/06\/7b22e42ed98800b6bf1da0b2b12f873-1-860x860.jpg 860w\" sizes=\"auto, (max-width: 1080px) 100vw, 1080px\" \/> <img loading=\"lazy\" decoding=\"async\" class=\"alignnone size-full wp-image-9978\" src=\"https:\/\/www.wellongpack.com\/wp-content\/uploads\/2023\/06\/7c579d2f2db2fcffb58184019b1e9180_kraft_paper_food_zipper_packaging_bag_paper_bread_loaf_bag_with_clear_window-1.jpg\" alt=\"\" width=\"300\" height=\"300\" srcset=\"https:\/\/www.wellongpack.com\/wp-content\/uploads\/2023\/06\/7c579d2f2db2fcffb58184019b1e9180_kraft_paper_food_zipper_packaging_bag_paper_bread_loaf_bag_with_clear_window-1.jpg 300w, https:\/\/www.wellongpack.com\/wp-content\/uploads\/2023\/06\/7c579d2f2db2fcffb58184019b1e9180_kraft_paper_food_zipper_packaging_bag_paper_bread_loaf_bag_with_clear_window-1-150x150.jpg 150w\" sizes=\"auto, (max-width: 300px) 100vw, 300px\" \/> <img loading=\"lazy\" decoding=\"async\" class=\"alignnone size-full wp-image-9979\" src=\"https:\/\/www.wellongpack.com\/wp-content\/uploads\/2023\/06\/7c24910a3f088cc9fc01eb2e970cf8b1_H07cd63fdc27b45dba02b4ba382606de2u-1.jpg_960x960-1.jpg\" alt=\"\" width=\"750\" height=\"750\" srcset=\"https:\/\/www.wellongpack.com\/wp-content\/uploads\/2023\/06\/7c24910a3f088cc9fc01eb2e970cf8b1_H07cd63fdc27b45dba02b4ba382606de2u-1.jpg_960x960-1.jpg 750w, https:\/\/www.wellongpack.com\/wp-content\/uploads\/2023\/06\/7c24910a3f088cc9fc01eb2e970cf8b1_H07cd63fdc27b45dba02b4ba382606de2u-1.jpg_960x960-1-430x430.jpg 430w, https:\/\/www.wellongpack.com\/wp-content\/uploads\/2023\/06\/7c24910a3f088cc9fc01eb2e970cf8b1_H07cd63fdc27b45dba02b4ba382606de2u-1.jpg_960x960-1-150x150.jpg 150w, https:\/\/www.wellongpack.com\/wp-content\/uploads\/2023\/06\/7c24910a3f088cc9fc01eb2e970cf8b1_H07cd63fdc27b45dba02b4ba382606de2u-1.jpg_960x960-1-700x700.jpg 700w, https:\/\/www.wellongpack.com\/wp-content\/uploads\/2023\/06\/7c24910a3f088cc9fc01eb2e970cf8b1_H07cd63fdc27b45dba02b4ba382606de2u-1.jpg_960x960-1-300x300.jpg 300w\" sizes=\"auto, (max-width: 750px) 100vw, 750px\" \/> <img loading=\"lazy\" decoding=\"async\" class=\"alignnone size-full wp-image-9980\" src=\"https:\/\/www.wellongpack.com\/wp-content\/uploads\/2023\/06\/7cc7ce9baad5fb8d65d608866b0e5316_Hd588ec7290df47468bd9db2f09fb26ebD-1.jpg_960x960-1.jpg\" alt=\"\" width=\"750\" height=\"750\" srcset=\"https:\/\/www.wellongpack.com\/wp-content\/uploads\/2023\/06\/7cc7ce9baad5fb8d65d608866b0e5316_Hd588ec7290df47468bd9db2f09fb26ebD-1.jpg_960x960-1.jpg 750w, https:\/\/www.wellongpack.com\/wp-content\/uploads\/2023\/06\/7cc7ce9baad5fb8d65d608866b0e5316_Hd588ec7290df47468bd9db2f09fb26ebD-1.jpg_960x960-1-430x430.jpg 430w, https:\/\/www.wellongpack.com\/wp-content\/uploads\/2023\/06\/7cc7ce9baad5fb8d65d608866b0e5316_Hd588ec7290df47468bd9db2f09fb26ebD-1.jpg_960x960-1-150x150.jpg 150w, https:\/\/www.wellongpack.com\/wp-content\/uploads\/2023\/06\/7cc7ce9baad5fb8d65d608866b0e5316_Hd588ec7290df47468bd9db2f09fb26ebD-1.jpg_960x960-1-700x700.jpg 700w, https:\/\/www.wellongpack.com\/wp-content\/uploads\/2023\/06\/7cc7ce9baad5fb8d65d608866b0e5316_Hd588ec7290df47468bd9db2f09fb26ebD-1.jpg_960x960-1-300x300.jpg 300w\" sizes=\"auto, (max-width: 750px) 100vw, 750px\" \/> <img loading=\"lazy\" decoding=\"async\" class=\"alignnone size-full wp-image-9981\" src=\"https:\/\/www.wellongpack.com\/wp-content\/uploads\/2023\/06\/9fb602fdf7895b547e513f19ae01e7b6_Hc109f17fa4d444388b6b580fa7406ba3l-1.jpg_960x960-1.jpg\" alt=\"\" width=\"750\" height=\"750\" srcset=\"https:\/\/www.wellongpack.com\/wp-content\/uploads\/2023\/06\/9fb602fdf7895b547e513f19ae01e7b6_Hc109f17fa4d444388b6b580fa7406ba3l-1.jpg_960x960-1.jpg 750w, https:\/\/www.wellongpack.com\/wp-content\/uploads\/2023\/06\/9fb602fdf7895b547e513f19ae01e7b6_Hc109f17fa4d444388b6b580fa7406ba3l-1.jpg_960x960-1-430x430.jpg 430w, https:\/\/www.wellongpack.com\/wp-content\/uploads\/2023\/06\/9fb602fdf7895b547e513f19ae01e7b6_Hc109f17fa4d444388b6b580fa7406ba3l-1.jpg_960x960-1-150x150.jpg 150w, https:\/\/www.wellongpack.com\/wp-content\/uploads\/2023\/06\/9fb602fdf7895b547e513f19ae01e7b6_Hc109f17fa4d444388b6b580fa7406ba3l-1.jpg_960x960-1-700x700.jpg 700w, https:\/\/www.wellongpack.com\/wp-content\/uploads\/2023\/06\/9fb602fdf7895b547e513f19ae01e7b6_Hc109f17fa4d444388b6b580fa7406ba3l-1.jpg_960x960-1-300x300.jpg 300w\" sizes=\"auto, (max-width: 750px) 100vw, 750px\" \/> <img loading=\"lazy\" decoding=\"async\" class=\"alignnone size-full wp-image-9982\" src=\"https:\/\/www.wellongpack.com\/wp-content\/uploads\/2023\/06\/33a9cf9932ff322459e47a0acf9fccc-1.jpg\" alt=\"\" width=\"750\" height=\"750\" srcset=\"https:\/\/www.wellongpack.com\/wp-content\/uploads\/2023\/06\/33a9cf9932ff322459e47a0acf9fccc-1.jpg 750w, https:\/\/www.wellongpack.com\/wp-content\/uploads\/2023\/06\/33a9cf9932ff322459e47a0acf9fccc-1-430x430.jpg 430w, https:\/\/www.wellongpack.com\/wp-content\/uploads\/2023\/06\/33a9cf9932ff322459e47a0acf9fccc-1-150x150.jpg 150w, https:\/\/www.wellongpack.com\/wp-content\/uploads\/2023\/06\/33a9cf9932ff322459e47a0acf9fccc-1-700x700.jpg 700w, https:\/\/www.wellongpack.com\/wp-content\/uploads\/2023\/06\/33a9cf9932ff322459e47a0acf9fccc-1-300x300.jpg 300w\" sizes=\"auto, (max-width: 750px) 100vw, 750px\" \/> <img loading=\"lazy\" decoding=\"async\" class=\"alignnone size-full wp-image-9983\" src=\"https:\/\/www.wellongpack.com\/wp-content\/uploads\/2023\/06\/8938a7b35354e66c2bcb90e7db15ae7b_H0beba2202b6547fb9c976328a0a519f2H-1.jpg_960x960-1.jpg\" alt=\"\" width=\"750\" height=\"750\" srcset=\"https:\/\/www.wellongpack.com\/wp-content\/uploads\/2023\/06\/8938a7b35354e66c2bcb90e7db15ae7b_H0beba2202b6547fb9c976328a0a519f2H-1.jpg_960x960-1.jpg 750w, https:\/\/www.wellongpack.com\/wp-content\/uploads\/2023\/06\/8938a7b35354e66c2bcb90e7db15ae7b_H0beba2202b6547fb9c976328a0a519f2H-1.jpg_960x960-1-430x430.jpg 430w, https:\/\/www.wellongpack.com\/wp-content\/uploads\/2023\/06\/8938a7b35354e66c2bcb90e7db15ae7b_H0beba2202b6547fb9c976328a0a519f2H-1.jpg_960x960-1-150x150.jpg 150w, https:\/\/www.wellongpack.com\/wp-content\/uploads\/2023\/06\/8938a7b35354e66c2bcb90e7db15ae7b_H0beba2202b6547fb9c976328a0a519f2H-1.jpg_960x960-1-700x700.jpg 700w, https:\/\/www.wellongpack.com\/wp-content\/uploads\/2023\/06\/8938a7b35354e66c2bcb90e7db15ae7b_H0beba2202b6547fb9c976328a0a519f2H-1.jpg_960x960-1-300x300.jpg 300w\" sizes=\"auto, (max-width: 750px) 100vw, 750px\" \/> <img loading=\"lazy\" decoding=\"async\" class=\"alignnone size-full wp-image-9984\" src=\"https:\/\/www.wellongpack.com\/wp-content\/uploads\/2023\/06\/af68822732495ee93e82748c52cd7fe5_Udbb0ccedc71d440cb3a0065198fe6fe3H.jpg_960x960.jpg\" alt=\"\" width=\"960\" height=\"960\" srcset=\"https:\/\/www.wellongpack.com\/wp-content\/uploads\/2023\/06\/af68822732495ee93e82748c52cd7fe5_Udbb0ccedc71d440cb3a0065198fe6fe3H.jpg_960x960.jpg 960w, https:\/\/www.wellongpack.com\/wp-content\/uploads\/2023\/06\/af68822732495ee93e82748c52cd7fe5_Udbb0ccedc71d440cb3a0065198fe6fe3H.jpg_960x960-430x430.jpg 430w, https:\/\/www.wellongpack.com\/wp-content\/uploads\/2023\/06\/af68822732495ee93e82748c52cd7fe5_Udbb0ccedc71d440cb3a0065198fe6fe3H.jpg_960x960-150x150.jpg 150w, https:\/\/www.wellongpack.com\/wp-content\/uploads\/2023\/06\/af68822732495ee93e82748c52cd7fe5_Udbb0ccedc71d440cb3a0065198fe6fe3H.jpg_960x960-700x700.jpg 700w, https:\/\/www.wellongpack.com\/wp-content\/uploads\/2023\/06\/af68822732495ee93e82748c52cd7fe5_Udbb0ccedc71d440cb3a0065198fe6fe3H.jpg_960x960-300x300.jpg 300w, https:\/\/www.wellongpack.com\/wp-content\/uploads\/2023\/06\/af68822732495ee93e82748c52cd7fe5_Udbb0ccedc71d440cb3a0065198fe6fe3H.jpg_960x960-800x800.jpg 800w, https:\/\/www.wellongpack.com\/wp-content\/uploads\/2023\/06\/af68822732495ee93e82748c52cd7fe5_Udbb0ccedc71d440cb3a0065198fe6fe3H.jpg_960x960-768x768.jpg 768w, https:\/\/www.wellongpack.com\/wp-content\/uploads\/2023\/06\/af68822732495ee93e82748c52cd7fe5_Udbb0ccedc71d440cb3a0065198fe6fe3H.jpg_960x960-860x860.jpg 860w\" sizes=\"auto, (max-width: 960px) 100vw, 960px\" \/> <img loading=\"lazy\" decoding=\"async\" class=\"alignnone size-full wp-image-9985\" src=\"https:\/\/www.wellongpack.com\/wp-content\/uploads\/2023\/06\/d8825c0369d494b3edac069c4bd9a1ff_H4f813e22dbd945959af5aabbc7afb4deE.jpg_960x960.jpg\" alt=\"\" width=\"750\" height=\"750\" srcset=\"https:\/\/www.wellongpack.com\/wp-content\/uploads\/2023\/06\/d8825c0369d494b3edac069c4bd9a1ff_H4f813e22dbd945959af5aabbc7afb4deE.jpg_960x960.jpg 750w, https:\/\/www.wellongpack.com\/wp-content\/uploads\/2023\/06\/d8825c0369d494b3edac069c4bd9a1ff_H4f813e22dbd945959af5aabbc7afb4deE.jpg_960x960-430x430.jpg 430w, https:\/\/www.wellongpack.com\/wp-content\/uploads\/2023\/06\/d8825c0369d494b3edac069c4bd9a1ff_H4f813e22dbd945959af5aabbc7afb4deE.jpg_960x960-150x150.jpg 150w, https:\/\/www.wellongpack.com\/wp-content\/uploads\/2023\/06\/d8825c0369d494b3edac069c4bd9a1ff_H4f813e22dbd945959af5aabbc7afb4deE.jpg_960x960-700x700.jpg 700w, https:\/\/www.wellongpack.com\/wp-content\/uploads\/2023\/06\/d8825c0369d494b3edac069c4bd9a1ff_H4f813e22dbd945959af5aabbc7afb4deE.jpg_960x960-300x300.jpg 300w\" sizes=\"auto, (max-width: 750px) 100vw, 750px\" \/> <img loading=\"lazy\" decoding=\"async\" class=\"alignnone size-full wp-image-9986\" src=\"https:\/\/www.wellongpack.com\/wp-content\/uploads\/2023\/06\/e1a08a23bbe8a0a2731cbe2f151d4c23_H5bcccce0a94b445c851a9805d4bf761as.jpg_960x960.jpg\" alt=\"\" width=\"750\" height=\"750\" srcset=\"https:\/\/www.wellongpack.com\/wp-content\/uploads\/2023\/06\/e1a08a23bbe8a0a2731cbe2f151d4c23_H5bcccce0a94b445c851a9805d4bf761as.jpg_960x960.jpg 750w, https:\/\/www.wellongpack.com\/wp-content\/uploads\/2023\/06\/e1a08a23bbe8a0a2731cbe2f151d4c23_H5bcccce0a94b445c851a9805d4bf761as.jpg_960x960-430x430.jpg 430w, https:\/\/www.wellongpack.com\/wp-content\/uploads\/2023\/06\/e1a08a23bbe8a0a2731cbe2f151d4c23_H5bcccce0a94b445c851a9805d4bf761as.jpg_960x960-150x150.jpg 150w, https:\/\/www.wellongpack.com\/wp-content\/uploads\/2023\/06\/e1a08a23bbe8a0a2731cbe2f151d4c23_H5bcccce0a94b445c851a9805d4bf761as.jpg_960x960-700x700.jpg 700w, https:\/\/www.wellongpack.com\/wp-content\/uploads\/2023\/06\/e1a08a23bbe8a0a2731cbe2f151d4c23_H5bcccce0a94b445c851a9805d4bf761as.jpg_960x960-300x300.jpg 300w\" sizes=\"auto, (max-width: 750px) 100vw, 750px\" \/> <img loading=\"lazy\" decoding=\"async\" class=\"alignnone size-full wp-image-9987\" src=\"https:\/\/www.wellongpack.com\/wp-content\/uploads\/2023\/06\/f998bb1d4652c22a50c003ff6fa753f.jpg\" alt=\"\" width=\"800\" height=\"800\" srcset=\"https:\/\/www.wellongpack.com\/wp-content\/uploads\/2023\/06\/f998bb1d4652c22a50c003ff6fa753f.jpg 800w, https:\/\/www.wellongpack.com\/wp-content\/uploads\/2023\/06\/f998bb1d4652c22a50c003ff6fa753f-430x430.jpg 430w, https:\/\/www.wellongpack.com\/wp-content\/uploads\/2023\/06\/f998bb1d4652c22a50c003ff6fa753f-150x150.jpg 150w, https:\/\/www.wellongpack.com\/wp-content\/uploads\/2023\/06\/f998bb1d4652c22a50c003ff6fa753f-700x700.jpg 700w, https:\/\/www.wellongpack.com\/wp-content\/uploads\/2023\/06\/f998bb1d4652c22a50c003ff6fa753f-300x300.jpg 300w, https:\/\/www.wellongpack.com\/wp-content\/uploads\/2023\/06\/f998bb1d4652c22a50c003ff6fa753f-768x768.jpg 768w\" sizes=\"auto, (max-width: 800px) 100vw, 800px\" \/> <img loading=\"lazy\" decoding=\"async\" class=\"alignnone size-full wp-image-9988\" src=\"https:\/\/www.wellongpack.com\/wp-content\/uploads\/2023\/06\/f4318b64a9176ec30b1c78cfa5864086_H15dec56b47d243a8b16a9dc11cf9102eM.jpg_960x960.jpg\" alt=\"\" width=\"750\" height=\"750\" srcset=\"https:\/\/www.wellongpack.com\/wp-content\/uploads\/2023\/06\/f4318b64a9176ec30b1c78cfa5864086_H15dec56b47d243a8b16a9dc11cf9102eM.jpg_960x960.jpg 750w, https:\/\/www.wellongpack.com\/wp-content\/uploads\/2023\/06\/f4318b64a9176ec30b1c78cfa5864086_H15dec56b47d243a8b16a9dc11cf9102eM.jpg_960x960-430x430.jpg 430w, https:\/\/www.wellongpack.com\/wp-content\/uploads\/2023\/06\/f4318b64a9176ec30b1c78cfa5864086_H15dec56b47d243a8b16a9dc11cf9102eM.jpg_960x960-150x150.jpg 150w, https:\/\/www.wellongpack.com\/wp-content\/uploads\/2023\/06\/f4318b64a9176ec30b1c78cfa5864086_H15dec56b47d243a8b16a9dc11cf9102eM.jpg_960x960-700x700.jpg 700w, https:\/\/www.wellongpack.com\/wp-content\/uploads\/2023\/06\/f4318b64a9176ec30b1c78cfa5864086_H15dec56b47d243a8b16a9dc11cf9102eM.jpg_960x960-300x300.jpg 300w\" sizes=\"auto, (max-width: 750px) 100vw, 750px\" \/><\/p>","protected":false},"excerpt":{"rendered":"<p>Paper bags with transparent window are absolutely ideal for packing your products, yet keeping them subtly on show in the<\/p>","protected":false},"featured_media":9970,"comment_status":"open","ping_status":"closed","template":"","meta":[],"product_cat":[141,124],"product_tag":[],"class_list":["post-9969","product","type-product","status-publish","has-post-thumbnail","hentry","product_cat-paper-bag-sustainability-packaging","product_cat-sustainability-packaging"],"_links":{"self":[{"href":"https:\/\/www.wellongpack.com\/fi\/wp-json\/wp\/v2\/product\/9969","targetHints":{"allow":["GET"]}}],"collection":[{"href":"https:\/\/www.wellongpack.com\/fi\/wp-json\/wp\/v2\/product"}],"about":[{"href":"https:\/\/www.wellongpack.com\/fi\/wp-json\/wp\/v2\/types\/product"}],"replies":[{"embeddable":true,"href":"https:\/\/www.wellongpack.com\/fi\/wp-json\/wp\/v2\/comments?post=9969"}],"version-history":[{"count":1,"href":"https:\/\/www.wellongpack.com\/fi\/wp-json\/wp\/v2\/product\/9969\/revisions"}],"predecessor-version":[{"id":9989,"href":"https:\/\/www.wellongpack.com\/fi\/wp-json\/wp\/v2\/product\/9969\/revisions\/9989"}],"wp:featuredmedia":[{"embeddable":true,"href":"https:\/\/www.wellongpack.com\/fi\/wp-json\/wp\/v2\/media\/9970"}],"wp:attachment":[{"href":"https:\/\/www.wellongpack.com\/fi\/wp-json\/wp\/v2\/media?parent=9969"}],"wp:term":[{"taxonomy":"product_cat","embeddable":true,"href":"https:\/\/www.wellongpack.com\/fi\/wp-json\/wp\/v2\/product_cat?post=9969"},{"taxonomy":"product_tag","embeddable":true,"href":"https:\/\/www.wellongpack.com\/fi\/wp-json\/wp\/v2\/product_tag?post=9969"}],"curies":[{"name":"wp","href":"https:\/\/api.w.org\/{rel}","templated":true}]}}