
{"id":9837,"date":"2023-06-01T13:04:06","date_gmt":"2023-06-01T05:04:06","guid":{"rendered":"http:\/\/75.webs.svipwebs.com\/?post_type=product&#038;p=9837"},"modified":"2023-06-01T13:04:07","modified_gmt":"2023-06-01T05:04:07","slug":"disposable-bamboo-square-plate","status":"publish","type":"product","link":"https:\/\/www.wellongpack.com\/fi\/tuote\/kertakayttoinen-bambu-neliolevy\/","title":{"rendered":"Kertak\u00e4ytt\u00f6inen bambu neli\u00f6levy"},"content":{"rendered":"<p>T\u00e4m\u00e4 bambulautanen sopii t\u00e4ydellisesti mihin tahansa deli-, anniskelu-, voileip\u00e4-, ruoka-auto- tai ruokakauppaan! Se on ihanteellinen juhliin tai tarjoilutapahtumiin, joissa tarvitaan kertak\u00e4ytt\u00f6tuotteita nopeaa ja tehokasta siivousta varten.<\/p>\n<p><img loading=\"lazy\" decoding=\"async\" class=\"alignnone size-full wp-image-9838\" src=\"https:\/\/www.wellongpack.com\/wp-content\/uploads\/2023\/06\/a106cab2a5977530c67068df4adaa5b9_0K1A8351.jpg\" alt=\"\" width=\"1000\" height=\"1000\" srcset=\"https:\/\/www.wellongpack.com\/wp-content\/uploads\/2023\/06\/a106cab2a5977530c67068df4adaa5b9_0K1A8351.jpg 1000w, https:\/\/www.wellongpack.com\/wp-content\/uploads\/2023\/06\/a106cab2a5977530c67068df4adaa5b9_0K1A8351-430x430.jpg 430w, https:\/\/www.wellongpack.com\/wp-content\/uploads\/2023\/06\/a106cab2a5977530c67068df4adaa5b9_0K1A8351-150x150.jpg 150w, https:\/\/www.wellongpack.com\/wp-content\/uploads\/2023\/06\/a106cab2a5977530c67068df4adaa5b9_0K1A8351-700x700.jpg 700w, https:\/\/www.wellongpack.com\/wp-content\/uploads\/2023\/06\/a106cab2a5977530c67068df4adaa5b9_0K1A8351-300x300.jpg 300w, https:\/\/www.wellongpack.com\/wp-content\/uploads\/2023\/06\/a106cab2a5977530c67068df4adaa5b9_0K1A8351-800x800.jpg 800w, https:\/\/www.wellongpack.com\/wp-content\/uploads\/2023\/06\/a106cab2a5977530c67068df4adaa5b9_0K1A8351-768x768.jpg 768w, https:\/\/www.wellongpack.com\/wp-content\/uploads\/2023\/06\/a106cab2a5977530c67068df4adaa5b9_0K1A8351-860x860.jpg 860w\" sizes=\"auto, (max-width: 1000px) 100vw, 1000px\" \/> <img loading=\"lazy\" decoding=\"async\" class=\"alignnone size-full wp-image-9839\" src=\"https:\/\/www.wellongpack.com\/wp-content\/uploads\/2023\/06\/aa9ee49b1395e60e7ad30fa58e3d33e5_0K1A8342.jpg\" alt=\"\" width=\"1000\" height=\"1000\" srcset=\"https:\/\/www.wellongpack.com\/wp-content\/uploads\/2023\/06\/aa9ee49b1395e60e7ad30fa58e3d33e5_0K1A8342.jpg 1000w, https:\/\/www.wellongpack.com\/wp-content\/uploads\/2023\/06\/aa9ee49b1395e60e7ad30fa58e3d33e5_0K1A8342-430x430.jpg 430w, https:\/\/www.wellongpack.com\/wp-content\/uploads\/2023\/06\/aa9ee49b1395e60e7ad30fa58e3d33e5_0K1A8342-150x150.jpg 150w, https:\/\/www.wellongpack.com\/wp-content\/uploads\/2023\/06\/aa9ee49b1395e60e7ad30fa58e3d33e5_0K1A8342-700x700.jpg 700w, https:\/\/www.wellongpack.com\/wp-content\/uploads\/2023\/06\/aa9ee49b1395e60e7ad30fa58e3d33e5_0K1A8342-300x300.jpg 300w, https:\/\/www.wellongpack.com\/wp-content\/uploads\/2023\/06\/aa9ee49b1395e60e7ad30fa58e3d33e5_0K1A8342-800x800.jpg 800w, https:\/\/www.wellongpack.com\/wp-content\/uploads\/2023\/06\/aa9ee49b1395e60e7ad30fa58e3d33e5_0K1A8342-768x768.jpg 768w, https:\/\/www.wellongpack.com\/wp-content\/uploads\/2023\/06\/aa9ee49b1395e60e7ad30fa58e3d33e5_0K1A8342-860x860.jpg 860w\" sizes=\"auto, (max-width: 1000px) 100vw, 1000px\" \/> <img loading=\"lazy\" decoding=\"async\" class=\"alignnone size-full wp-image-9840\" src=\"https:\/\/www.wellongpack.com\/wp-content\/uploads\/2023\/06\/aec5da1b35e03a4718a564310e4a14c1_2257532.jpg\" alt=\"\" width=\"600\" height=\"600\" srcset=\"https:\/\/www.wellongpack.com\/wp-content\/uploads\/2023\/06\/aec5da1b35e03a4718a564310e4a14c1_2257532.jpg 600w, https:\/\/www.wellongpack.com\/wp-content\/uploads\/2023\/06\/aec5da1b35e03a4718a564310e4a14c1_2257532-430x430.jpg 430w, https:\/\/www.wellongpack.com\/wp-content\/uploads\/2023\/06\/aec5da1b35e03a4718a564310e4a14c1_2257532-150x150.jpg 150w, https:\/\/www.wellongpack.com\/wp-content\/uploads\/2023\/06\/aec5da1b35e03a4718a564310e4a14c1_2257532-300x300.jpg 300w\" sizes=\"auto, (max-width: 600px) 100vw, 600px\" \/><\/p>","protected":false},"excerpt":{"rendered":"<p>This bamboo plate is perfect for any deli, concession stand, sandwich shop, food truck, or grocery store! It&#8217;s ideal for<\/p>","protected":false},"featured_media":9838,"comment_status":"open","ping_status":"closed","template":"","meta":[],"product_cat":[136,135,124],"product_tag":[],"class_list":["post-9837","product","type-product","status-publish","has-post-thumbnail","hentry","product_cat-bamboo-plate","product_cat-bamboo-tableware","product_cat-sustainability-packaging"],"_links":{"self":[{"href":"https:\/\/www.wellongpack.com\/fi\/wp-json\/wp\/v2\/product\/9837","targetHints":{"allow":["GET"]}}],"collection":[{"href":"https:\/\/www.wellongpack.com\/fi\/wp-json\/wp\/v2\/product"}],"about":[{"href":"https:\/\/www.wellongpack.com\/fi\/wp-json\/wp\/v2\/types\/product"}],"replies":[{"embeddable":true,"href":"https:\/\/www.wellongpack.com\/fi\/wp-json\/wp\/v2\/comments?post=9837"}],"version-history":[{"count":1,"href":"https:\/\/www.wellongpack.com\/fi\/wp-json\/wp\/v2\/product\/9837\/revisions"}],"predecessor-version":[{"id":9841,"href":"https:\/\/www.wellongpack.com\/fi\/wp-json\/wp\/v2\/product\/9837\/revisions\/9841"}],"wp:featuredmedia":[{"embeddable":true,"href":"https:\/\/www.wellongpack.com\/fi\/wp-json\/wp\/v2\/media\/9838"}],"wp:attachment":[{"href":"https:\/\/www.wellongpack.com\/fi\/wp-json\/wp\/v2\/media?parent=9837"}],"wp:term":[{"taxonomy":"product_cat","embeddable":true,"href":"https:\/\/www.wellongpack.com\/fi\/wp-json\/wp\/v2\/product_cat?post=9837"},{"taxonomy":"product_tag","embeddable":true,"href":"https:\/\/www.wellongpack.com\/fi\/wp-json\/wp\/v2\/product_tag?post=9837"}],"curies":[{"name":"wp","href":"https:\/\/api.w.org\/{rel}","templated":true}]}}