
{"id":9638,"date":"2023-06-01T12:12:13","date_gmt":"2023-06-01T04:12:13","guid":{"rendered":"http:\/\/75.webs.svipwebs.com\/?post_type=product&#038;p=9638"},"modified":"2023-06-01T12:12:13","modified_gmt":"2023-06-01T04:12:13","slug":"2-compartment-container-2","status":"publish","type":"product","link":"https:\/\/www.wellongpack.com\/fi\/tuote\/2-lokeroinen-sailio-2\/","title":{"rendered":"2-osastoinen s\u00e4ili\u00f6"},"content":{"rendered":"<p>Kompostoituvat Bagasse-ruokalaatikot on valmistettu uusiutuvasta sokeriruo'on massasta, joka on valettu kest\u00e4v\u00e4ksi paperin kaltaiseksi materiaaliksi. Simpukkamalliset bagasselaatikot ovat rasvan- ja kosteudenkest\u00e4vi\u00e4, elintarvikekelpoisia sek\u00e4 t\u00e4ysin kompostoituvia ja biohajoavia.<\/p>\n<p><img loading=\"lazy\" decoding=\"async\" class=\"alignnone size-full wp-image-9643\" src=\"https:\/\/www.wellongpack.com\/wp-content\/uploads\/2023\/06\/1-11.jpg\" alt=\"\" width=\"800\" height=\"800\" srcset=\"https:\/\/www.wellongpack.com\/wp-content\/uploads\/2023\/06\/1-11.jpg 800w, https:\/\/www.wellongpack.com\/wp-content\/uploads\/2023\/06\/1-11-430x430.jpg 430w, https:\/\/www.wellongpack.com\/wp-content\/uploads\/2023\/06\/1-11-150x150.jpg 150w, https:\/\/www.wellongpack.com\/wp-content\/uploads\/2023\/06\/1-11-700x700.jpg 700w, https:\/\/www.wellongpack.com\/wp-content\/uploads\/2023\/06\/1-11-300x300.jpg 300w, https:\/\/www.wellongpack.com\/wp-content\/uploads\/2023\/06\/1-11-768x768.jpg 768w\" sizes=\"auto, (max-width: 800px) 100vw, 800px\" \/> <img loading=\"lazy\" decoding=\"async\" class=\"alignnone size-full wp-image-9644\" src=\"https:\/\/www.wellongpack.com\/wp-content\/uploads\/2023\/06\/1-12.jpg\" alt=\"\" width=\"800\" height=\"800\" srcset=\"https:\/\/www.wellongpack.com\/wp-content\/uploads\/2023\/06\/1-12.jpg 800w, https:\/\/www.wellongpack.com\/wp-content\/uploads\/2023\/06\/1-12-430x430.jpg 430w, https:\/\/www.wellongpack.com\/wp-content\/uploads\/2023\/06\/1-12-150x150.jpg 150w, https:\/\/www.wellongpack.com\/wp-content\/uploads\/2023\/06\/1-12-700x700.jpg 700w, https:\/\/www.wellongpack.com\/wp-content\/uploads\/2023\/06\/1-12-300x300.jpg 300w, https:\/\/www.wellongpack.com\/wp-content\/uploads\/2023\/06\/1-12-768x768.jpg 768w\" sizes=\"auto, (max-width: 800px) 100vw, 800px\" \/> <img loading=\"lazy\" decoding=\"async\" class=\"alignnone size-full wp-image-9645\" src=\"https:\/\/www.wellongpack.com\/wp-content\/uploads\/2023\/06\/2-9.jpg\" alt=\"\" width=\"800\" height=\"800\" srcset=\"https:\/\/www.wellongpack.com\/wp-content\/uploads\/2023\/06\/2-9.jpg 800w, https:\/\/www.wellongpack.com\/wp-content\/uploads\/2023\/06\/2-9-430x430.jpg 430w, https:\/\/www.wellongpack.com\/wp-content\/uploads\/2023\/06\/2-9-150x150.jpg 150w, https:\/\/www.wellongpack.com\/wp-content\/uploads\/2023\/06\/2-9-700x700.jpg 700w, https:\/\/www.wellongpack.com\/wp-content\/uploads\/2023\/06\/2-9-300x300.jpg 300w, https:\/\/www.wellongpack.com\/wp-content\/uploads\/2023\/06\/2-9-768x768.jpg 768w\" sizes=\"auto, (max-width: 800px) 100vw, 800px\" \/> <img loading=\"lazy\" decoding=\"async\" class=\"alignnone size-full wp-image-9646\" src=\"https:\/\/www.wellongpack.com\/wp-content\/uploads\/2023\/06\/3-6.jpg\" alt=\"\" width=\"800\" height=\"800\" srcset=\"https:\/\/www.wellongpack.com\/wp-content\/uploads\/2023\/06\/3-6.jpg 800w, https:\/\/www.wellongpack.com\/wp-content\/uploads\/2023\/06\/3-6-430x430.jpg 430w, https:\/\/www.wellongpack.com\/wp-content\/uploads\/2023\/06\/3-6-150x150.jpg 150w, https:\/\/www.wellongpack.com\/wp-content\/uploads\/2023\/06\/3-6-700x700.jpg 700w, https:\/\/www.wellongpack.com\/wp-content\/uploads\/2023\/06\/3-6-300x300.jpg 300w, https:\/\/www.wellongpack.com\/wp-content\/uploads\/2023\/06\/3-6-768x768.jpg 768w\" sizes=\"auto, (max-width: 800px) 100vw, 800px\" \/><\/p>","protected":false},"excerpt":{"rendered":"<p>Bagasse compostable food takeout boxes are made from renewable sugarcane\u00a0pulp that\u00a0is molded into a durable paper-like material. Our clamshell style<\/p>","protected":false},"featured_media":9639,"comment_status":"open","ping_status":"closed","template":"","meta":[],"product_cat":[127,125,133,124],"product_tag":[],"class_list":["post-9638","product","type-product","status-publish","has-post-thumbnail","hentry","product_cat-bagasse-box-bagassesugarcane-products-sustainability-packaging","product_cat-bagassesugarcane-products-sustainability-packaging","product_cat-clamshell-box-bagasse-box-bagassesugarcane-products-sustainability-packaging","product_cat-sustainability-packaging"],"_links":{"self":[{"href":"https:\/\/www.wellongpack.com\/fi\/wp-json\/wp\/v2\/product\/9638","targetHints":{"allow":["GET"]}}],"collection":[{"href":"https:\/\/www.wellongpack.com\/fi\/wp-json\/wp\/v2\/product"}],"about":[{"href":"https:\/\/www.wellongpack.com\/fi\/wp-json\/wp\/v2\/types\/product"}],"replies":[{"embeddable":true,"href":"https:\/\/www.wellongpack.com\/fi\/wp-json\/wp\/v2\/comments?post=9638"}],"version-history":[{"count":1,"href":"https:\/\/www.wellongpack.com\/fi\/wp-json\/wp\/v2\/product\/9638\/revisions"}],"predecessor-version":[{"id":9647,"href":"https:\/\/www.wellongpack.com\/fi\/wp-json\/wp\/v2\/product\/9638\/revisions\/9647"}],"wp:featuredmedia":[{"embeddable":true,"href":"https:\/\/www.wellongpack.com\/fi\/wp-json\/wp\/v2\/media\/9639"}],"wp:attachment":[{"href":"https:\/\/www.wellongpack.com\/fi\/wp-json\/wp\/v2\/media?parent=9638"}],"wp:term":[{"taxonomy":"product_cat","embeddable":true,"href":"https:\/\/www.wellongpack.com\/fi\/wp-json\/wp\/v2\/product_cat?post=9638"},{"taxonomy":"product_tag","embeddable":true,"href":"https:\/\/www.wellongpack.com\/fi\/wp-json\/wp\/v2\/product_tag?post=9638"}],"curies":[{"name":"wp","href":"https:\/\/api.w.org\/{rel}","templated":true}]}}