
{"id":9599,"date":"2023-06-01T11:49:35","date_gmt":"2023-06-01T03:49:35","guid":{"rendered":"http:\/\/75.webs.svipwebs.com\/?post_type=product&#038;p=9599"},"modified":"2023-06-13T10:34:56","modified_gmt":"2023-06-13T02:34:56","slug":"pb-500-2","status":"publish","type":"product","link":"https:\/\/www.wellongpack.com\/fi\/tuote\/pb-500-2\/","title":{"rendered":"Bagasse Bowl"},"content":{"rendered":"<p>Bagasse-kulhot, t\u00e4ydelliset sek\u00e4 kuumille ett\u00e4 kylmille elintarvikkeille.N\u00e4m\u00e4 Bagasse-kulhot ovat ihanteellinen ratkaisu take-out-ravintoloihin, ruokapaikkoihin, pikaruokakauppoihin jne., jotka tarjoilevat mit\u00e4 tahansa kuumia keittoja, burritos-kulhoja, kylmi\u00e4 salaatteja ja j\u00e4lkiruokia. Tarjoile lounas- tai illallispoke-kulhoja, pataruokia ja j\u00e4lkiruokia n\u00e4iss\u00e4 Bagasse-tuotteissa.<\/p>\n<p><img loading=\"lazy\" decoding=\"async\" class=\"alignnone wp-image-9604\" src=\"https:\/\/www.wellongpack.com\/wp-content\/uploads\/2023\/06\/1-2.jpg\" alt=\"\" width=\"750\" height=\"750\" srcset=\"https:\/\/www.wellongpack.com\/wp-content\/uploads\/2023\/06\/1-2.jpg 960w, https:\/\/www.wellongpack.com\/wp-content\/uploads\/2023\/06\/1-2-430x430.jpg 430w, https:\/\/www.wellongpack.com\/wp-content\/uploads\/2023\/06\/1-2-150x150.jpg 150w, https:\/\/www.wellongpack.com\/wp-content\/uploads\/2023\/06\/1-2-700x700.jpg 700w, https:\/\/www.wellongpack.com\/wp-content\/uploads\/2023\/06\/1-2-300x300.jpg 300w, https:\/\/www.wellongpack.com\/wp-content\/uploads\/2023\/06\/1-2-800x800.jpg 800w, https:\/\/www.wellongpack.com\/wp-content\/uploads\/2023\/06\/1-2-768x768.jpg 768w, https:\/\/www.wellongpack.com\/wp-content\/uploads\/2023\/06\/1-2-860x860.jpg 860w\" sizes=\"auto, (max-width: 750px) 100vw, 750px\" \/><img loading=\"lazy\" decoding=\"async\" class=\"alignnone wp-image-9605\" src=\"https:\/\/www.wellongpack.com\/wp-content\/uploads\/2023\/06\/2-2.jpg\" alt=\"\" width=\"750\" height=\"750\" srcset=\"https:\/\/www.wellongpack.com\/wp-content\/uploads\/2023\/06\/2-2.jpg 960w, https:\/\/www.wellongpack.com\/wp-content\/uploads\/2023\/06\/2-2-430x430.jpg 430w, https:\/\/www.wellongpack.com\/wp-content\/uploads\/2023\/06\/2-2-150x150.jpg 150w, https:\/\/www.wellongpack.com\/wp-content\/uploads\/2023\/06\/2-2-700x700.jpg 700w, https:\/\/www.wellongpack.com\/wp-content\/uploads\/2023\/06\/2-2-300x300.jpg 300w, https:\/\/www.wellongpack.com\/wp-content\/uploads\/2023\/06\/2-2-800x800.jpg 800w, https:\/\/www.wellongpack.com\/wp-content\/uploads\/2023\/06\/2-2-768x768.jpg 768w, https:\/\/www.wellongpack.com\/wp-content\/uploads\/2023\/06\/2-2-860x860.jpg 860w\" sizes=\"auto, (max-width: 750px) 100vw, 750px\" \/><\/p>","protected":false},"excerpt":{"rendered":"<p>Bagasse Bowls,Perfect for both\u00a0hot and cold foods.\u00a0these Bagasse Bowls are an ideal solution for take-outs, eateries, fast food shops etc.<\/p>","protected":false},"featured_media":9600,"comment_status":"closed","ping_status":"closed","template":"","meta":[],"product_cat":[126,125,124],"product_tag":[],"class_list":["post-9599","product","type-product","status-publish","has-post-thumbnail","hentry","product_cat-bagasse-bowl-bagassesugarcane-products-sustainability-packaging","product_cat-bagassesugarcane-products-sustainability-packaging","product_cat-sustainability-packaging"],"_links":{"self":[{"href":"https:\/\/www.wellongpack.com\/fi\/wp-json\/wp\/v2\/product\/9599","targetHints":{"allow":["GET"]}}],"collection":[{"href":"https:\/\/www.wellongpack.com\/fi\/wp-json\/wp\/v2\/product"}],"about":[{"href":"https:\/\/www.wellongpack.com\/fi\/wp-json\/wp\/v2\/types\/product"}],"replies":[{"embeddable":true,"href":"https:\/\/www.wellongpack.com\/fi\/wp-json\/wp\/v2\/comments?post=9599"}],"version-history":[{"count":5,"href":"https:\/\/www.wellongpack.com\/fi\/wp-json\/wp\/v2\/product\/9599\/revisions"}],"predecessor-version":[{"id":10725,"href":"https:\/\/www.wellongpack.com\/fi\/wp-json\/wp\/v2\/product\/9599\/revisions\/10725"}],"wp:featuredmedia":[{"embeddable":true,"href":"https:\/\/www.wellongpack.com\/fi\/wp-json\/wp\/v2\/media\/9600"}],"wp:attachment":[{"href":"https:\/\/www.wellongpack.com\/fi\/wp-json\/wp\/v2\/media?parent=9599"}],"wp:term":[{"taxonomy":"product_cat","embeddable":true,"href":"https:\/\/www.wellongpack.com\/fi\/wp-json\/wp\/v2\/product_cat?post=9599"},{"taxonomy":"product_tag","embeddable":true,"href":"https:\/\/www.wellongpack.com\/fi\/wp-json\/wp\/v2\/product_tag?post=9599"}],"curies":[{"name":"wp","href":"https:\/\/api.w.org\/{rel}","templated":true}]}}