
{"id":9393,"date":"2023-05-24T10:31:25","date_gmt":"2023-05-24T02:31:25","guid":{"rendered":"http:\/\/75.webs.svipwebs.com\/?post_type=product&#038;p=9393"},"modified":"2023-05-24T10:31:26","modified_gmt":"2023-05-24T02:31:26","slug":"die-cut-paper-bag","status":"publish","type":"product","link":"https:\/\/www.wellongpack.com\/fi\/tuote\/stanssattu-paperipussi\/","title":{"rendered":"Die leikattu paperipussi"},"content":{"rendered":"","protected":false},"excerpt":{"rendered":"<p>T\u00e4m\u00e4 laukku, jossa on Die-leikkaus, jotta asiakkaiden ostokset olisivat yksinkertaisia ja helppokulkuisia. Laukun suorakulmaisen pohjan ansiosta laukku seisoo k\u00e4tev\u00e4sti vakaasti ja pystyss\u00e4 pit\u00e4en sis\u00e4ll\u00f6n turvassa.<\/p>","protected":false},"featured_media":9394,"comment_status":"open","ping_status":"closed","template":"","meta":[],"product_cat":[117],"product_tag":[],"class_list":["post-9393","product","type-product","status-publish","has-post-thumbnail","hentry","product_cat-paper-bag"],"_links":{"self":[{"href":"https:\/\/www.wellongpack.com\/fi\/wp-json\/wp\/v2\/product\/9393","targetHints":{"allow":["GET"]}}],"collection":[{"href":"https:\/\/www.wellongpack.com\/fi\/wp-json\/wp\/v2\/product"}],"about":[{"href":"https:\/\/www.wellongpack.com\/fi\/wp-json\/wp\/v2\/types\/product"}],"replies":[{"embeddable":true,"href":"https:\/\/www.wellongpack.com\/fi\/wp-json\/wp\/v2\/comments?post=9393"}],"version-history":[{"count":1,"href":"https:\/\/www.wellongpack.com\/fi\/wp-json\/wp\/v2\/product\/9393\/revisions"}],"predecessor-version":[{"id":9395,"href":"https:\/\/www.wellongpack.com\/fi\/wp-json\/wp\/v2\/product\/9393\/revisions\/9395"}],"wp:featuredmedia":[{"embeddable":true,"href":"https:\/\/www.wellongpack.com\/fi\/wp-json\/wp\/v2\/media\/9394"}],"wp:attachment":[{"href":"https:\/\/www.wellongpack.com\/fi\/wp-json\/wp\/v2\/media?parent=9393"}],"wp:term":[{"taxonomy":"product_cat","embeddable":true,"href":"https:\/\/www.wellongpack.com\/fi\/wp-json\/wp\/v2\/product_cat?post=9393"},{"taxonomy":"product_tag","embeddable":true,"href":"https:\/\/www.wellongpack.com\/fi\/wp-json\/wp\/v2\/product_tag?post=9393"}],"curies":[{"name":"wp","href":"https:\/\/api.w.org\/{rel}","templated":true}]}}