
{"id":9380,"date":"2023-05-24T10:24:24","date_gmt":"2023-05-24T02:24:24","guid":{"rendered":"http:\/\/75.webs.svipwebs.com\/?post_type=product&#038;p=9380"},"modified":"2023-05-24T10:24:24","modified_gmt":"2023-05-24T02:24:24","slug":"tote-shoulder-net-shopping-bag","status":"publish","type":"product","link":"https:\/\/www.wellongpack.com\/fi\/tuote\/tote-shoulder-verkko-ostoskassi\/","title":{"rendered":"Tote olkap\u00e4\u00e4 net ostoskassi"},"content":{"rendered":"","protected":false},"excerpt":{"rendered":"<p>Mesh suunniteltu kantokassi on valmistettu korkeimpien laatuvaatimusten mukaisesti, jotta niit\u00e4 voidaan laajentaa huomattavasti, jotta niihin mahtuu paljon tavaroita, mukaan lukien pitk\u00e4t tai tilaa viev\u00e4t vihannekset tai muut tavarat.<\/p>","protected":false},"featured_media":9381,"comment_status":"open","ping_status":"closed","template":"","meta":[],"product_cat":[115],"product_tag":[],"class_list":["post-9380","product","type-product","status-publish","has-post-thumbnail","hentry","product_cat-net-bag"],"_links":{"self":[{"href":"https:\/\/www.wellongpack.com\/fi\/wp-json\/wp\/v2\/product\/9380","targetHints":{"allow":["GET"]}}],"collection":[{"href":"https:\/\/www.wellongpack.com\/fi\/wp-json\/wp\/v2\/product"}],"about":[{"href":"https:\/\/www.wellongpack.com\/fi\/wp-json\/wp\/v2\/types\/product"}],"replies":[{"embeddable":true,"href":"https:\/\/www.wellongpack.com\/fi\/wp-json\/wp\/v2\/comments?post=9380"}],"version-history":[{"count":1,"href":"https:\/\/www.wellongpack.com\/fi\/wp-json\/wp\/v2\/product\/9380\/revisions"}],"predecessor-version":[{"id":9385,"href":"https:\/\/www.wellongpack.com\/fi\/wp-json\/wp\/v2\/product\/9380\/revisions\/9385"}],"wp:featuredmedia":[{"embeddable":true,"href":"https:\/\/www.wellongpack.com\/fi\/wp-json\/wp\/v2\/media\/9381"}],"wp:attachment":[{"href":"https:\/\/www.wellongpack.com\/fi\/wp-json\/wp\/v2\/media?parent=9380"}],"wp:term":[{"taxonomy":"product_cat","embeddable":true,"href":"https:\/\/www.wellongpack.com\/fi\/wp-json\/wp\/v2\/product_cat?post=9380"},{"taxonomy":"product_tag","embeddable":true,"href":"https:\/\/www.wellongpack.com\/fi\/wp-json\/wp\/v2\/product_tag?post=9380"}],"curies":[{"name":"wp","href":"https:\/\/api.w.org\/{rel}","templated":true}]}}