
{"id":9359,"date":"2023-05-24T10:21:48","date_gmt":"2023-05-24T02:21:48","guid":{"rendered":"http:\/\/75.webs.svipwebs.com\/?post_type=product&#038;p=9359"},"modified":"2023-05-24T10:21:48","modified_gmt":"2023-05-24T02:21:48","slug":"cotton-mesh-bag","status":"publish","type":"product","link":"https:\/\/www.wellongpack.com\/fi\/tuote\/puuvilla-verkkopussi\/","title":{"rendered":"puuvilla verkkopussi"},"content":{"rendered":"","protected":false},"excerpt":{"rendered":"<p>Uudelleenk\u00e4ytett\u00e4v\u00e4t verkkotuotepussit on valmistettu 100%-puuvillasta, ja ne ovat loistava lis\u00e4 mihin tahansa ymp\u00e4rist\u00f6yst\u00e4v\u00e4lliseen tuotevalikoimaan. Tarjoamme erilaisia nippuja ja kokoja kaikki kilpailukykyiseen hintaan varmistaaksemme, ett\u00e4 ostajat saavat parhaan tarjouksen uudelleenk\u00e4ytett\u00e4vist\u00e4 verkkotuotepusseista.  Puuvillaiset verkkotuotepussimme eiv\u00e4t ole vain pehme\u00e4n tuntuisia, vaan my\u00f6s kest\u00e4vi\u00e4 ja kest\u00e4v\u00e4t hyvin tuotteiden kuljettamista maap\u00e4hkin\u00f6ist\u00e4 perunoihin.<\/p>\n<p>&nbsp;<\/p>","protected":false},"featured_media":9360,"comment_status":"open","ping_status":"closed","template":"","meta":[],"product_cat":[115],"product_tag":[],"class_list":["post-9359","product","type-product","status-publish","has-post-thumbnail","hentry","product_cat-net-bag"],"_links":{"self":[{"href":"https:\/\/www.wellongpack.com\/fi\/wp-json\/wp\/v2\/product\/9359","targetHints":{"allow":["GET"]}}],"collection":[{"href":"https:\/\/www.wellongpack.com\/fi\/wp-json\/wp\/v2\/product"}],"about":[{"href":"https:\/\/www.wellongpack.com\/fi\/wp-json\/wp\/v2\/types\/product"}],"replies":[{"embeddable":true,"href":"https:\/\/www.wellongpack.com\/fi\/wp-json\/wp\/v2\/comments?post=9359"}],"version-history":[{"count":1,"href":"https:\/\/www.wellongpack.com\/fi\/wp-json\/wp\/v2\/product\/9359\/revisions"}],"predecessor-version":[{"id":9364,"href":"https:\/\/www.wellongpack.com\/fi\/wp-json\/wp\/v2\/product\/9359\/revisions\/9364"}],"wp:featuredmedia":[{"embeddable":true,"href":"https:\/\/www.wellongpack.com\/fi\/wp-json\/wp\/v2\/media\/9360"}],"wp:attachment":[{"href":"https:\/\/www.wellongpack.com\/fi\/wp-json\/wp\/v2\/media?parent=9359"}],"wp:term":[{"taxonomy":"product_cat","embeddable":true,"href":"https:\/\/www.wellongpack.com\/fi\/wp-json\/wp\/v2\/product_cat?post=9359"},{"taxonomy":"product_tag","embeddable":true,"href":"https:\/\/www.wellongpack.com\/fi\/wp-json\/wp\/v2\/product_tag?post=9359"}],"curies":[{"name":"wp","href":"https:\/\/api.w.org\/{rel}","templated":true}]}}