
{"id":9330,"date":"2023-05-24T10:16:01","date_gmt":"2023-05-24T02:16:01","guid":{"rendered":"http:\/\/75.webs.svipwebs.com\/?post_type=product&#038;p=9330"},"modified":"2023-05-24T10:16:01","modified_gmt":"2023-05-24T02:16:01","slug":"vest-bag-with-micro-perforation","status":"publish","type":"product","link":"https:\/\/www.wellongpack.com\/fi\/tuote\/liivi-pussi-mikrolavistyksella\/","title":{"rendered":"Liivipussi, jossa on mikroperforointi"},"content":{"rendered":"","protected":false},"excerpt":{"rendered":"<p>Micro-Perforoidut leip\u00e4pussit ovat ihanteellinen valinta k\u00e4sity\u00f6l\u00e4isleiville. Tai pakkaa tuotteita, jotta vihannekset voivat hengitt\u00e4\u00e4 ilman, ett\u00e4 haitalliset h\u00f6yryt j\u00e4\u00e4v\u00e4t kiinni.<\/p>\n<ul>\n<li>Mikrol\u00e4vistykset tuulettavat tuoksuja ja houkuttelevat asiakkaita leivotun leiv\u00e4n tuoreella tuoksulla.<\/li>\n<li>Ylim\u00e4\u00e4r\u00e4inen kosteus p\u00e4\u00e4see poistumaan, jotta leip\u00e4 pysyy rapeana ja tuotteet pysyv\u00e4t tuoreina pidemp\u00e4\u00e4n.<\/li>\n<li>Rei\u00e4t ovat riitt\u00e4v\u00e4n pieni\u00e4, jotta ruoka ei p\u00e4\u00e4se j\u00e4\u00e4m\u00e4\u00e4n tunkkaiseksi.<\/li>\n<\/ul>\n<p>&nbsp;<\/p>\n<p>&nbsp;<\/p>","protected":false},"featured_media":9331,"comment_status":"open","ping_status":"closed","template":"","meta":[],"product_cat":[113],"product_tag":[],"class_list":["post-9330","product","type-product","status-publish","has-post-thumbnail","hentry","product_cat-micro-perforatedvent-hole-bags"],"_links":{"self":[{"href":"https:\/\/www.wellongpack.com\/fi\/wp-json\/wp\/v2\/product\/9330","targetHints":{"allow":["GET"]}}],"collection":[{"href":"https:\/\/www.wellongpack.com\/fi\/wp-json\/wp\/v2\/product"}],"about":[{"href":"https:\/\/www.wellongpack.com\/fi\/wp-json\/wp\/v2\/types\/product"}],"replies":[{"embeddable":true,"href":"https:\/\/www.wellongpack.com\/fi\/wp-json\/wp\/v2\/comments?post=9330"}],"version-history":[{"count":1,"href":"https:\/\/www.wellongpack.com\/fi\/wp-json\/wp\/v2\/product\/9330\/revisions"}],"predecessor-version":[{"id":9338,"href":"https:\/\/www.wellongpack.com\/fi\/wp-json\/wp\/v2\/product\/9330\/revisions\/9338"}],"wp:featuredmedia":[{"embeddable":true,"href":"https:\/\/www.wellongpack.com\/fi\/wp-json\/wp\/v2\/media\/9331"}],"wp:attachment":[{"href":"https:\/\/www.wellongpack.com\/fi\/wp-json\/wp\/v2\/media?parent=9330"}],"wp:term":[{"taxonomy":"product_cat","embeddable":true,"href":"https:\/\/www.wellongpack.com\/fi\/wp-json\/wp\/v2\/product_cat?post=9330"},{"taxonomy":"product_tag","embeddable":true,"href":"https:\/\/www.wellongpack.com\/fi\/wp-json\/wp\/v2\/product_tag?post=9330"}],"curies":[{"name":"wp","href":"https:\/\/api.w.org\/{rel}","templated":true}]}}