
{"id":9152,"date":"2023-05-24T09:38:26","date_gmt":"2023-05-24T01:38:26","guid":{"rendered":"http:\/\/75.webs.svipwebs.com\/?post_type=product&#038;p=9152"},"modified":"2023-05-24T09:38:26","modified_gmt":"2023-05-24T01:38:26","slug":"fold-pak-paper-take-out-box","status":"publish","type":"product","link":"https:\/\/www.wellongpack.com\/fi\/tuote\/fold-pak-paperi-take-out-box\/","title":{"rendered":"Fold-pak paperinen take-out-laatikko"},"content":{"rendered":"","protected":false},"excerpt":{"rendered":"<p>T\u00e4t\u00e4 astiaa k\u00e4ytet\u00e4\u00e4n yleisesti kiinalaisissa\/aasialaisissa ravintoloissa, mutta sit\u00e4 voidaan k\u00e4ytt\u00e4\u00e4 l\u00e4hes kaikille tuotteille. Sen vuoto- ja rasvankest\u00e4v\u00e4 pakkaus pit\u00e4\u00e4 kuumat, kylm\u00e4t, m\u00e4r\u00e4t tai kuivat elintarvikkeet tuoreina.Pakkauksen tehokas yksiosainen rakenne s\u00e4ilytt\u00e4\u00e4 tuoreuden s\u00e4ilytt\u00e4m\u00e4ll\u00e4 l\u00e4mp\u00f6\u00e4 ja poistamalla h\u00f6yry\u00e4.<\/p>","protected":false},"featured_media":9153,"comment_status":"open","ping_status":"closed","template":"","meta":[],"product_cat":[106],"product_tag":[],"class_list":["post-9152","product","type-product","status-publish","has-post-thumbnail","hentry","product_cat-noodle-box"],"_links":{"self":[{"href":"https:\/\/www.wellongpack.com\/fi\/wp-json\/wp\/v2\/product\/9152","targetHints":{"allow":["GET"]}}],"collection":[{"href":"https:\/\/www.wellongpack.com\/fi\/wp-json\/wp\/v2\/product"}],"about":[{"href":"https:\/\/www.wellongpack.com\/fi\/wp-json\/wp\/v2\/types\/product"}],"replies":[{"embeddable":true,"href":"https:\/\/www.wellongpack.com\/fi\/wp-json\/wp\/v2\/comments?post=9152"}],"version-history":[{"count":1,"href":"https:\/\/www.wellongpack.com\/fi\/wp-json\/wp\/v2\/product\/9152\/revisions"}],"predecessor-version":[{"id":9158,"href":"https:\/\/www.wellongpack.com\/fi\/wp-json\/wp\/v2\/product\/9152\/revisions\/9158"}],"wp:featuredmedia":[{"embeddable":true,"href":"https:\/\/www.wellongpack.com\/fi\/wp-json\/wp\/v2\/media\/9153"}],"wp:attachment":[{"href":"https:\/\/www.wellongpack.com\/fi\/wp-json\/wp\/v2\/media?parent=9152"}],"wp:term":[{"taxonomy":"product_cat","embeddable":true,"href":"https:\/\/www.wellongpack.com\/fi\/wp-json\/wp\/v2\/product_cat?post=9152"},{"taxonomy":"product_tag","embeddable":true,"href":"https:\/\/www.wellongpack.com\/fi\/wp-json\/wp\/v2\/product_tag?post=9152"}],"curies":[{"name":"wp","href":"https:\/\/api.w.org\/{rel}","templated":true}]}}