
{"id":9117,"date":"2023-05-24T09:30:01","date_gmt":"2023-05-24T01:30:01","guid":{"rendered":"http:\/\/75.webs.svipwebs.com\/?post_type=product&#038;p=9117"},"modified":"2023-05-24T09:30:02","modified_gmt":"2023-05-24T01:30:02","slug":"lunch-box4","status":"publish","type":"product","link":"https:\/\/www.wellongpack.com\/fi\/tuote\/lounaslaatikko4\/","title":{"rendered":"lounasrasia4"},"content":{"rendered":"","protected":false},"excerpt":{"rendered":"<p>T\u00e4m\u00e4 kest\u00e4v\u00e4st\u00e4 pahvista valmistettu ymp\u00e4rist\u00f6yst\u00e4v\u00e4llinen noutopakkaus on leikkauksen- ja vuodonkest\u00e4v\u00e4, joten voit l\u00e4hett\u00e4\u00e4 kastikkeita ja kastikkeita sis\u00e4lt\u00e4vi\u00e4 ruokia luottavaisin mielin ulos ovesta. T\u00e4m\u00e4 astia sopii kuumille tai kylmille elintarvikkeille, kest\u00e4\u00e4 kohtalaisesti l\u00e4mp\u00f6lamppua ja s\u00e4ilytt\u00e4\u00e4 l\u00e4mp\u00f6\u00e4.<\/p>","protected":false},"featured_media":9118,"comment_status":"open","ping_status":"closed","template":"","meta":[],"product_cat":[105],"product_tag":[],"class_list":["post-9117","product","type-product","status-publish","has-post-thumbnail","hentry","product_cat-fast-food-box"],"_links":{"self":[{"href":"https:\/\/www.wellongpack.com\/fi\/wp-json\/wp\/v2\/product\/9117","targetHints":{"allow":["GET"]}}],"collection":[{"href":"https:\/\/www.wellongpack.com\/fi\/wp-json\/wp\/v2\/product"}],"about":[{"href":"https:\/\/www.wellongpack.com\/fi\/wp-json\/wp\/v2\/types\/product"}],"replies":[{"embeddable":true,"href":"https:\/\/www.wellongpack.com\/fi\/wp-json\/wp\/v2\/comments?post=9117"}],"version-history":[{"count":1,"href":"https:\/\/www.wellongpack.com\/fi\/wp-json\/wp\/v2\/product\/9117\/revisions"}],"predecessor-version":[{"id":9121,"href":"https:\/\/www.wellongpack.com\/fi\/wp-json\/wp\/v2\/product\/9117\/revisions\/9121"}],"wp:featuredmedia":[{"embeddable":true,"href":"https:\/\/www.wellongpack.com\/fi\/wp-json\/wp\/v2\/media\/9118"}],"wp:attachment":[{"href":"https:\/\/www.wellongpack.com\/fi\/wp-json\/wp\/v2\/media?parent=9117"}],"wp:term":[{"taxonomy":"product_cat","embeddable":true,"href":"https:\/\/www.wellongpack.com\/fi\/wp-json\/wp\/v2\/product_cat?post=9117"},{"taxonomy":"product_tag","embeddable":true,"href":"https:\/\/www.wellongpack.com\/fi\/wp-json\/wp\/v2\/product_tag?post=9117"}],"curies":[{"name":"wp","href":"https:\/\/api.w.org\/{rel}","templated":true}]}}