
{"id":9098,"date":"2023-05-24T09:24:37","date_gmt":"2023-05-24T01:24:37","guid":{"rendered":"http:\/\/75.webs.svipwebs.com\/?post_type=product&#038;p=9098"},"modified":"2023-05-24T09:24:37","modified_gmt":"2023-05-24T01:24:37","slug":"lunch-box-1","status":"publish","type":"product","link":"https:\/\/www.wellongpack.com\/fi\/tuote\/lounaslaatikko-1\/","title":{"rendered":"lounasrasia 1"},"content":{"rendered":"","protected":false},"excerpt":{"rendered":"<p>Taitettavat paperiset takeout-laatikot ovat yksinkertainen ja k\u00e4tev\u00e4 tapa pakata elintarvikkeita kuljetusta ja toimitusta varten. N\u00e4iss\u00e4 suorakulmaisissa yksiosaisissa laatikoissa on nelj\u00e4 yl\u00e4laippaa, jotka taittuvat alas sulkemista varten ja joissa on yl\u00e4reunan kielekelukko, joka pit\u00e4\u00e4 laatikon turvallisena. Laatikot on valmistettu tukevasta kartongista, ja sis\u00e4puolella on lis\u00e4tty polyeteenivuori, joka est\u00e4\u00e4 rasvan ja kosteuden vuotamisen l\u00e4pi.<\/p>","protected":false},"featured_media":9099,"comment_status":"open","ping_status":"closed","template":"","meta":[],"product_cat":[105],"product_tag":[],"class_list":["post-9098","product","type-product","status-publish","has-post-thumbnail","hentry","product_cat-fast-food-box"],"_links":{"self":[{"href":"https:\/\/www.wellongpack.com\/fi\/wp-json\/wp\/v2\/product\/9098","targetHints":{"allow":["GET"]}}],"collection":[{"href":"https:\/\/www.wellongpack.com\/fi\/wp-json\/wp\/v2\/product"}],"about":[{"href":"https:\/\/www.wellongpack.com\/fi\/wp-json\/wp\/v2\/types\/product"}],"replies":[{"embeddable":true,"href":"https:\/\/www.wellongpack.com\/fi\/wp-json\/wp\/v2\/comments?post=9098"}],"version-history":[{"count":1,"href":"https:\/\/www.wellongpack.com\/fi\/wp-json\/wp\/v2\/product\/9098\/revisions"}],"predecessor-version":[{"id":9104,"href":"https:\/\/www.wellongpack.com\/fi\/wp-json\/wp\/v2\/product\/9098\/revisions\/9104"}],"wp:featuredmedia":[{"embeddable":true,"href":"https:\/\/www.wellongpack.com\/fi\/wp-json\/wp\/v2\/media\/9099"}],"wp:attachment":[{"href":"https:\/\/www.wellongpack.com\/fi\/wp-json\/wp\/v2\/media?parent=9098"}],"wp:term":[{"taxonomy":"product_cat","embeddable":true,"href":"https:\/\/www.wellongpack.com\/fi\/wp-json\/wp\/v2\/product_cat?post=9098"},{"taxonomy":"product_tag","embeddable":true,"href":"https:\/\/www.wellongpack.com\/fi\/wp-json\/wp\/v2\/product_tag?post=9098"}],"curies":[{"name":"wp","href":"https:\/\/api.w.org\/{rel}","templated":true}]}}