
{"id":9081,"date":"2023-05-24T09:17:30","date_gmt":"2023-05-24T01:17:30","guid":{"rendered":"http:\/\/75.webs.svipwebs.com\/?post_type=product&#038;p=9081"},"modified":"2025-10-07T10:45:33","modified_gmt":"2025-10-07T02:45:33","slug":"kraft-paper-square-bowl","status":"publish","type":"product","link":"https:\/\/www.wellongpack.com\/fi\/tuote\/kraft-paperi-nelion-muotoinen-kulho\/","title":{"rendered":"Neli\u00f6n muotoinen voimapaperikulho"},"content":{"rendered":"","protected":false},"excerpt":{"rendered":"<p>Neli\u00f6n muotoinen kraft PE-vuorattu mikrossa l\u00e4mmitett\u00e4v\u00e4 noutoastia sopii erinomaisesti l\u00e4mpimille ja kylmille ruoille, j\u00e4lkiruoille ja lisukkeille. Se on valmistettu polymeeratulla sis\u00e4puolella, joka suojaa vuodoilta \u00f6ljyn, rasvan tai kastikkeiden vaikutuksesta. Yhteensopiva kansi (myyd\u00e4\u00e4n erikseen) pit\u00e4\u00e4 ruoan turvallisena ja suojattuna kuljetuksen aikana.<\/p>","protected":false},"featured_media":9082,"comment_status":"open","ping_status":"closed","template":"","meta":[],"product_cat":[100],"product_tag":[],"class_list":["post-9081","product","type-product","status-publish","has-post-thumbnail","hentry","product_cat-paper-bowl-and-pot"],"_links":{"self":[{"href":"https:\/\/www.wellongpack.com\/fi\/wp-json\/wp\/v2\/product\/9081","targetHints":{"allow":["GET"]}}],"collection":[{"href":"https:\/\/www.wellongpack.com\/fi\/wp-json\/wp\/v2\/product"}],"about":[{"href":"https:\/\/www.wellongpack.com\/fi\/wp-json\/wp\/v2\/types\/product"}],"replies":[{"embeddable":true,"href":"https:\/\/www.wellongpack.com\/fi\/wp-json\/wp\/v2\/comments?post=9081"}],"version-history":[{"count":1,"href":"https:\/\/www.wellongpack.com\/fi\/wp-json\/wp\/v2\/product\/9081\/revisions"}],"predecessor-version":[{"id":9088,"href":"https:\/\/www.wellongpack.com\/fi\/wp-json\/wp\/v2\/product\/9081\/revisions\/9088"}],"wp:featuredmedia":[{"embeddable":true,"href":"https:\/\/www.wellongpack.com\/fi\/wp-json\/wp\/v2\/media\/9082"}],"wp:attachment":[{"href":"https:\/\/www.wellongpack.com\/fi\/wp-json\/wp\/v2\/media?parent=9081"}],"wp:term":[{"taxonomy":"product_cat","embeddable":true,"href":"https:\/\/www.wellongpack.com\/fi\/wp-json\/wp\/v2\/product_cat?post=9081"},{"taxonomy":"product_tag","embeddable":true,"href":"https:\/\/www.wellongpack.com\/fi\/wp-json\/wp\/v2\/product_tag?post=9081"}],"curies":[{"name":"wp","href":"https:\/\/api.w.org\/{rel}","templated":true}]}}