
{"id":8996,"date":"2023-05-23T17:12:26","date_gmt":"2023-05-23T09:12:26","guid":{"rendered":"http:\/\/75.webs.svipwebs.com\/?post_type=product&#038;p=8996"},"modified":"2023-05-23T17:12:27","modified_gmt":"2023-05-23T09:12:27","slug":"bagasse-food-tray","status":"publish","type":"product","link":"https:\/\/www.wellongpack.com\/fi\/tuote\/bagasse-ruokakuppi\/","title":{"rendered":"Bagassesta valmistettu ruokalautanen"},"content":{"rendered":"","protected":false},"excerpt":{"rendered":"<p>T\u00e4ss\u00e4 Bagasse-lihatarjottimessa on liotuksenkest\u00e4v\u00e4 muotoilu ja biopohjainen vuori, joka est\u00e4\u00e4 vuodot ja pit\u00e4\u00e4 ruoan tuoreena. Se on riitt\u00e4v\u00e4n kest\u00e4v\u00e4 kest\u00e4m\u00e4\u00e4n erilaisia lihoja ja koostumuksia, mutta on silti k\u00e4tev\u00e4sti kertak\u00e4ytt\u00f6inen. T\u00e4m\u00e4 ymp\u00e4rist\u00f6yst\u00e4v\u00e4llinen tarjotin sopii erinomaisesti herkkukauppoihin, ruokakauppoihin ja noutoravintoloihin, ja se auttaa pienent\u00e4m\u00e4\u00e4n laitoksesi hiilijalanj\u00e4lke\u00e4.<\/p>","protected":false},"featured_media":8997,"comment_status":"open","ping_status":"closed","template":"","meta":[],"product_cat":[98],"product_tag":[],"class_list":["post-8996","product","type-product","status-publish","has-post-thumbnail","hentry","product_cat-bagasse-tray"],"_links":{"self":[{"href":"https:\/\/www.wellongpack.com\/fi\/wp-json\/wp\/v2\/product\/8996","targetHints":{"allow":["GET"]}}],"collection":[{"href":"https:\/\/www.wellongpack.com\/fi\/wp-json\/wp\/v2\/product"}],"about":[{"href":"https:\/\/www.wellongpack.com\/fi\/wp-json\/wp\/v2\/types\/product"}],"replies":[{"embeddable":true,"href":"https:\/\/www.wellongpack.com\/fi\/wp-json\/wp\/v2\/comments?post=8996"}],"version-history":[{"count":1,"href":"https:\/\/www.wellongpack.com\/fi\/wp-json\/wp\/v2\/product\/8996\/revisions"}],"predecessor-version":[{"id":9001,"href":"https:\/\/www.wellongpack.com\/fi\/wp-json\/wp\/v2\/product\/8996\/revisions\/9001"}],"wp:featuredmedia":[{"embeddable":true,"href":"https:\/\/www.wellongpack.com\/fi\/wp-json\/wp\/v2\/media\/8997"}],"wp:attachment":[{"href":"https:\/\/www.wellongpack.com\/fi\/wp-json\/wp\/v2\/media?parent=8996"}],"wp:term":[{"taxonomy":"product_cat","embeddable":true,"href":"https:\/\/www.wellongpack.com\/fi\/wp-json\/wp\/v2\/product_cat?post=8996"},{"taxonomy":"product_tag","embeddable":true,"href":"https:\/\/www.wellongpack.com\/fi\/wp-json\/wp\/v2\/product_tag?post=8996"}],"curies":[{"name":"wp","href":"https:\/\/api.w.org\/{rel}","templated":true}]}}