
{"id":8984,"date":"2023-05-23T17:10:31","date_gmt":"2023-05-23T09:10:31","guid":{"rendered":"http:\/\/75.webs.svipwebs.com\/?post_type=product&#038;p=8984"},"modified":"2023-05-23T17:10:32","modified_gmt":"2023-05-23T09:10:32","slug":"4-compartment-bagasse-tray","status":"publish","type":"product","link":"https:\/\/www.wellongpack.com\/fi\/tuote\/4-lokeroinen-laukkulokero\/","title":{"rendered":"4-osastoinen bagassilokero"},"content":{"rendered":"","protected":false},"excerpt":{"rendered":"<p>T\u00e4m\u00e4 sokeriruo'osta \/ bagassimateriaalista valmistettu tarjotin sopii erinomaisesti ravintoloihin, pitopalveluihin ja voileip\u00e4kuppiloihin, jotka tarjoilevat mit\u00e4 tahansa l\u00e4mpimist\u00e4 alkupaloista kylmiin salaatteihin. Kuljeta ateria helposti kahvilassa tai ruokasalissa ja ota samalla askel kohti vihreytt\u00e4 t\u00e4m\u00e4n ymp\u00e4rist\u00f6\u00e4 s\u00e4\u00e4st\u00e4v\u00e4n vaihtoehdon avulla!<\/p>","protected":false},"featured_media":8985,"comment_status":"open","ping_status":"closed","template":"","meta":[],"product_cat":[98],"product_tag":[],"class_list":["post-8984","product","type-product","status-publish","has-post-thumbnail","hentry","product_cat-bagasse-tray"],"_links":{"self":[{"href":"https:\/\/www.wellongpack.com\/fi\/wp-json\/wp\/v2\/product\/8984","targetHints":{"allow":["GET"]}}],"collection":[{"href":"https:\/\/www.wellongpack.com\/fi\/wp-json\/wp\/v2\/product"}],"about":[{"href":"https:\/\/www.wellongpack.com\/fi\/wp-json\/wp\/v2\/types\/product"}],"replies":[{"embeddable":true,"href":"https:\/\/www.wellongpack.com\/fi\/wp-json\/wp\/v2\/comments?post=8984"}],"version-history":[{"count":1,"href":"https:\/\/www.wellongpack.com\/fi\/wp-json\/wp\/v2\/product\/8984\/revisions"}],"predecessor-version":[{"id":8989,"href":"https:\/\/www.wellongpack.com\/fi\/wp-json\/wp\/v2\/product\/8984\/revisions\/8989"}],"wp:featuredmedia":[{"embeddable":true,"href":"https:\/\/www.wellongpack.com\/fi\/wp-json\/wp\/v2\/media\/8985"}],"wp:attachment":[{"href":"https:\/\/www.wellongpack.com\/fi\/wp-json\/wp\/v2\/media?parent=8984"}],"wp:term":[{"taxonomy":"product_cat","embeddable":true,"href":"https:\/\/www.wellongpack.com\/fi\/wp-json\/wp\/v2\/product_cat?post=8984"},{"taxonomy":"product_tag","embeddable":true,"href":"https:\/\/www.wellongpack.com\/fi\/wp-json\/wp\/v2\/product_tag?post=8984"}],"curies":[{"name":"wp","href":"https:\/\/api.w.org\/{rel}","templated":true}]}}