
{"id":8955,"date":"2023-05-23T17:06:09","date_gmt":"2023-05-23T09:06:09","guid":{"rendered":"http:\/\/75.webs.svipwebs.com\/?post_type=product&#038;p=8955"},"modified":"2023-05-23T17:06:10","modified_gmt":"2023-05-23T09:06:10","slug":"cake-plate","status":"publish","type":"product","link":"https:\/\/www.wellongpack.com\/fi\/tuote\/kakkuvuoka\/","title":{"rendered":"kakkulautanen"},"content":{"rendered":"","protected":false},"excerpt":{"rendered":"<p>T\u00e4m\u00e4 sokeriruoko\/bagasse-kakkulautanen vie v\u00e4hemm\u00e4n s\u00e4ilytystilaa kuin muut kertak\u00e4ytt\u00f6vaihtoehdot, ja siihen mahtuu raskaampia ruokia kuin paperiin tai styroxiin. Lis\u00e4ksi, koska sen tuottaminen vaatii paljon v\u00e4hemm\u00e4n energiaa, se s\u00e4\u00e4st\u00e4\u00e4 sek\u00e4 energiaa ett\u00e4 luonnonvaroja.Kirkkaan valkoisen v\u00e4rins\u00e4 ansiosta t\u00e4m\u00e4 lautanen sopii l\u00e4hes mihin tahansa ravintolan sisustukseen ja teemaan luoden samalla puhtaan ja raikkaan kankaan kaikenlaisille ruoille.<\/p>","protected":false},"featured_media":8956,"comment_status":"open","ping_status":"closed","template":"","meta":[],"product_cat":[97],"product_tag":[],"class_list":["post-8955","product","type-product","status-publish","has-post-thumbnail","hentry","product_cat-bagasse-plate"],"_links":{"self":[{"href":"https:\/\/www.wellongpack.com\/fi\/wp-json\/wp\/v2\/product\/8955","targetHints":{"allow":["GET"]}}],"collection":[{"href":"https:\/\/www.wellongpack.com\/fi\/wp-json\/wp\/v2\/product"}],"about":[{"href":"https:\/\/www.wellongpack.com\/fi\/wp-json\/wp\/v2\/types\/product"}],"replies":[{"embeddable":true,"href":"https:\/\/www.wellongpack.com\/fi\/wp-json\/wp\/v2\/comments?post=8955"}],"version-history":[{"count":1,"href":"https:\/\/www.wellongpack.com\/fi\/wp-json\/wp\/v2\/product\/8955\/revisions"}],"predecessor-version":[{"id":8961,"href":"https:\/\/www.wellongpack.com\/fi\/wp-json\/wp\/v2\/product\/8955\/revisions\/8961"}],"wp:featuredmedia":[{"embeddable":true,"href":"https:\/\/www.wellongpack.com\/fi\/wp-json\/wp\/v2\/media\/8956"}],"wp:attachment":[{"href":"https:\/\/www.wellongpack.com\/fi\/wp-json\/wp\/v2\/media?parent=8955"}],"wp:term":[{"taxonomy":"product_cat","embeddable":true,"href":"https:\/\/www.wellongpack.com\/fi\/wp-json\/wp\/v2\/product_cat?post=8955"},{"taxonomy":"product_tag","embeddable":true,"href":"https:\/\/www.wellongpack.com\/fi\/wp-json\/wp\/v2\/product_tag?post=8955"}],"curies":[{"name":"wp","href":"https:\/\/api.w.org\/{rel}","templated":true}]}}