
{"id":8911,"date":"2023-05-23T16:48:31","date_gmt":"2023-05-23T08:48:31","guid":{"rendered":"http:\/\/75.webs.svipwebs.com\/?post_type=product&#038;p=8911"},"modified":"2023-05-23T16:48:33","modified_gmt":"2023-05-23T08:48:33","slug":"lids","status":"publish","type":"product","link":"https:\/\/www.wellongpack.com\/fi\/tuote\/kannet\/","title":{"rendered":"kannet"},"content":{"rendered":"","protected":false},"excerpt":{"rendered":"<p>N\u00e4m\u00e4\u00a0<strong><b>sokeriruokomukin kannet<\/b><\/strong>\u00a0ovat kaupallisesti kompostoituvia ja biohajoavia, joten siivouksen tehostaminen ja ymp\u00e4rist\u00f6yst\u00e4v\u00e4llisyys on helppoa. N\u00e4m\u00e4 kompostoituvat kannet, joissa on valkoinen viimeistely ja litte\u00e4 muotoilu, ovat tiiviit\u00e4, ja ne napsahtavat helposti bagassikuppien p\u00e4\u00e4lle ja pois est\u00e4m\u00e4\u00e4n sotkuiset vuodot.<\/p>","protected":false},"featured_media":8912,"comment_status":"open","ping_status":"closed","template":"","meta":[],"product_cat":[96],"product_tag":[],"class_list":["post-8911","product","type-product","status-publish","has-post-thumbnail","hentry","product_cat-bagasse-cup-and-lids"],"_links":{"self":[{"href":"https:\/\/www.wellongpack.com\/fi\/wp-json\/wp\/v2\/product\/8911","targetHints":{"allow":["GET"]}}],"collection":[{"href":"https:\/\/www.wellongpack.com\/fi\/wp-json\/wp\/v2\/product"}],"about":[{"href":"https:\/\/www.wellongpack.com\/fi\/wp-json\/wp\/v2\/types\/product"}],"replies":[{"embeddable":true,"href":"https:\/\/www.wellongpack.com\/fi\/wp-json\/wp\/v2\/comments?post=8911"}],"version-history":[{"count":1,"href":"https:\/\/www.wellongpack.com\/fi\/wp-json\/wp\/v2\/product\/8911\/revisions"}],"predecessor-version":[{"id":8920,"href":"https:\/\/www.wellongpack.com\/fi\/wp-json\/wp\/v2\/product\/8911\/revisions\/8920"}],"wp:featuredmedia":[{"embeddable":true,"href":"https:\/\/www.wellongpack.com\/fi\/wp-json\/wp\/v2\/media\/8912"}],"wp:attachment":[{"href":"https:\/\/www.wellongpack.com\/fi\/wp-json\/wp\/v2\/media?parent=8911"}],"wp:term":[{"taxonomy":"product_cat","embeddable":true,"href":"https:\/\/www.wellongpack.com\/fi\/wp-json\/wp\/v2\/product_cat?post=8911"},{"taxonomy":"product_tag","embeddable":true,"href":"https:\/\/www.wellongpack.com\/fi\/wp-json\/wp\/v2\/product_tag?post=8911"}],"curies":[{"name":"wp","href":"https:\/\/api.w.org\/{rel}","templated":true}]}}