
{"id":8832,"date":"2023-05-23T16:01:17","date_gmt":"2023-05-23T08:01:17","guid":{"rendered":"http:\/\/75.webs.svipwebs.com\/?post_type=product&#038;p=8832"},"modified":"2023-05-23T16:01:18","modified_gmt":"2023-05-23T08:01:18","slug":"aluminum-foil-bbq-tray","status":"publish","type":"product","link":"https:\/\/www.wellongpack.com\/fi\/tuote\/alumiini-foil-grilli-tarjotin\/","title":{"rendered":"Alumiinifolio BBQ-tarjotin"},"content":{"rendered":"","protected":false},"excerpt":{"rendered":"<p>N\u00e4iss\u00e4 folioalustoissa on pienet, hyvin sijoitetut rei\u00e4t, jotka mahdollistavat l\u00e4mm\u00f6n kiert\u00e4misen ruoanlaiton aikana.Ne sopivat erinomaisesti lihan ja vihannesten paistamiseen ja grillaamiseen.N\u00e4m\u00e4 folioalustat ovat uudelleenk\u00e4ytett\u00e4vi\u00e4, ja ne on vain pest\u00e4v\u00e4 k\u00e4sin k\u00e4yt\u00f6n j\u00e4lkeen, mink\u00e4 j\u00e4lkeen ne ovat valmiita seuraavaa k\u00e4ytt\u00f6\u00e4 varten.<\/p>","protected":false},"featured_media":8833,"comment_status":"open","ping_status":"closed","template":"","meta":[],"product_cat":[90],"product_tag":[],"class_list":["post-8832","product","type-product","status-publish","has-post-thumbnail","hentry","product_cat-aluminum-foil-traypan"],"_links":{"self":[{"href":"https:\/\/www.wellongpack.com\/fi\/wp-json\/wp\/v2\/product\/8832","targetHints":{"allow":["GET"]}}],"collection":[{"href":"https:\/\/www.wellongpack.com\/fi\/wp-json\/wp\/v2\/product"}],"about":[{"href":"https:\/\/www.wellongpack.com\/fi\/wp-json\/wp\/v2\/types\/product"}],"replies":[{"embeddable":true,"href":"https:\/\/www.wellongpack.com\/fi\/wp-json\/wp\/v2\/comments?post=8832"}],"version-history":[{"count":1,"href":"https:\/\/www.wellongpack.com\/fi\/wp-json\/wp\/v2\/product\/8832\/revisions"}],"predecessor-version":[{"id":8839,"href":"https:\/\/www.wellongpack.com\/fi\/wp-json\/wp\/v2\/product\/8832\/revisions\/8839"}],"wp:featuredmedia":[{"embeddable":true,"href":"https:\/\/www.wellongpack.com\/fi\/wp-json\/wp\/v2\/media\/8833"}],"wp:attachment":[{"href":"https:\/\/www.wellongpack.com\/fi\/wp-json\/wp\/v2\/media?parent=8832"}],"wp:term":[{"taxonomy":"product_cat","embeddable":true,"href":"https:\/\/www.wellongpack.com\/fi\/wp-json\/wp\/v2\/product_cat?post=8832"},{"taxonomy":"product_tag","embeddable":true,"href":"https:\/\/www.wellongpack.com\/fi\/wp-json\/wp\/v2\/product_tag?post=8832"}],"curies":[{"name":"wp","href":"https:\/\/api.w.org\/{rel}","templated":true}]}}