
{"id":10591,"date":"2023-06-09T15:35:54","date_gmt":"2023-06-09T07:35:54","guid":{"rendered":"http:\/\/75.webs.svipwebs.com\/?post_type=product&#038;p=10591"},"modified":"2023-06-12T21:48:54","modified_gmt":"2023-06-12T13:48:54","slug":"rice-coffee-stick-2","status":"publish","type":"product","link":"https:\/\/www.wellongpack.com\/fi\/tuote\/riisi-kahvitikku-2\/","title":{"rendered":"Riisi kahvi Stick"},"content":{"rendered":"<p>Riisitikun pinta on sile\u00e4, vahva ja joustava. Verrattuna tavallisiin muovitikkuihin riisitikkuja voidaan sy\u00f6d\u00e4 suoraan, ja maku on rapea ja rapea, ja maku on kuin tavallinen riisi croissant. Raaka-aineita voidaan my\u00f6s s\u00e4\u00e4t\u00e4\u00e4 eriv\u00e4risten tikkujen valmistamiseksi. Puffing-extruusiomenetelm\u00e4ll\u00e4 valmistettua riisitikkua voidaan liottaa kuumissa juomissa 2-3 tuntia, kun taas kylmiss\u00e4 juomissa se voi kest\u00e4\u00e4 pidemp\u00e4\u00e4n, jopa 5-10 tuntia.<\/p>\n<p><img loading=\"lazy\" decoding=\"async\" class=\"alignnone size-full wp-image-10594\" src=\"https:\/\/www.wellongpack.com\/wp-content\/uploads\/2023\/06\/1-108.jpg\" alt=\"\" width=\"1024\" height=\"1024\" srcset=\"https:\/\/www.wellongpack.com\/wp-content\/uploads\/2023\/06\/1-108.jpg 1024w, https:\/\/www.wellongpack.com\/wp-content\/uploads\/2023\/06\/1-108-430x430.jpg 430w, https:\/\/www.wellongpack.com\/wp-content\/uploads\/2023\/06\/1-108-150x150.jpg 150w, https:\/\/www.wellongpack.com\/wp-content\/uploads\/2023\/06\/1-108-700x700.jpg 700w, https:\/\/www.wellongpack.com\/wp-content\/uploads\/2023\/06\/1-108-300x300.jpg 300w, https:\/\/www.wellongpack.com\/wp-content\/uploads\/2023\/06\/1-108-800x800.jpg 800w, https:\/\/www.wellongpack.com\/wp-content\/uploads\/2023\/06\/1-108-768x768.jpg 768w, https:\/\/www.wellongpack.com\/wp-content\/uploads\/2023\/06\/1-108-860x860.jpg 860w\" sizes=\"auto, (max-width: 1024px) 100vw, 1024px\" \/> <img loading=\"lazy\" decoding=\"async\" class=\"alignnone size-full wp-image-10595\" src=\"https:\/\/www.wellongpack.com\/wp-content\/uploads\/2023\/06\/2-102.jpg\" alt=\"\" width=\"1024\" height=\"1024\" srcset=\"https:\/\/www.wellongpack.com\/wp-content\/uploads\/2023\/06\/2-102.jpg 1024w, https:\/\/www.wellongpack.com\/wp-content\/uploads\/2023\/06\/2-102-430x430.jpg 430w, https:\/\/www.wellongpack.com\/wp-content\/uploads\/2023\/06\/2-102-150x150.jpg 150w, https:\/\/www.wellongpack.com\/wp-content\/uploads\/2023\/06\/2-102-700x700.jpg 700w, https:\/\/www.wellongpack.com\/wp-content\/uploads\/2023\/06\/2-102-300x300.jpg 300w, https:\/\/www.wellongpack.com\/wp-content\/uploads\/2023\/06\/2-102-800x800.jpg 800w, https:\/\/www.wellongpack.com\/wp-content\/uploads\/2023\/06\/2-102-768x768.jpg 768w, https:\/\/www.wellongpack.com\/wp-content\/uploads\/2023\/06\/2-102-860x860.jpg 860w\" sizes=\"auto, (max-width: 1024px) 100vw, 1024px\" \/><\/p>","protected":false},"excerpt":{"rendered":"<p>The surface of rice stick is smooth, strong and flexible. Compared with ordinary plastic sticks, rice sticks\u00a0can be eaten directly,<\/p>","protected":false},"featured_media":10592,"comment_status":"open","ping_status":"closed","template":"","meta":[],"product_cat":[70,123,121],"product_tag":[],"class_list":["post-10591","product","type-product","status-publish","has-post-thumbnail","hentry","product_cat-foodservice-packaging","product_cat-rice-straw","product_cat-strawstirrer"],"_links":{"self":[{"href":"https:\/\/www.wellongpack.com\/fi\/wp-json\/wp\/v2\/product\/10591","targetHints":{"allow":["GET"]}}],"collection":[{"href":"https:\/\/www.wellongpack.com\/fi\/wp-json\/wp\/v2\/product"}],"about":[{"href":"https:\/\/www.wellongpack.com\/fi\/wp-json\/wp\/v2\/types\/product"}],"replies":[{"embeddable":true,"href":"https:\/\/www.wellongpack.com\/fi\/wp-json\/wp\/v2\/comments?post=10591"}],"version-history":[{"count":2,"href":"https:\/\/www.wellongpack.com\/fi\/wp-json\/wp\/v2\/product\/10591\/revisions"}],"predecessor-version":[{"id":10660,"href":"https:\/\/www.wellongpack.com\/fi\/wp-json\/wp\/v2\/product\/10591\/revisions\/10660"}],"wp:featuredmedia":[{"embeddable":true,"href":"https:\/\/www.wellongpack.com\/fi\/wp-json\/wp\/v2\/media\/10592"}],"wp:attachment":[{"href":"https:\/\/www.wellongpack.com\/fi\/wp-json\/wp\/v2\/media?parent=10591"}],"wp:term":[{"taxonomy":"product_cat","embeddable":true,"href":"https:\/\/www.wellongpack.com\/fi\/wp-json\/wp\/v2\/product_cat?post=10591"},{"taxonomy":"product_tag","embeddable":true,"href":"https:\/\/www.wellongpack.com\/fi\/wp-json\/wp\/v2\/product_tag?post=10591"}],"curies":[{"name":"wp","href":"https:\/\/api.w.org\/{rel}","templated":true}]}}