
{"id":10585,"date":"2023-06-09T15:34:05","date_gmt":"2023-06-09T07:34:05","guid":{"rendered":"http:\/\/75.webs.svipwebs.com\/?post_type=product&#038;p=10585"},"modified":"2023-06-13T09:25:54","modified_gmt":"2023-06-13T01:25:54","slug":"inner-box-rice-straw-2","status":"publish","type":"product","link":"https:\/\/www.wellongpack.com\/fi\/tuote\/inner-box-rice-straw-2\/","title":{"rendered":"Sis\u00e4laatikko Rice Straw"},"content":{"rendered":"<p>The rice straw is made of rice and cassava (cassava is the raw material for making pearls in bubble milk tea, which can make the straw strong and tough, and the surface is smoother), which is made by a puffing extrusion process. Its appearance is no different from ordinary plastic straws. The surface of rice straws is smooth, strong and flexible. Compared with ordinary plastic straws, rice straws can be eaten directly, and the taste is crispy and crispy, and the taste is like the common rice croissant.<\/p>\n<p><img loading=\"lazy\" decoding=\"async\" class=\"alignnone wp-image-10586\" src=\"https:\/\/www.wellongpack.com\/wp-content\/uploads\/2023\/06\/5-31.jpg\" alt=\"\" width=\"800\" height=\"800\" srcset=\"https:\/\/www.wellongpack.com\/wp-content\/uploads\/2023\/06\/5-31.jpg 1024w, https:\/\/www.wellongpack.com\/wp-content\/uploads\/2023\/06\/5-31-430x430.jpg 430w, https:\/\/www.wellongpack.com\/wp-content\/uploads\/2023\/06\/5-31-150x150.jpg 150w, https:\/\/www.wellongpack.com\/wp-content\/uploads\/2023\/06\/5-31-700x700.jpg 700w, https:\/\/www.wellongpack.com\/wp-content\/uploads\/2023\/06\/5-31-300x300.jpg 300w, https:\/\/www.wellongpack.com\/wp-content\/uploads\/2023\/06\/5-31-800x800.jpg 800w, https:\/\/www.wellongpack.com\/wp-content\/uploads\/2023\/06\/5-31-768x768.jpg 768w, https:\/\/www.wellongpack.com\/wp-content\/uploads\/2023\/06\/5-31-860x860.jpg 860w\" sizes=\"auto, (max-width: 800px) 100vw, 800px\" \/> <img loading=\"lazy\" decoding=\"async\" class=\"alignnone wp-image-10587\" src=\"https:\/\/www.wellongpack.com\/wp-content\/uploads\/2023\/06\/6-18.jpg\" alt=\"\" width=\"800\" height=\"800\" srcset=\"https:\/\/www.wellongpack.com\/wp-content\/uploads\/2023\/06\/6-18.jpg 1024w, https:\/\/www.wellongpack.com\/wp-content\/uploads\/2023\/06\/6-18-430x430.jpg 430w, https:\/\/www.wellongpack.com\/wp-content\/uploads\/2023\/06\/6-18-150x150.jpg 150w, https:\/\/www.wellongpack.com\/wp-content\/uploads\/2023\/06\/6-18-700x700.jpg 700w, https:\/\/www.wellongpack.com\/wp-content\/uploads\/2023\/06\/6-18-300x300.jpg 300w, https:\/\/www.wellongpack.com\/wp-content\/uploads\/2023\/06\/6-18-800x800.jpg 800w, https:\/\/www.wellongpack.com\/wp-content\/uploads\/2023\/06\/6-18-768x768.jpg 768w, https:\/\/www.wellongpack.com\/wp-content\/uploads\/2023\/06\/6-18-860x860.jpg 860w\" sizes=\"auto, (max-width: 800px) 100vw, 800px\" \/> <img loading=\"lazy\" decoding=\"async\" class=\"alignnone wp-image-10588\" src=\"https:\/\/www.wellongpack.com\/wp-content\/uploads\/2023\/06\/8-1.jpg\" alt=\"\" width=\"800\" height=\"600\" srcset=\"https:\/\/www.wellongpack.com\/wp-content\/uploads\/2023\/06\/8-1.jpg 1440w, https:\/\/www.wellongpack.com\/wp-content\/uploads\/2023\/06\/8-1-430x323.jpg 430w, https:\/\/www.wellongpack.com\/wp-content\/uploads\/2023\/06\/8-1-150x113.jpg 150w, https:\/\/www.wellongpack.com\/wp-content\/uploads\/2023\/06\/8-1-700x525.jpg 700w, https:\/\/www.wellongpack.com\/wp-content\/uploads\/2023\/06\/8-1-400x300.jpg 400w, https:\/\/www.wellongpack.com\/wp-content\/uploads\/2023\/06\/8-1-1067x800.jpg 1067w, https:\/\/www.wellongpack.com\/wp-content\/uploads\/2023\/06\/8-1-768x576.jpg 768w, https:\/\/www.wellongpack.com\/wp-content\/uploads\/2023\/06\/8-1-860x645.jpg 860w\" sizes=\"auto, (max-width: 800px) 100vw, 800px\" \/> <img loading=\"lazy\" decoding=\"async\" class=\"alignnone wp-image-10589\" src=\"https:\/\/www.wellongpack.com\/wp-content\/uploads\/2023\/06\/9.jpg\" alt=\"\" width=\"800\" height=\"600\" srcset=\"https:\/\/www.wellongpack.com\/wp-content\/uploads\/2023\/06\/9.jpg 1440w, https:\/\/www.wellongpack.com\/wp-content\/uploads\/2023\/06\/9-430x323.jpg 430w, https:\/\/www.wellongpack.com\/wp-content\/uploads\/2023\/06\/9-150x113.jpg 150w, https:\/\/www.wellongpack.com\/wp-content\/uploads\/2023\/06\/9-700x525.jpg 700w, https:\/\/www.wellongpack.com\/wp-content\/uploads\/2023\/06\/9-400x300.jpg 400w, https:\/\/www.wellongpack.com\/wp-content\/uploads\/2023\/06\/9-1067x800.jpg 1067w, https:\/\/www.wellongpack.com\/wp-content\/uploads\/2023\/06\/9-768x576.jpg 768w, https:\/\/www.wellongpack.com\/wp-content\/uploads\/2023\/06\/9-860x645.jpg 860w\" sizes=\"auto, (max-width: 800px) 100vw, 800px\" \/><\/p>","protected":false},"excerpt":{"rendered":"<p>Riisinvarsi valmistetaan riisist\u00e4 ja maniokista (maniokki on raaka-aine, josta tehd\u00e4\u00e4n helmi\u00e4isi\u00e4 kuplamaidossa).<\/p>","protected":false},"featured_media":10586,"comment_status":"open","ping_status":"closed","template":"","meta":[],"product_cat":[70,123,121],"product_tag":[],"class_list":["post-10585","product","type-product","status-publish","has-post-thumbnail","hentry","product_cat-foodservice-packaging","product_cat-rice-straw","product_cat-strawstirrer"],"_links":{"self":[{"href":"https:\/\/www.wellongpack.com\/fi\/wp-json\/wp\/v2\/product\/10585","targetHints":{"allow":["GET"]}}],"collection":[{"href":"https:\/\/www.wellongpack.com\/fi\/wp-json\/wp\/v2\/product"}],"about":[{"href":"https:\/\/www.wellongpack.com\/fi\/wp-json\/wp\/v2\/types\/product"}],"replies":[{"embeddable":true,"href":"https:\/\/www.wellongpack.com\/fi\/wp-json\/wp\/v2\/comments?post=10585"}],"version-history":[{"count":4,"href":"https:\/\/www.wellongpack.com\/fi\/wp-json\/wp\/v2\/product\/10585\/revisions"}],"predecessor-version":[{"id":10681,"href":"https:\/\/www.wellongpack.com\/fi\/wp-json\/wp\/v2\/product\/10585\/revisions\/10681"}],"wp:featuredmedia":[{"embeddable":true,"href":"https:\/\/www.wellongpack.com\/fi\/wp-json\/wp\/v2\/media\/10586"}],"wp:attachment":[{"href":"https:\/\/www.wellongpack.com\/fi\/wp-json\/wp\/v2\/media?parent=10585"}],"wp:term":[{"taxonomy":"product_cat","embeddable":true,"href":"https:\/\/www.wellongpack.com\/fi\/wp-json\/wp\/v2\/product_cat?post=10585"},{"taxonomy":"product_tag","embeddable":true,"href":"https:\/\/www.wellongpack.com\/fi\/wp-json\/wp\/v2\/product_tag?post=10585"}],"curies":[{"name":"wp","href":"https:\/\/api.w.org\/{rel}","templated":true}]}}