
{"id":10581,"date":"2023-06-09T15:33:08","date_gmt":"2023-06-09T07:33:08","guid":{"rendered":"http:\/\/75.webs.svipwebs.com\/?post_type=product&#038;p=10581"},"modified":"2023-06-12T21:47:48","modified_gmt":"2023-06-12T13:47:48","slug":"individual-paper-wrap-rice-straw-2","status":"publish","type":"product","link":"https:\/\/www.wellongpack.com\/fi\/tuote\/yksittainen-paperikaare-riisi-varsi-2\/","title":{"rendered":"Yksitt\u00e4iset paperik\u00e4\u00e4reet Rice Straw"},"content":{"rendered":"<p>Riisin oljet ovat t\u00e4ysin hajoavia ja ymp\u00e4rist\u00f6yst\u00e4v\u00e4llisempi\u00e4. Sit\u00e4 voidaan k\u00e4ytt\u00e4\u00e4 muovipillien korvikkeena, eik\u00e4 se saastuta ymp\u00e4rist\u00f6\u00e4 muovipillien tavoin, ja se t\u00e4ytt\u00e4\u00e4 my\u00f6s monikansallisten s\u00e4\u00e4d\u00f6sten vaatimukset.<\/p>\n<p><img loading=\"lazy\" decoding=\"async\" class=\"alignnone size-full wp-image-10582\" src=\"https:\/\/www.wellongpack.com\/wp-content\/uploads\/2023\/06\/3bbcc868119c05a6626065345111830.jpg\" alt=\"\" width=\"1080\" height=\"1077\" srcset=\"https:\/\/www.wellongpack.com\/wp-content\/uploads\/2023\/06\/3bbcc868119c05a6626065345111830.jpg 1080w, https:\/\/www.wellongpack.com\/wp-content\/uploads\/2023\/06\/3bbcc868119c05a6626065345111830-430x429.jpg 430w, https:\/\/www.wellongpack.com\/wp-content\/uploads\/2023\/06\/3bbcc868119c05a6626065345111830-150x150.jpg 150w, https:\/\/www.wellongpack.com\/wp-content\/uploads\/2023\/06\/3bbcc868119c05a6626065345111830-700x698.jpg 700w, https:\/\/www.wellongpack.com\/wp-content\/uploads\/2023\/06\/3bbcc868119c05a6626065345111830-301x300.jpg 301w, https:\/\/www.wellongpack.com\/wp-content\/uploads\/2023\/06\/3bbcc868119c05a6626065345111830-802x800.jpg 802w, https:\/\/www.wellongpack.com\/wp-content\/uploads\/2023\/06\/3bbcc868119c05a6626065345111830-768x766.jpg 768w, https:\/\/www.wellongpack.com\/wp-content\/uploads\/2023\/06\/3bbcc868119c05a6626065345111830-860x858.jpg 860w\" sizes=\"auto, (max-width: 1080px) 100vw, 1080px\" \/> <img loading=\"lazy\" decoding=\"async\" class=\"alignnone size-full wp-image-10583\" src=\"https:\/\/www.wellongpack.com\/wp-content\/uploads\/2023\/06\/71213e684d90c8bb9db3e5550f23213.jpg\" alt=\"\" width=\"1080\" height=\"1010\" srcset=\"https:\/\/www.wellongpack.com\/wp-content\/uploads\/2023\/06\/71213e684d90c8bb9db3e5550f23213.jpg 1080w, https:\/\/www.wellongpack.com\/wp-content\/uploads\/2023\/06\/71213e684d90c8bb9db3e5550f23213-430x402.jpg 430w, https:\/\/www.wellongpack.com\/wp-content\/uploads\/2023\/06\/71213e684d90c8bb9db3e5550f23213-150x140.jpg 150w, https:\/\/www.wellongpack.com\/wp-content\/uploads\/2023\/06\/71213e684d90c8bb9db3e5550f23213-700x655.jpg 700w, https:\/\/www.wellongpack.com\/wp-content\/uploads\/2023\/06\/71213e684d90c8bb9db3e5550f23213-321x300.jpg 321w, https:\/\/www.wellongpack.com\/wp-content\/uploads\/2023\/06\/71213e684d90c8bb9db3e5550f23213-855x800.jpg 855w, https:\/\/www.wellongpack.com\/wp-content\/uploads\/2023\/06\/71213e684d90c8bb9db3e5550f23213-768x718.jpg 768w, https:\/\/www.wellongpack.com\/wp-content\/uploads\/2023\/06\/71213e684d90c8bb9db3e5550f23213-860x804.jpg 860w\" sizes=\"auto, (max-width: 1080px) 100vw, 1080px\" \/><\/p>","protected":false},"excerpt":{"rendered":"<p>The rice straw is completely degradable and more eco-friendly. It can be used as a substitute for plastic straws and<\/p>","protected":false},"featured_media":10582,"comment_status":"open","ping_status":"closed","template":"","meta":[],"product_cat":[70,123,121],"product_tag":[],"class_list":["post-10581","product","type-product","status-publish","has-post-thumbnail","hentry","product_cat-foodservice-packaging","product_cat-rice-straw","product_cat-strawstirrer"],"_links":{"self":[{"href":"https:\/\/www.wellongpack.com\/fi\/wp-json\/wp\/v2\/product\/10581","targetHints":{"allow":["GET"]}}],"collection":[{"href":"https:\/\/www.wellongpack.com\/fi\/wp-json\/wp\/v2\/product"}],"about":[{"href":"https:\/\/www.wellongpack.com\/fi\/wp-json\/wp\/v2\/types\/product"}],"replies":[{"embeddable":true,"href":"https:\/\/www.wellongpack.com\/fi\/wp-json\/wp\/v2\/comments?post=10581"}],"version-history":[{"count":2,"href":"https:\/\/www.wellongpack.com\/fi\/wp-json\/wp\/v2\/product\/10581\/revisions"}],"predecessor-version":[{"id":10658,"href":"https:\/\/www.wellongpack.com\/fi\/wp-json\/wp\/v2\/product\/10581\/revisions\/10658"}],"wp:featuredmedia":[{"embeddable":true,"href":"https:\/\/www.wellongpack.com\/fi\/wp-json\/wp\/v2\/media\/10582"}],"wp:attachment":[{"href":"https:\/\/www.wellongpack.com\/fi\/wp-json\/wp\/v2\/media?parent=10581"}],"wp:term":[{"taxonomy":"product_cat","embeddable":true,"href":"https:\/\/www.wellongpack.com\/fi\/wp-json\/wp\/v2\/product_cat?post=10581"},{"taxonomy":"product_tag","embeddable":true,"href":"https:\/\/www.wellongpack.com\/fi\/wp-json\/wp\/v2\/product_tag?post=10581"}],"curies":[{"name":"wp","href":"https:\/\/api.w.org\/{rel}","templated":true}]}}