
{"id":10314,"date":"2023-06-04T17:37:51","date_gmt":"2023-06-04T09:37:51","guid":{"rendered":"http:\/\/75.webs.svipwebs.com\/?post_type=product&#038;p=10314"},"modified":"2023-06-04T17:37:51","modified_gmt":"2023-06-04T09:37:51","slug":"paper-cup-3","status":"publish","type":"product","link":"https:\/\/www.wellongpack.com\/fi\/tuote\/paperikuppi-3\/","title":{"rendered":"Paperikuppi"},"content":{"rendered":"<p><strong><b>O<\/b><\/strong><strong><b>ur-mukeissa on kaikki, mit\u00e4 haluat paperimukilta. Ne ovat kertak\u00e4ytt\u00f6isi\u00e4, joten ne on helppo siivota, ne eiv\u00e4t vuoda tuntikausia ja niiss\u00e4 on kapenevat sivut, jotta niit\u00e4 on helppo pit\u00e4\u00e4 k\u00e4dess\u00e4.<\/b><\/strong><strong><b>.<\/b><\/strong><strong><b>Mukana tulevat kannet ovat t\u00e4ysin kierr\u00e4tett\u00e4vi\u00e4, joten t\u00e4m\u00e4 on ymp\u00e4rist\u00f6yst\u00e4v\u00e4llinen vaihtoehto kertak\u00e4ytt\u00f6kahvikupeille. Suunnittelitpa sitten koulujuhlaa, kirkon juhlia tai juhlia, kuppimme on tehty sit\u00e4 varten.<\/b><\/strong><\/p>\n<p><img loading=\"lazy\" decoding=\"async\" class=\"alignnone size-full wp-image-10315\" src=\"https:\/\/www.wellongpack.com\/wp-content\/uploads\/2023\/06\/1-85.jpg\" alt=\"\" width=\"500\" height=\"500\" srcset=\"https:\/\/www.wellongpack.com\/wp-content\/uploads\/2023\/06\/1-85.jpg 500w, https:\/\/www.wellongpack.com\/wp-content\/uploads\/2023\/06\/1-85-430x430.jpg 430w, https:\/\/www.wellongpack.com\/wp-content\/uploads\/2023\/06\/1-85-150x150.jpg 150w, https:\/\/www.wellongpack.com\/wp-content\/uploads\/2023\/06\/1-85-300x300.jpg 300w\" sizes=\"auto, (max-width: 500px) 100vw, 500px\" \/> <img loading=\"lazy\" decoding=\"async\" class=\"alignnone size-full wp-image-10316\" src=\"https:\/\/www.wellongpack.com\/wp-content\/uploads\/2023\/06\/2-82.jpg\" alt=\"\" width=\"960\" height=\"960\" srcset=\"https:\/\/www.wellongpack.com\/wp-content\/uploads\/2023\/06\/2-82.jpg 960w, https:\/\/www.wellongpack.com\/wp-content\/uploads\/2023\/06\/2-82-430x430.jpg 430w, https:\/\/www.wellongpack.com\/wp-content\/uploads\/2023\/06\/2-82-150x150.jpg 150w, https:\/\/www.wellongpack.com\/wp-content\/uploads\/2023\/06\/2-82-700x700.jpg 700w, https:\/\/www.wellongpack.com\/wp-content\/uploads\/2023\/06\/2-82-300x300.jpg 300w, https:\/\/www.wellongpack.com\/wp-content\/uploads\/2023\/06\/2-82-800x800.jpg 800w, https:\/\/www.wellongpack.com\/wp-content\/uploads\/2023\/06\/2-82-768x768.jpg 768w, https:\/\/www.wellongpack.com\/wp-content\/uploads\/2023\/06\/2-82-860x860.jpg 860w\" sizes=\"auto, (max-width: 960px) 100vw, 960px\" \/> <img loading=\"lazy\" decoding=\"async\" class=\"alignnone size-full wp-image-10317\" src=\"https:\/\/www.wellongpack.com\/wp-content\/uploads\/2023\/06\/3-67.jpg\" alt=\"\" width=\"800\" height=\"800\" srcset=\"https:\/\/www.wellongpack.com\/wp-content\/uploads\/2023\/06\/3-67.jpg 800w, https:\/\/www.wellongpack.com\/wp-content\/uploads\/2023\/06\/3-67-430x430.jpg 430w, https:\/\/www.wellongpack.com\/wp-content\/uploads\/2023\/06\/3-67-150x150.jpg 150w, https:\/\/www.wellongpack.com\/wp-content\/uploads\/2023\/06\/3-67-700x700.jpg 700w, https:\/\/www.wellongpack.com\/wp-content\/uploads\/2023\/06\/3-67-300x300.jpg 300w, https:\/\/www.wellongpack.com\/wp-content\/uploads\/2023\/06\/3-67-768x768.jpg 768w\" sizes=\"auto, (max-width: 800px) 100vw, 800px\" \/> <img loading=\"lazy\" decoding=\"async\" class=\"alignnone size-full wp-image-10318\" src=\"https:\/\/www.wellongpack.com\/wp-content\/uploads\/2023\/06\/4-36.jpg\" alt=\"\" width=\"960\" height=\"959\" srcset=\"https:\/\/www.wellongpack.com\/wp-content\/uploads\/2023\/06\/4-36.jpg 960w, https:\/\/www.wellongpack.com\/wp-content\/uploads\/2023\/06\/4-36-430x430.jpg 430w, https:\/\/www.wellongpack.com\/wp-content\/uploads\/2023\/06\/4-36-150x150.jpg 150w, https:\/\/www.wellongpack.com\/wp-content\/uploads\/2023\/06\/4-36-700x699.jpg 700w, https:\/\/www.wellongpack.com\/wp-content\/uploads\/2023\/06\/4-36-300x300.jpg 300w, https:\/\/www.wellongpack.com\/wp-content\/uploads\/2023\/06\/4-36-801x800.jpg 801w, https:\/\/www.wellongpack.com\/wp-content\/uploads\/2023\/06\/4-36-768x767.jpg 768w, https:\/\/www.wellongpack.com\/wp-content\/uploads\/2023\/06\/4-36-860x859.jpg 860w\" sizes=\"auto, (max-width: 960px) 100vw, 960px\" \/> <img loading=\"lazy\" decoding=\"async\" class=\"alignnone size-full wp-image-10319\" src=\"https:\/\/www.wellongpack.com\/wp-content\/uploads\/2023\/06\/6-9.jpg\" alt=\"\" width=\"800\" height=\"800\" srcset=\"https:\/\/www.wellongpack.com\/wp-content\/uploads\/2023\/06\/6-9.jpg 800w, https:\/\/www.wellongpack.com\/wp-content\/uploads\/2023\/06\/6-9-430x430.jpg 430w, https:\/\/www.wellongpack.com\/wp-content\/uploads\/2023\/06\/6-9-150x150.jpg 150w, https:\/\/www.wellongpack.com\/wp-content\/uploads\/2023\/06\/6-9-700x700.jpg 700w, https:\/\/www.wellongpack.com\/wp-content\/uploads\/2023\/06\/6-9-300x300.jpg 300w, https:\/\/www.wellongpack.com\/wp-content\/uploads\/2023\/06\/6-9-768x768.jpg 768w\" sizes=\"auto, (max-width: 800px) 100vw, 800px\" \/><\/p>","protected":false},"excerpt":{"rendered":"<p>Our cups have everything you want in a paper cup. Not only are they disposable for easy cleanup, leak free<\/p>","protected":false},"featured_media":10315,"comment_status":"open","ping_status":"closed","template":"","meta":[],"product_cat":[108,70,110,109],"product_tag":[],"class_list":["post-10314","product","type-product","status-publish","has-post-thumbnail","hentry","product_cat-cups-and-lids","product_cat-foodservice-packaging","product_cat-paper-cup","product_cat-paper-cup-lids"],"_links":{"self":[{"href":"https:\/\/www.wellongpack.com\/fi\/wp-json\/wp\/v2\/product\/10314","targetHints":{"allow":["GET"]}}],"collection":[{"href":"https:\/\/www.wellongpack.com\/fi\/wp-json\/wp\/v2\/product"}],"about":[{"href":"https:\/\/www.wellongpack.com\/fi\/wp-json\/wp\/v2\/types\/product"}],"replies":[{"embeddable":true,"href":"https:\/\/www.wellongpack.com\/fi\/wp-json\/wp\/v2\/comments?post=10314"}],"version-history":[{"count":1,"href":"https:\/\/www.wellongpack.com\/fi\/wp-json\/wp\/v2\/product\/10314\/revisions"}],"predecessor-version":[{"id":10320,"href":"https:\/\/www.wellongpack.com\/fi\/wp-json\/wp\/v2\/product\/10314\/revisions\/10320"}],"wp:featuredmedia":[{"embeddable":true,"href":"https:\/\/www.wellongpack.com\/fi\/wp-json\/wp\/v2\/media\/10315"}],"wp:attachment":[{"href":"https:\/\/www.wellongpack.com\/fi\/wp-json\/wp\/v2\/media?parent=10314"}],"wp:term":[{"taxonomy":"product_cat","embeddable":true,"href":"https:\/\/www.wellongpack.com\/fi\/wp-json\/wp\/v2\/product_cat?post=10314"},{"taxonomy":"product_tag","embeddable":true,"href":"https:\/\/www.wellongpack.com\/fi\/wp-json\/wp\/v2\/product_tag?post=10314"}],"curies":[{"name":"wp","href":"https:\/\/api.w.org\/{rel}","templated":true}]}}