
{"id":10306,"date":"2023-06-04T17:36:47","date_gmt":"2023-06-04T09:36:47","guid":{"rendered":"http:\/\/75.webs.svipwebs.com\/?post_type=product&#038;p=10306"},"modified":"2023-06-04T17:36:48","modified_gmt":"2023-06-04T09:36:48","slug":"ice-cream-2","status":"publish","type":"product","link":"https:\/\/www.wellongpack.com\/fi\/tuote\/jaatelo-2\/","title":{"rendered":"J\u00e4\u00e4tel\u00f6"},"content":{"rendered":"<p><strong><b>J\u00e4\u00e4tel\u00f6kupit ovat kertak\u00e4ytt\u00f6isi\u00e4, joten ne voidaan siivota vaivattomasti. Kasaa ylim\u00e4\u00e4r\u00e4isi\u00e4 t\u00e4ytteit\u00e4 ja lis\u00e4lusikoita helposti n\u00e4ihin 8 oz:n paperikulhoihin. T\u00e4m\u00e4 paperikulhojen irtotavarapakkaus on t\u00e4ydellinen valinta riippumatta siit\u00e4, viihdyt\u00e4tk\u00f6 kotona vai varustatko t\u00e4yden palvelun laitoksen. Yksitt\u00e4isten j\u00e4\u00e4tel\u00f6kuppien kertak\u00e4ytt\u00f6inen muotoilu on loistava vaihtoehto j\u00e4\u00e4tel\u00f6baariin, j\u00e4\u00e4dytettyyn jogurttiin tai hedelm\u00e4cocktailien, moussen ja parfaittien tarjoiluun j\u00e4\u00e4tel\u00f6aiheisissa lasten syntym\u00e4p\u00e4iv\u00e4juhlissa.<\/b><\/strong><strong><b>\u00a0<\/b><\/strong><\/p>\n<p><img loading=\"lazy\" decoding=\"async\" class=\"alignnone size-full wp-image-10307\" src=\"https:\/\/www.wellongpack.com\/wp-content\/uploads\/2023\/06\/1-84.jpg\" alt=\"\" width=\"800\" height=\"800\" srcset=\"https:\/\/www.wellongpack.com\/wp-content\/uploads\/2023\/06\/1-84.jpg 800w, https:\/\/www.wellongpack.com\/wp-content\/uploads\/2023\/06\/1-84-430x430.jpg 430w, https:\/\/www.wellongpack.com\/wp-content\/uploads\/2023\/06\/1-84-150x150.jpg 150w, https:\/\/www.wellongpack.com\/wp-content\/uploads\/2023\/06\/1-84-700x700.jpg 700w, https:\/\/www.wellongpack.com\/wp-content\/uploads\/2023\/06\/1-84-300x300.jpg 300w, https:\/\/www.wellongpack.com\/wp-content\/uploads\/2023\/06\/1-84-768x768.jpg 768w\" sizes=\"auto, (max-width: 800px) 100vw, 800px\" \/> <img loading=\"lazy\" decoding=\"async\" class=\"alignnone size-full wp-image-10308\" src=\"https:\/\/www.wellongpack.com\/wp-content\/uploads\/2023\/06\/2-81.jpg\" alt=\"\" width=\"800\" height=\"800\" srcset=\"https:\/\/www.wellongpack.com\/wp-content\/uploads\/2023\/06\/2-81.jpg 800w, https:\/\/www.wellongpack.com\/wp-content\/uploads\/2023\/06\/2-81-430x430.jpg 430w, https:\/\/www.wellongpack.com\/wp-content\/uploads\/2023\/06\/2-81-150x150.jpg 150w, https:\/\/www.wellongpack.com\/wp-content\/uploads\/2023\/06\/2-81-700x700.jpg 700w, https:\/\/www.wellongpack.com\/wp-content\/uploads\/2023\/06\/2-81-300x300.jpg 300w, https:\/\/www.wellongpack.com\/wp-content\/uploads\/2023\/06\/2-81-768x768.jpg 768w\" sizes=\"auto, (max-width: 800px) 100vw, 800px\" \/> <img loading=\"lazy\" decoding=\"async\" class=\"alignnone size-full wp-image-10309\" src=\"https:\/\/www.wellongpack.com\/wp-content\/uploads\/2023\/06\/3-66.jpg\" alt=\"\" width=\"750\" height=\"750\" srcset=\"https:\/\/www.wellongpack.com\/wp-content\/uploads\/2023\/06\/3-66.jpg 750w, https:\/\/www.wellongpack.com\/wp-content\/uploads\/2023\/06\/3-66-430x430.jpg 430w, https:\/\/www.wellongpack.com\/wp-content\/uploads\/2023\/06\/3-66-150x150.jpg 150w, https:\/\/www.wellongpack.com\/wp-content\/uploads\/2023\/06\/3-66-700x700.jpg 700w, https:\/\/www.wellongpack.com\/wp-content\/uploads\/2023\/06\/3-66-300x300.jpg 300w\" sizes=\"auto, (max-width: 750px) 100vw, 750px\" \/> <img loading=\"lazy\" decoding=\"async\" class=\"alignnone size-full wp-image-10310\" src=\"https:\/\/www.wellongpack.com\/wp-content\/uploads\/2023\/06\/4-35.jpg\" alt=\"\" width=\"640\" height=\"640\" srcset=\"https:\/\/www.wellongpack.com\/wp-content\/uploads\/2023\/06\/4-35.jpg 640w, https:\/\/www.wellongpack.com\/wp-content\/uploads\/2023\/06\/4-35-430x430.jpg 430w, https:\/\/www.wellongpack.com\/wp-content\/uploads\/2023\/06\/4-35-150x150.jpg 150w, https:\/\/www.wellongpack.com\/wp-content\/uploads\/2023\/06\/4-35-300x300.jpg 300w\" sizes=\"auto, (max-width: 640px) 100vw, 640px\" \/> <img loading=\"lazy\" decoding=\"async\" class=\"alignnone size-full wp-image-10311\" src=\"https:\/\/www.wellongpack.com\/wp-content\/uploads\/2023\/06\/5-18.jpg\" alt=\"\" width=\"750\" height=\"750\" srcset=\"https:\/\/www.wellongpack.com\/wp-content\/uploads\/2023\/06\/5-18.jpg 750w, https:\/\/www.wellongpack.com\/wp-content\/uploads\/2023\/06\/5-18-430x430.jpg 430w, https:\/\/www.wellongpack.com\/wp-content\/uploads\/2023\/06\/5-18-150x150.jpg 150w, https:\/\/www.wellongpack.com\/wp-content\/uploads\/2023\/06\/5-18-700x700.jpg 700w, https:\/\/www.wellongpack.com\/wp-content\/uploads\/2023\/06\/5-18-300x300.jpg 300w\" sizes=\"auto, (max-width: 750px) 100vw, 750px\" \/> <img loading=\"lazy\" decoding=\"async\" class=\"alignnone size-full wp-image-10312\" src=\"https:\/\/www.wellongpack.com\/wp-content\/uploads\/2023\/06\/6-8.jpg\" alt=\"\" width=\"960\" height=\"960\" srcset=\"https:\/\/www.wellongpack.com\/wp-content\/uploads\/2023\/06\/6-8.jpg 960w, https:\/\/www.wellongpack.com\/wp-content\/uploads\/2023\/06\/6-8-430x430.jpg 430w, https:\/\/www.wellongpack.com\/wp-content\/uploads\/2023\/06\/6-8-150x150.jpg 150w, https:\/\/www.wellongpack.com\/wp-content\/uploads\/2023\/06\/6-8-700x700.jpg 700w, https:\/\/www.wellongpack.com\/wp-content\/uploads\/2023\/06\/6-8-300x300.jpg 300w, https:\/\/www.wellongpack.com\/wp-content\/uploads\/2023\/06\/6-8-800x800.jpg 800w, https:\/\/www.wellongpack.com\/wp-content\/uploads\/2023\/06\/6-8-768x768.jpg 768w, https:\/\/www.wellongpack.com\/wp-content\/uploads\/2023\/06\/6-8-860x860.jpg 860w\" sizes=\"auto, (max-width: 960px) 100vw, 960px\" \/><\/p>","protected":false},"excerpt":{"rendered":"<p>Our ice cream cups are disposable for hassle-free cleanup. Pile on extra toppings and extra scoops easily in these 8<\/p>","protected":false},"featured_media":10307,"comment_status":"open","ping_status":"closed","template":"","meta":[],"product_cat":[108,70,110,109],"product_tag":[],"class_list":["post-10306","product","type-product","status-publish","has-post-thumbnail","hentry","product_cat-cups-and-lids","product_cat-foodservice-packaging","product_cat-paper-cup","product_cat-paper-cup-lids"],"_links":{"self":[{"href":"https:\/\/www.wellongpack.com\/fi\/wp-json\/wp\/v2\/product\/10306","targetHints":{"allow":["GET"]}}],"collection":[{"href":"https:\/\/www.wellongpack.com\/fi\/wp-json\/wp\/v2\/product"}],"about":[{"href":"https:\/\/www.wellongpack.com\/fi\/wp-json\/wp\/v2\/types\/product"}],"replies":[{"embeddable":true,"href":"https:\/\/www.wellongpack.com\/fi\/wp-json\/wp\/v2\/comments?post=10306"}],"version-history":[{"count":1,"href":"https:\/\/www.wellongpack.com\/fi\/wp-json\/wp\/v2\/product\/10306\/revisions"}],"predecessor-version":[{"id":10313,"href":"https:\/\/www.wellongpack.com\/fi\/wp-json\/wp\/v2\/product\/10306\/revisions\/10313"}],"wp:featuredmedia":[{"embeddable":true,"href":"https:\/\/www.wellongpack.com\/fi\/wp-json\/wp\/v2\/media\/10307"}],"wp:attachment":[{"href":"https:\/\/www.wellongpack.com\/fi\/wp-json\/wp\/v2\/media?parent=10306"}],"wp:term":[{"taxonomy":"product_cat","embeddable":true,"href":"https:\/\/www.wellongpack.com\/fi\/wp-json\/wp\/v2\/product_cat?post=10306"},{"taxonomy":"product_tag","embeddable":true,"href":"https:\/\/www.wellongpack.com\/fi\/wp-json\/wp\/v2\/product_tag?post=10306"}],"curies":[{"name":"wp","href":"https:\/\/api.w.org\/{rel}","templated":true}]}}