
{"id":10210,"date":"2023-06-02T23:58:03","date_gmt":"2023-06-02T15:58:03","guid":{"rendered":"http:\/\/75.webs.svipwebs.com\/?post_type=product&#038;p=10210"},"modified":"2025-11-06T06:02:30","modified_gmt":"2025-11-05T22:02:30","slug":"paper-take-out-container","status":"publish","type":"product","link":"https:\/\/www.wellongpack.com\/fi\/tuote\/paperi-take-out-astia\/","title":{"rendered":"Paperi Take-out Container"},"content":{"rendered":"<p>Kraftin PE-vuorattu mikrossa l\u00e4mmitett\u00e4v\u00e4 noutopakkaus sopii erinomaisesti l\u00e4mpimille ja kylmille ruoille, j\u00e4lkiruoille ja lisukkeille. Se on valmistettu polymeeripinnoitetulla sis\u00e4puolella, joka suojaa \u00f6ljyn, rasvan tai kastikkeiden aiheuttamilta vuodoilta. Yhteensopiva kansi (myyd\u00e4\u00e4n erikseen) pit\u00e4\u00e4 ruoan turvallisena ja suojattuna kuljetuksen aikana.<\/p>","protected":false},"excerpt":{"rendered":"<p>Kraftin PE-vuorattu mikrossa l\u00e4mmitett\u00e4v\u00e4 noutopakkaus sopii erinomaisesti l\u00e4mpimille ja kylmille ruoille, j\u00e4lkiruoille ja lisukkeille. Valmistettu polymeeripinnoitetulla sis\u00e4puolella,<\/p>","protected":false},"featured_media":10211,"comment_status":"open","ping_status":"closed","template":"","meta":[],"product_cat":[20,154],"product_tag":[],"class_list":["post-10210","product","type-product","status-publish","has-post-thumbnail","hentry","product_cat-all-products","product_cat-top"],"_links":{"self":[{"href":"https:\/\/www.wellongpack.com\/fi\/wp-json\/wp\/v2\/product\/10210","targetHints":{"allow":["GET"]}}],"collection":[{"href":"https:\/\/www.wellongpack.com\/fi\/wp-json\/wp\/v2\/product"}],"about":[{"href":"https:\/\/www.wellongpack.com\/fi\/wp-json\/wp\/v2\/types\/product"}],"replies":[{"embeddable":true,"href":"https:\/\/www.wellongpack.com\/fi\/wp-json\/wp\/v2\/comments?post=10210"}],"version-history":[{"count":1,"href":"https:\/\/www.wellongpack.com\/fi\/wp-json\/wp\/v2\/product\/10210\/revisions"}],"predecessor-version":[{"id":10212,"href":"https:\/\/www.wellongpack.com\/fi\/wp-json\/wp\/v2\/product\/10210\/revisions\/10212"}],"wp:featuredmedia":[{"embeddable":true,"href":"https:\/\/www.wellongpack.com\/fi\/wp-json\/wp\/v2\/media\/10211"}],"wp:attachment":[{"href":"https:\/\/www.wellongpack.com\/fi\/wp-json\/wp\/v2\/media?parent=10210"}],"wp:term":[{"taxonomy":"product_cat","embeddable":true,"href":"https:\/\/www.wellongpack.com\/fi\/wp-json\/wp\/v2\/product_cat?post=10210"},{"taxonomy":"product_tag","embeddable":true,"href":"https:\/\/www.wellongpack.com\/fi\/wp-json\/wp\/v2\/product_tag?post=10210"}],"curies":[{"name":"wp","href":"https:\/\/api.w.org\/{rel}","templated":true}]}}