
{"id":10199,"date":"2023-06-02T23:54:36","date_gmt":"2023-06-02T15:54:36","guid":{"rendered":"http:\/\/75.webs.svipwebs.com\/?post_type=product&#038;p=10199"},"modified":"2025-11-06T06:00:14","modified_gmt":"2025-11-05T22:00:14","slug":"micro-perforated-bags","status":"publish","type":"product","link":"https:\/\/www.wellongpack.com\/fi\/tuote\/mikro-perforoidut-pussit\/","title":{"rendered":"Mikro rei'itetyt pussit"},"content":{"rendered":"<p>Micro-Perforoidut leip\u00e4pussit ovat ihanteellinen valinta k\u00e4sity\u00f6l\u00e4isleiville. Tai pakkaa tuotteita, jotta vihannekset voivat hengitt\u00e4\u00e4 ilman, ett\u00e4 haitalliset h\u00f6yryt j\u00e4\u00e4v\u00e4t kiinni.<\/p>\n<ul>\n<li>Mikrol\u00e4vistykset tuulettavat tuoksuja ja houkuttelevat asiakkaita leivotun leiv\u00e4n tuoreella tuoksulla.<\/li>\n<li>Ylim\u00e4\u00e4r\u00e4inen kosteus p\u00e4\u00e4see poistumaan, jotta leip\u00e4 pysyy rapeana ja tuotteet pysyv\u00e4t tuoreina pidemp\u00e4\u00e4n.<\/li>\n<li>Rei\u00e4t ovat riitt\u00e4v\u00e4n pieni\u00e4, jotta ruoka ei p\u00e4\u00e4se j\u00e4\u00e4m\u00e4\u00e4n tunkkaiseksi.<\/li>\n<\/ul>\n<p>&nbsp;<\/p>\n<p>&nbsp;<\/p>","protected":false},"excerpt":{"rendered":"<p>Micro-Perforoidut leip\u00e4pussit ovat ihanteellinen valinta k\u00e4sity\u00f6l\u00e4isleiville. Tai pakkaa tuotteita, jotta vihannekset voivat hengitt\u00e4\u00e4 ilman<\/p>","protected":false},"featured_media":10200,"comment_status":"open","ping_status":"closed","template":"","meta":[],"product_cat":[20,154],"product_tag":[],"class_list":["post-10199","product","type-product","status-publish","has-post-thumbnail","hentry","product_cat-all-products","product_cat-top"],"_links":{"self":[{"href":"https:\/\/www.wellongpack.com\/fi\/wp-json\/wp\/v2\/product\/10199","targetHints":{"allow":["GET"]}}],"collection":[{"href":"https:\/\/www.wellongpack.com\/fi\/wp-json\/wp\/v2\/product"}],"about":[{"href":"https:\/\/www.wellongpack.com\/fi\/wp-json\/wp\/v2\/types\/product"}],"replies":[{"embeddable":true,"href":"https:\/\/www.wellongpack.com\/fi\/wp-json\/wp\/v2\/comments?post=10199"}],"version-history":[{"count":1,"href":"https:\/\/www.wellongpack.com\/fi\/wp-json\/wp\/v2\/product\/10199\/revisions"}],"predecessor-version":[{"id":10202,"href":"https:\/\/www.wellongpack.com\/fi\/wp-json\/wp\/v2\/product\/10199\/revisions\/10202"}],"wp:featuredmedia":[{"embeddable":true,"href":"https:\/\/www.wellongpack.com\/fi\/wp-json\/wp\/v2\/media\/10200"}],"wp:attachment":[{"href":"https:\/\/www.wellongpack.com\/fi\/wp-json\/wp\/v2\/media?parent=10199"}],"wp:term":[{"taxonomy":"product_cat","embeddable":true,"href":"https:\/\/www.wellongpack.com\/fi\/wp-json\/wp\/v2\/product_cat?post=10199"},{"taxonomy":"product_tag","embeddable":true,"href":"https:\/\/www.wellongpack.com\/fi\/wp-json\/wp\/v2\/product_tag?post=10199"}],"curies":[{"name":"wp","href":"https:\/\/api.w.org\/{rel}","templated":true}]}}