
{"id":10053,"date":"2023-06-01T13:55:51","date_gmt":"2023-06-01T05:55:51","guid":{"rendered":"http:\/\/75.webs.svipwebs.com\/?post_type=product&#038;p=10053"},"modified":"2023-06-01T13:55:53","modified_gmt":"2023-06-01T05:55:53","slug":"disposable-wood-square-plate","status":"publish","type":"product","link":"https:\/\/www.wellongpack.com\/fi\/tuote\/kertakayttoinen-puinen-neliolevy\/","title":{"rendered":"Kertak\u00e4ytt\u00f6inen puinen neli\u00f6levy"},"content":{"rendered":"<p>T\u00e4m\u00e4 puulautanen sopii t\u00e4ydellisesti mihin tahansa deli- tai ruokapaikkaan, voileip\u00e4kauppaan, ruokarekkaan tai ruokakauppaan! Se on ihanteellinen juhliin tai pitopalveluihin, joissa tarvitaan kertak\u00e4ytt\u00f6tuotteita nopeaa ja tehokasta siivousta varten.<img loading=\"lazy\" decoding=\"async\" class=\"alignnone size-full wp-image-10054\" src=\"https:\/\/www.wellongpack.com\/wp-content\/uploads\/2023\/06\/1-57.jpg\" alt=\"\" width=\"600\" height=\"600\" srcset=\"https:\/\/www.wellongpack.com\/wp-content\/uploads\/2023\/06\/1-57.jpg 600w, https:\/\/www.wellongpack.com\/wp-content\/uploads\/2023\/06\/1-57-430x430.jpg 430w, https:\/\/www.wellongpack.com\/wp-content\/uploads\/2023\/06\/1-57-150x150.jpg 150w, https:\/\/www.wellongpack.com\/wp-content\/uploads\/2023\/06\/1-57-300x300.jpg 300w\" sizes=\"auto, (max-width: 600px) 100vw, 600px\" \/> <img loading=\"lazy\" decoding=\"async\" class=\"alignnone size-full wp-image-10055\" src=\"https:\/\/www.wellongpack.com\/wp-content\/uploads\/2023\/06\/2-56.jpg\" alt=\"\" width=\"600\" height=\"600\" srcset=\"https:\/\/www.wellongpack.com\/wp-content\/uploads\/2023\/06\/2-56.jpg 600w, https:\/\/www.wellongpack.com\/wp-content\/uploads\/2023\/06\/2-56-430x430.jpg 430w, https:\/\/www.wellongpack.com\/wp-content\/uploads\/2023\/06\/2-56-150x150.jpg 150w, https:\/\/www.wellongpack.com\/wp-content\/uploads\/2023\/06\/2-56-300x300.jpg 300w\" sizes=\"auto, (max-width: 600px) 100vw, 600px\" \/><\/p>","protected":false},"excerpt":{"rendered":"<p>This Wood\u00a0plate is perfect for any deli, concession stand, sandwich shop, food truck, or grocery store! It&#8217;s ideal for parties<\/p>","protected":false},"featured_media":10054,"comment_status":"open","ping_status":"closed","template":"","meta":[],"product_cat":[124,145,144],"product_tag":[],"class_list":["post-10053","product","type-product","status-publish","has-post-thumbnail","hentry","product_cat-sustainability-packaging","product_cat-wood-plate","product_cat-wooden-tableware"],"_links":{"self":[{"href":"https:\/\/www.wellongpack.com\/fi\/wp-json\/wp\/v2\/product\/10053","targetHints":{"allow":["GET"]}}],"collection":[{"href":"https:\/\/www.wellongpack.com\/fi\/wp-json\/wp\/v2\/product"}],"about":[{"href":"https:\/\/www.wellongpack.com\/fi\/wp-json\/wp\/v2\/types\/product"}],"replies":[{"embeddable":true,"href":"https:\/\/www.wellongpack.com\/fi\/wp-json\/wp\/v2\/comments?post=10053"}],"version-history":[{"count":1,"href":"https:\/\/www.wellongpack.com\/fi\/wp-json\/wp\/v2\/product\/10053\/revisions"}],"predecessor-version":[{"id":10056,"href":"https:\/\/www.wellongpack.com\/fi\/wp-json\/wp\/v2\/product\/10053\/revisions\/10056"}],"wp:featuredmedia":[{"embeddable":true,"href":"https:\/\/www.wellongpack.com\/fi\/wp-json\/wp\/v2\/media\/10054"}],"wp:attachment":[{"href":"https:\/\/www.wellongpack.com\/fi\/wp-json\/wp\/v2\/media?parent=10053"}],"wp:term":[{"taxonomy":"product_cat","embeddable":true,"href":"https:\/\/www.wellongpack.com\/fi\/wp-json\/wp\/v2\/product_cat?post=10053"},{"taxonomy":"product_tag","embeddable":true,"href":"https:\/\/www.wellongpack.com\/fi\/wp-json\/wp\/v2\/product_tag?post=10053"}],"curies":[{"name":"wp","href":"https:\/\/api.w.org\/{rel}","templated":true}]}}