
{"id":10037,"date":"2023-06-01T13:52:24","date_gmt":"2023-06-01T05:52:24","guid":{"rendered":"http:\/\/75.webs.svipwebs.com\/?post_type=product&#038;p=10037"},"modified":"2023-06-01T13:52:24","modified_gmt":"2023-06-01T05:52:24","slug":"wood-cutting-board","status":"publish","type":"product","link":"https:\/\/www.wellongpack.com\/fi\/tuote\/puunleikkauslauta\/","title":{"rendered":"Puinen leikkuulauta"},"content":{"rendered":"<p>Uusiutuvasta puusta valmistettu lauta sopii erinomaisesti ymp\u00e4rist\u00f6tietoisiin laitoksiin ja tapahtumiin.Sit\u00e4 voidaan k\u00e4ytt\u00e4\u00e4 leikkuulautana sek\u00e4 tarjoilulautana.Se sopii erinomaisesti kaupallisiin keitti\u00f6ihin ja pitopalveluihin. Siin\u00e4 on k\u00e4\u00e4nnett\u00e4v\u00e4 muotoilu entist\u00e4 pidemm\u00e4n k\u00e4ytt\u00f6i\u00e4n takaamiseksi, ja sit\u00e4 voidaan k\u00e4ytt\u00e4\u00e4 seisontasekoittimien tai lihamyllyjen kiinnikkeen\u00e4. Leikkuulautana k\u00e4ytettyn\u00e4 se on riitt\u00e4v\u00e4n tukeva k\u00e4ytett\u00e4v\u00e4ksi suurimpien veitsien kanssa.<\/p>\n<p><img loading=\"lazy\" decoding=\"async\" class=\"alignnone size-full wp-image-10041\" src=\"https:\/\/www.wellongpack.com\/wp-content\/uploads\/2023\/06\/4c83b2645e9355f0be19b7207f4ffffe_2233037-1.jpg\" alt=\"\" width=\"600\" height=\"600\" srcset=\"https:\/\/www.wellongpack.com\/wp-content\/uploads\/2023\/06\/4c83b2645e9355f0be19b7207f4ffffe_2233037-1.jpg 600w, https:\/\/www.wellongpack.com\/wp-content\/uploads\/2023\/06\/4c83b2645e9355f0be19b7207f4ffffe_2233037-1-430x430.jpg 430w, https:\/\/www.wellongpack.com\/wp-content\/uploads\/2023\/06\/4c83b2645e9355f0be19b7207f4ffffe_2233037-1-150x150.jpg 150w, https:\/\/www.wellongpack.com\/wp-content\/uploads\/2023\/06\/4c83b2645e9355f0be19b7207f4ffffe_2233037-1-300x300.jpg 300w\" sizes=\"auto, (max-width: 600px) 100vw, 600px\" \/> <img loading=\"lazy\" decoding=\"async\" class=\"alignnone size-full wp-image-10042\" src=\"https:\/\/www.wellongpack.com\/wp-content\/uploads\/2023\/06\/17d159373ba3d62f4061f672e6144cd0_2240883-1.jpg\" alt=\"\" width=\"600\" height=\"600\" srcset=\"https:\/\/www.wellongpack.com\/wp-content\/uploads\/2023\/06\/17d159373ba3d62f4061f672e6144cd0_2240883-1.jpg 600w, https:\/\/www.wellongpack.com\/wp-content\/uploads\/2023\/06\/17d159373ba3d62f4061f672e6144cd0_2240883-1-430x430.jpg 430w, https:\/\/www.wellongpack.com\/wp-content\/uploads\/2023\/06\/17d159373ba3d62f4061f672e6144cd0_2240883-1-150x150.jpg 150w, https:\/\/www.wellongpack.com\/wp-content\/uploads\/2023\/06\/17d159373ba3d62f4061f672e6144cd0_2240883-1-300x300.jpg 300w\" sizes=\"auto, (max-width: 600px) 100vw, 600px\" \/> <img loading=\"lazy\" decoding=\"async\" class=\"alignnone size-full wp-image-10043\" src=\"https:\/\/www.wellongpack.com\/wp-content\/uploads\/2023\/06\/50522d00fd29c9111378bb7589f7c7b5_1306463-1.jpg\" alt=\"\" width=\"600\" height=\"600\" srcset=\"https:\/\/www.wellongpack.com\/wp-content\/uploads\/2023\/06\/50522d00fd29c9111378bb7589f7c7b5_1306463-1.jpg 600w, https:\/\/www.wellongpack.com\/wp-content\/uploads\/2023\/06\/50522d00fd29c9111378bb7589f7c7b5_1306463-1-430x430.jpg 430w, https:\/\/www.wellongpack.com\/wp-content\/uploads\/2023\/06\/50522d00fd29c9111378bb7589f7c7b5_1306463-1-150x150.jpg 150w, https:\/\/www.wellongpack.com\/wp-content\/uploads\/2023\/06\/50522d00fd29c9111378bb7589f7c7b5_1306463-1-300x300.jpg 300w\" sizes=\"auto, (max-width: 600px) 100vw, 600px\" \/><\/p>","protected":false},"excerpt":{"rendered":"<p>Made of renewable wood, this board is ideal for eco-conscious establishments and events.it can be used as a chopping board<\/p>","protected":false},"featured_media":10038,"comment_status":"open","ping_status":"closed","template":"","meta":[],"product_cat":[124,144],"product_tag":[],"class_list":["post-10037","product","type-product","status-publish","has-post-thumbnail","hentry","product_cat-sustainability-packaging","product_cat-wooden-tableware"],"_links":{"self":[{"href":"https:\/\/www.wellongpack.com\/fi\/wp-json\/wp\/v2\/product\/10037","targetHints":{"allow":["GET"]}}],"collection":[{"href":"https:\/\/www.wellongpack.com\/fi\/wp-json\/wp\/v2\/product"}],"about":[{"href":"https:\/\/www.wellongpack.com\/fi\/wp-json\/wp\/v2\/types\/product"}],"replies":[{"embeddable":true,"href":"https:\/\/www.wellongpack.com\/fi\/wp-json\/wp\/v2\/comments?post=10037"}],"version-history":[{"count":1,"href":"https:\/\/www.wellongpack.com\/fi\/wp-json\/wp\/v2\/product\/10037\/revisions"}],"predecessor-version":[{"id":10044,"href":"https:\/\/www.wellongpack.com\/fi\/wp-json\/wp\/v2\/product\/10037\/revisions\/10044"}],"wp:featuredmedia":[{"embeddable":true,"href":"https:\/\/www.wellongpack.com\/fi\/wp-json\/wp\/v2\/media\/10038"}],"wp:attachment":[{"href":"https:\/\/www.wellongpack.com\/fi\/wp-json\/wp\/v2\/media?parent=10037"}],"wp:term":[{"taxonomy":"product_cat","embeddable":true,"href":"https:\/\/www.wellongpack.com\/fi\/wp-json\/wp\/v2\/product_cat?post=10037"},{"taxonomy":"product_tag","embeddable":true,"href":"https:\/\/www.wellongpack.com\/fi\/wp-json\/wp\/v2\/product_tag?post=10037"}],"curies":[{"name":"wp","href":"https:\/\/api.w.org\/{rel}","templated":true}]}}