
{"id":10016,"date":"2023-06-01T13:46:03","date_gmt":"2023-06-01T05:46:03","guid":{"rendered":"http:\/\/75.webs.svipwebs.com\/?post_type=product&#038;p=10016"},"modified":"2023-06-01T13:46:03","modified_gmt":"2023-06-01T05:46:03","slug":"rpet-polyester-folding-shopping-reusable-bag","status":"publish","type":"product","link":"https:\/\/www.wellongpack.com\/fi\/tuote\/rpet-polyesteri-taitto-pakkaus-uudelleenkaytettava-pussi\/","title":{"rendered":"rpet polyesteri taittuva ostokset uudelleenk\u00e4ytett\u00e4vi\u00e4 laukku"},"content":{"rendered":"<p>Meid\u00e4n uudelleenk\u00e4ytett\u00e4vi\u00e4 RPET taitto merenkulku pussit ovat t\u00e4ydellinen ratkaisu uudelleenk\u00e4ytett\u00e4vi\u00e4 ruokakauppa laukku, trendik\u00e4s ostoskori vierailulle ostoskeskukseen tai suosikki myym\u00e4l\u00f6iss\u00e4. Suuremmat ja kest\u00e4v\u00e4mm\u00e4t kassimme ovat niin monipuolisia, ett\u00e4 voit k\u00e4ytt\u00e4\u00e4 niit\u00e4 k\u00e4yt\u00e4nn\u00f6ss\u00e4 mihin tahansa.<\/p>\n<p><img loading=\"lazy\" decoding=\"async\" class=\"alignnone size-full wp-image-10017\" src=\"https:\/\/www.wellongpack.com\/wp-content\/uploads\/2023\/06\/1-51.jpg\" alt=\"\" width=\"750\" height=\"750\" srcset=\"https:\/\/www.wellongpack.com\/wp-content\/uploads\/2023\/06\/1-51.jpg 750w, https:\/\/www.wellongpack.com\/wp-content\/uploads\/2023\/06\/1-51-430x430.jpg 430w, https:\/\/www.wellongpack.com\/wp-content\/uploads\/2023\/06\/1-51-150x150.jpg 150w, https:\/\/www.wellongpack.com\/wp-content\/uploads\/2023\/06\/1-51-700x700.jpg 700w, https:\/\/www.wellongpack.com\/wp-content\/uploads\/2023\/06\/1-51-300x300.jpg 300w\" sizes=\"auto, (max-width: 750px) 100vw, 750px\" \/> <img loading=\"lazy\" decoding=\"async\" class=\"alignnone size-full wp-image-10018\" src=\"https:\/\/www.wellongpack.com\/wp-content\/uploads\/2023\/06\/2-51.jpg\" alt=\"\" width=\"750\" height=\"750\" srcset=\"https:\/\/www.wellongpack.com\/wp-content\/uploads\/2023\/06\/2-51.jpg 750w, https:\/\/www.wellongpack.com\/wp-content\/uploads\/2023\/06\/2-51-430x430.jpg 430w, https:\/\/www.wellongpack.com\/wp-content\/uploads\/2023\/06\/2-51-150x150.jpg 150w, https:\/\/www.wellongpack.com\/wp-content\/uploads\/2023\/06\/2-51-700x700.jpg 700w, https:\/\/www.wellongpack.com\/wp-content\/uploads\/2023\/06\/2-51-300x300.jpg 300w\" sizes=\"auto, (max-width: 750px) 100vw, 750px\" \/> <img loading=\"lazy\" decoding=\"async\" class=\"alignnone size-full wp-image-10019\" src=\"https:\/\/www.wellongpack.com\/wp-content\/uploads\/2023\/06\/3-43.jpg\" alt=\"\" width=\"750\" height=\"750\" srcset=\"https:\/\/www.wellongpack.com\/wp-content\/uploads\/2023\/06\/3-43.jpg 750w, https:\/\/www.wellongpack.com\/wp-content\/uploads\/2023\/06\/3-43-430x430.jpg 430w, https:\/\/www.wellongpack.com\/wp-content\/uploads\/2023\/06\/3-43-150x150.jpg 150w, https:\/\/www.wellongpack.com\/wp-content\/uploads\/2023\/06\/3-43-700x700.jpg 700w, https:\/\/www.wellongpack.com\/wp-content\/uploads\/2023\/06\/3-43-300x300.jpg 300w\" sizes=\"auto, (max-width: 750px) 100vw, 750px\" \/><\/p>","protected":false},"excerpt":{"rendered":"<p>Our reusable RPET folding shipping bags\u00a0are a perfect solution for a\u00a0reusable grocery bag, a trendy shopping tote for a visit<\/p>","protected":false},"featured_media":10017,"comment_status":"open","ping_status":"closed","template":"","meta":[],"product_cat":[143,124,142],"product_tag":[],"class_list":["post-10016","product","type-product","status-publish","has-post-thumbnail","hentry","product_cat-rpet-shopping-bag","product_cat-sustainability-packaging","product_cat-tote-bag"],"_links":{"self":[{"href":"https:\/\/www.wellongpack.com\/fi\/wp-json\/wp\/v2\/product\/10016","targetHints":{"allow":["GET"]}}],"collection":[{"href":"https:\/\/www.wellongpack.com\/fi\/wp-json\/wp\/v2\/product"}],"about":[{"href":"https:\/\/www.wellongpack.com\/fi\/wp-json\/wp\/v2\/types\/product"}],"replies":[{"embeddable":true,"href":"https:\/\/www.wellongpack.com\/fi\/wp-json\/wp\/v2\/comments?post=10016"}],"version-history":[{"count":1,"href":"https:\/\/www.wellongpack.com\/fi\/wp-json\/wp\/v2\/product\/10016\/revisions"}],"predecessor-version":[{"id":10020,"href":"https:\/\/www.wellongpack.com\/fi\/wp-json\/wp\/v2\/product\/10016\/revisions\/10020"}],"wp:featuredmedia":[{"embeddable":true,"href":"https:\/\/www.wellongpack.com\/fi\/wp-json\/wp\/v2\/media\/10017"}],"wp:attachment":[{"href":"https:\/\/www.wellongpack.com\/fi\/wp-json\/wp\/v2\/media?parent=10016"}],"wp:term":[{"taxonomy":"product_cat","embeddable":true,"href":"https:\/\/www.wellongpack.com\/fi\/wp-json\/wp\/v2\/product_cat?post=10016"},{"taxonomy":"product_tag","embeddable":true,"href":"https:\/\/www.wellongpack.com\/fi\/wp-json\/wp\/v2\/product_tag?post=10016"}],"curies":[{"name":"wp","href":"https:\/\/api.w.org\/{rel}","templated":true}]}}