
{"id":9851,"date":"2023-06-01T13:07:38","date_gmt":"2023-06-01T05:07:38","guid":{"rendered":"http:\/\/75.webs.svipwebs.com\/?post_type=product&#038;p=9851"},"modified":"2023-06-01T13:07:38","modified_gmt":"2023-06-01T05:07:38","slug":"bamboo-spoon","status":"publish","type":"product","link":"https:\/\/www.wellongpack.com\/es\/producto\/cuchara-de-bambu\/","title":{"rendered":"Cuchara de bamb\u00fa"},"content":{"rendered":"<p>Esta cuchara desechable de bamb\u00fa es la alternativa ecol\u00f3gica a los utensilios desechables de pl\u00e1stico. Est\u00e1 fabricada con bamb\u00fa org\u00e1nico certificado, que es un recurso renovable y compostable.<\/p>\n<p><img loading=\"lazy\" decoding=\"async\" class=\"alignnone size-full wp-image-9855\" src=\"https:\/\/www.wellongpack.com\/wp-content\/uploads\/2023\/06\/aa703be5020e96e7c5240b0acf06f792_545865-1.jpg\" alt=\"\" width=\"1000\" height=\"1000\" srcset=\"https:\/\/www.wellongpack.com\/wp-content\/uploads\/2023\/06\/aa703be5020e96e7c5240b0acf06f792_545865-1.jpg 1000w, https:\/\/www.wellongpack.com\/wp-content\/uploads\/2023\/06\/aa703be5020e96e7c5240b0acf06f792_545865-1-430x430.jpg 430w, https:\/\/www.wellongpack.com\/wp-content\/uploads\/2023\/06\/aa703be5020e96e7c5240b0acf06f792_545865-1-150x150.jpg 150w, https:\/\/www.wellongpack.com\/wp-content\/uploads\/2023\/06\/aa703be5020e96e7c5240b0acf06f792_545865-1-700x700.jpg 700w, https:\/\/www.wellongpack.com\/wp-content\/uploads\/2023\/06\/aa703be5020e96e7c5240b0acf06f792_545865-1-300x300.jpg 300w, https:\/\/www.wellongpack.com\/wp-content\/uploads\/2023\/06\/aa703be5020e96e7c5240b0acf06f792_545865-1-800x800.jpg 800w, https:\/\/www.wellongpack.com\/wp-content\/uploads\/2023\/06\/aa703be5020e96e7c5240b0acf06f792_545865-1-768x768.jpg 768w, https:\/\/www.wellongpack.com\/wp-content\/uploads\/2023\/06\/aa703be5020e96e7c5240b0acf06f792_545865-1-860x860.jpg 860w\" sizes=\"auto, (max-width: 1000px) 100vw, 1000px\" \/> <img loading=\"lazy\" decoding=\"async\" class=\"alignnone size-full wp-image-9856\" src=\"https:\/\/www.wellongpack.com\/wp-content\/uploads\/2023\/06\/df4676408e57623123b28ceb4ae9dea0_545862-1.jpg\" alt=\"\" width=\"600\" height=\"600\" srcset=\"https:\/\/www.wellongpack.com\/wp-content\/uploads\/2023\/06\/df4676408e57623123b28ceb4ae9dea0_545862-1.jpg 600w, https:\/\/www.wellongpack.com\/wp-content\/uploads\/2023\/06\/df4676408e57623123b28ceb4ae9dea0_545862-1-430x430.jpg 430w, https:\/\/www.wellongpack.com\/wp-content\/uploads\/2023\/06\/df4676408e57623123b28ceb4ae9dea0_545862-1-150x150.jpg 150w, https:\/\/www.wellongpack.com\/wp-content\/uploads\/2023\/06\/df4676408e57623123b28ceb4ae9dea0_545862-1-300x300.jpg 300w\" sizes=\"auto, (max-width: 600px) 100vw, 600px\" \/> <img loading=\"lazy\" decoding=\"async\" class=\"alignnone size-full wp-image-9857\" src=\"https:\/\/www.wellongpack.com\/wp-content\/uploads\/2023\/06\/fffab601b4b4b02704312c6bab812914_0K1A6974-1.jpg\" alt=\"\" width=\"1000\" height=\"1000\" srcset=\"https:\/\/www.wellongpack.com\/wp-content\/uploads\/2023\/06\/fffab601b4b4b02704312c6bab812914_0K1A6974-1.jpg 1000w, https:\/\/www.wellongpack.com\/wp-content\/uploads\/2023\/06\/fffab601b4b4b02704312c6bab812914_0K1A6974-1-430x430.jpg 430w, https:\/\/www.wellongpack.com\/wp-content\/uploads\/2023\/06\/fffab601b4b4b02704312c6bab812914_0K1A6974-1-150x150.jpg 150w, https:\/\/www.wellongpack.com\/wp-content\/uploads\/2023\/06\/fffab601b4b4b02704312c6bab812914_0K1A6974-1-700x700.jpg 700w, https:\/\/www.wellongpack.com\/wp-content\/uploads\/2023\/06\/fffab601b4b4b02704312c6bab812914_0K1A6974-1-300x300.jpg 300w, https:\/\/www.wellongpack.com\/wp-content\/uploads\/2023\/06\/fffab601b4b4b02704312c6bab812914_0K1A6974-1-800x800.jpg 800w, https:\/\/www.wellongpack.com\/wp-content\/uploads\/2023\/06\/fffab601b4b4b02704312c6bab812914_0K1A6974-1-768x768.jpg 768w, https:\/\/www.wellongpack.com\/wp-content\/uploads\/2023\/06\/fffab601b4b4b02704312c6bab812914_0K1A6974-1-860x860.jpg 860w\" sizes=\"auto, (max-width: 1000px) 100vw, 1000px\" \/><\/p>","protected":false},"excerpt":{"rendered":"<p>This Bamboo disposable Spoon\u00a0is the eco-friendly alternative to plastic disposable utensils.\u00a0It is made with certified organic bamboo, which is a<\/p>","protected":false},"featured_media":9852,"comment_status":"open","ping_status":"closed","template":"","meta":[],"product_cat":[135,124],"product_tag":[],"class_list":["post-9851","product","type-product","status-publish","has-post-thumbnail","hentry","product_cat-bamboo-tableware","product_cat-sustainability-packaging"],"_links":{"self":[{"href":"https:\/\/www.wellongpack.com\/es\/wp-json\/wp\/v2\/product\/9851","targetHints":{"allow":["GET"]}}],"collection":[{"href":"https:\/\/www.wellongpack.com\/es\/wp-json\/wp\/v2\/product"}],"about":[{"href":"https:\/\/www.wellongpack.com\/es\/wp-json\/wp\/v2\/types\/product"}],"replies":[{"embeddable":true,"href":"https:\/\/www.wellongpack.com\/es\/wp-json\/wp\/v2\/comments?post=9851"}],"version-history":[{"count":1,"href":"https:\/\/www.wellongpack.com\/es\/wp-json\/wp\/v2\/product\/9851\/revisions"}],"predecessor-version":[{"id":9858,"href":"https:\/\/www.wellongpack.com\/es\/wp-json\/wp\/v2\/product\/9851\/revisions\/9858"}],"wp:featuredmedia":[{"embeddable":true,"href":"https:\/\/www.wellongpack.com\/es\/wp-json\/wp\/v2\/media\/9852"}],"wp:attachment":[{"href":"https:\/\/www.wellongpack.com\/es\/wp-json\/wp\/v2\/media?parent=9851"}],"wp:term":[{"taxonomy":"product_cat","embeddable":true,"href":"https:\/\/www.wellongpack.com\/es\/wp-json\/wp\/v2\/product_cat?post=9851"},{"taxonomy":"product_tag","embeddable":true,"href":"https:\/\/www.wellongpack.com\/es\/wp-json\/wp\/v2\/product_tag?post=9851"}],"curies":[{"name":"wp","href":"https:\/\/api.w.org\/{rel}","templated":true}]}}