
{"id":9842,"date":"2023-06-01T13:05:36","date_gmt":"2023-06-01T05:05:36","guid":{"rendered":"http:\/\/75.webs.svipwebs.com\/?post_type=product&#038;p=9842"},"modified":"2023-06-01T13:05:36","modified_gmt":"2023-06-01T05:05:36","slug":"bamboo-skewer","status":"publish","type":"product","link":"https:\/\/www.wellongpack.com\/es\/producto\/pincho-de-bambu\/","title":{"rendered":"Pincho de bamb\u00fa"},"content":{"rendered":"<p>Este pincho de bamb\u00fa ofrece un aspecto \u00fanico a la hora de servir entrantes, aperitivos o entremeses. Es ideal para ayudar a mantener unidos s\u00e1ndwiches grandes y envolturas para una presentaci\u00f3n ordenada de sus platos de autor y es ideal para adornar bebidas con aceitunas, cebollas, cerezas u otras frutas. Incluso puede utilizarse para asar a la parrilla alimentos como carnes peque\u00f1as y verduras.<\/p>\n<p><img loading=\"lazy\" decoding=\"async\" class=\"alignnone size-full wp-image-9843\" src=\"https:\/\/www.wellongpack.com\/wp-content\/uploads\/2023\/06\/Bamboo-Ball-Pick.jpg\" alt=\"\" width=\"800\" height=\"800\" srcset=\"https:\/\/www.wellongpack.com\/wp-content\/uploads\/2023\/06\/Bamboo-Ball-Pick.jpg 800w, https:\/\/www.wellongpack.com\/wp-content\/uploads\/2023\/06\/Bamboo-Ball-Pick-430x430.jpg 430w, https:\/\/www.wellongpack.com\/wp-content\/uploads\/2023\/06\/Bamboo-Ball-Pick-150x150.jpg 150w, https:\/\/www.wellongpack.com\/wp-content\/uploads\/2023\/06\/Bamboo-Ball-Pick-700x700.jpg 700w, https:\/\/www.wellongpack.com\/wp-content\/uploads\/2023\/06\/Bamboo-Ball-Pick-300x300.jpg 300w, https:\/\/www.wellongpack.com\/wp-content\/uploads\/2023\/06\/Bamboo-Ball-Pick-768x768.jpg 768w\" sizes=\"auto, (max-width: 800px) 100vw, 800px\" \/> <img loading=\"lazy\" decoding=\"async\" class=\"alignnone size-full wp-image-9844\" src=\"https:\/\/www.wellongpack.com\/wp-content\/uploads\/2023\/06\/Bamboo-Double-Prong-Skewer.jpg\" alt=\"\" width=\"600\" height=\"600\" srcset=\"https:\/\/www.wellongpack.com\/wp-content\/uploads\/2023\/06\/Bamboo-Double-Prong-Skewer.jpg 600w, https:\/\/www.wellongpack.com\/wp-content\/uploads\/2023\/06\/Bamboo-Double-Prong-Skewer-430x430.jpg 430w, https:\/\/www.wellongpack.com\/wp-content\/uploads\/2023\/06\/Bamboo-Double-Prong-Skewer-150x150.jpg 150w, https:\/\/www.wellongpack.com\/wp-content\/uploads\/2023\/06\/Bamboo-Double-Prong-Skewer-300x300.jpg 300w\" sizes=\"auto, (max-width: 600px) 100vw, 600px\" \/> <img loading=\"lazy\" decoding=\"async\" class=\"alignnone size-full wp-image-9845\" src=\"https:\/\/www.wellongpack.com\/wp-content\/uploads\/2023\/06\/Bamboo-Fruit-Pick-Fork.jpg\" alt=\"\" width=\"600\" height=\"600\" srcset=\"https:\/\/www.wellongpack.com\/wp-content\/uploads\/2023\/06\/Bamboo-Fruit-Pick-Fork.jpg 600w, https:\/\/www.wellongpack.com\/wp-content\/uploads\/2023\/06\/Bamboo-Fruit-Pick-Fork-430x430.jpg 430w, https:\/\/www.wellongpack.com\/wp-content\/uploads\/2023\/06\/Bamboo-Fruit-Pick-Fork-150x150.jpg 150w, https:\/\/www.wellongpack.com\/wp-content\/uploads\/2023\/06\/Bamboo-Fruit-Pick-Fork-300x300.jpg 300w\" sizes=\"auto, (max-width: 600px) 100vw, 600px\" \/> <img loading=\"lazy\" decoding=\"async\" class=\"alignnone size-full wp-image-9846\" src=\"https:\/\/www.wellongpack.com\/wp-content\/uploads\/2023\/06\/Bamboo-Heart-Food-Pick-Skewer.jpg\" alt=\"\" width=\"640\" height=\"640\" srcset=\"https:\/\/www.wellongpack.com\/wp-content\/uploads\/2023\/06\/Bamboo-Heart-Food-Pick-Skewer.jpg 640w, https:\/\/www.wellongpack.com\/wp-content\/uploads\/2023\/06\/Bamboo-Heart-Food-Pick-Skewer-430x430.jpg 430w, https:\/\/www.wellongpack.com\/wp-content\/uploads\/2023\/06\/Bamboo-Heart-Food-Pick-Skewer-150x150.jpg 150w, https:\/\/www.wellongpack.com\/wp-content\/uploads\/2023\/06\/Bamboo-Heart-Food-Pick-Skewer-300x300.jpg 300w\" sizes=\"auto, (max-width: 640px) 100vw, 640px\" \/> <img loading=\"lazy\" decoding=\"async\" class=\"alignnone size-full wp-image-9847\" src=\"https:\/\/www.wellongpack.com\/wp-content\/uploads\/2023\/06\/Bamboo-Knot-Food-Pick-Skewer.jpg\" alt=\"\" width=\"600\" height=\"600\" srcset=\"https:\/\/www.wellongpack.com\/wp-content\/uploads\/2023\/06\/Bamboo-Knot-Food-Pick-Skewer.jpg 600w, https:\/\/www.wellongpack.com\/wp-content\/uploads\/2023\/06\/Bamboo-Knot-Food-Pick-Skewer-430x430.jpg 430w, https:\/\/www.wellongpack.com\/wp-content\/uploads\/2023\/06\/Bamboo-Knot-Food-Pick-Skewer-150x150.jpg 150w, https:\/\/www.wellongpack.com\/wp-content\/uploads\/2023\/06\/Bamboo-Knot-Food-Pick-Skewer-300x300.jpg 300w\" sizes=\"auto, (max-width: 600px) 100vw, 600px\" \/> <img loading=\"lazy\" decoding=\"async\" class=\"alignnone size-full wp-image-9848\" src=\"https:\/\/www.wellongpack.com\/wp-content\/uploads\/2023\/06\/Bamboo-Paddle-Food-Pick-Skewer.jpg\" alt=\"\" width=\"600\" height=\"600\" srcset=\"https:\/\/www.wellongpack.com\/wp-content\/uploads\/2023\/06\/Bamboo-Paddle-Food-Pick-Skewer.jpg 600w, https:\/\/www.wellongpack.com\/wp-content\/uploads\/2023\/06\/Bamboo-Paddle-Food-Pick-Skewer-430x430.jpg 430w, https:\/\/www.wellongpack.com\/wp-content\/uploads\/2023\/06\/Bamboo-Paddle-Food-Pick-Skewer-150x150.jpg 150w, https:\/\/www.wellongpack.com\/wp-content\/uploads\/2023\/06\/Bamboo-Paddle-Food-Pick-Skewer-300x300.jpg 300w\" sizes=\"auto, (max-width: 600px) 100vw, 600px\" \/> <img loading=\"lazy\" decoding=\"async\" class=\"alignnone size-full wp-image-9849\" src=\"https:\/\/www.wellongpack.com\/wp-content\/uploads\/2023\/06\/Bamboo-Pick.jpg\" alt=\"\" width=\"493\" height=\"500\" srcset=\"https:\/\/www.wellongpack.com\/wp-content\/uploads\/2023\/06\/Bamboo-Pick.jpg 493w, https:\/\/www.wellongpack.com\/wp-content\/uploads\/2023\/06\/Bamboo-Pick-430x436.jpg 430w, https:\/\/www.wellongpack.com\/wp-content\/uploads\/2023\/06\/Bamboo-Pick-150x152.jpg 150w, https:\/\/www.wellongpack.com\/wp-content\/uploads\/2023\/06\/Bamboo-Pick-296x300.jpg 296w\" sizes=\"auto, (max-width: 493px) 100vw, 493px\" \/><\/p>","protected":false},"excerpt":{"rendered":"<p>This bamboo\u00a0food pick \/ skewer offers a unique look when serving entrees, appetizers, or hors d&#8217;oeuvres. It is ideal for<\/p>","protected":false},"featured_media":9843,"comment_status":"open","ping_status":"closed","template":"","meta":[],"product_cat":[135,124],"product_tag":[],"class_list":["post-9842","product","type-product","status-publish","has-post-thumbnail","hentry","product_cat-bamboo-tableware","product_cat-sustainability-packaging"],"_links":{"self":[{"href":"https:\/\/www.wellongpack.com\/es\/wp-json\/wp\/v2\/product\/9842","targetHints":{"allow":["GET"]}}],"collection":[{"href":"https:\/\/www.wellongpack.com\/es\/wp-json\/wp\/v2\/product"}],"about":[{"href":"https:\/\/www.wellongpack.com\/es\/wp-json\/wp\/v2\/types\/product"}],"replies":[{"embeddable":true,"href":"https:\/\/www.wellongpack.com\/es\/wp-json\/wp\/v2\/comments?post=9842"}],"version-history":[{"count":1,"href":"https:\/\/www.wellongpack.com\/es\/wp-json\/wp\/v2\/product\/9842\/revisions"}],"predecessor-version":[{"id":9850,"href":"https:\/\/www.wellongpack.com\/es\/wp-json\/wp\/v2\/product\/9842\/revisions\/9850"}],"wp:featuredmedia":[{"embeddable":true,"href":"https:\/\/www.wellongpack.com\/es\/wp-json\/wp\/v2\/media\/9843"}],"wp:attachment":[{"href":"https:\/\/www.wellongpack.com\/es\/wp-json\/wp\/v2\/media?parent=9842"}],"wp:term":[{"taxonomy":"product_cat","embeddable":true,"href":"https:\/\/www.wellongpack.com\/es\/wp-json\/wp\/v2\/product_cat?post=9842"},{"taxonomy":"product_tag","embeddable":true,"href":"https:\/\/www.wellongpack.com\/es\/wp-json\/wp\/v2\/product_tag?post=9842"}],"curies":[{"name":"wp","href":"https:\/\/api.w.org\/{rel}","templated":true}]}}