
{"id":9776,"date":"2023-06-01T12:44:26","date_gmt":"2023-06-01T04:44:26","guid":{"rendered":"http:\/\/75.webs.svipwebs.com\/?post_type=product&#038;p=9776"},"modified":"2023-06-01T12:44:27","modified_gmt":"2023-06-01T04:44:27","slug":"bagasse-meat-tray-2","status":"publish","type":"product","link":"https:\/\/www.wellongpack.com\/es\/producto\/bandeja-de-carne-de-bagazo-2\/","title":{"rendered":"Bagazo Bandeja de carne"},"content":{"rendered":"<p>Esta bandeja para carne Bagasse presenta un dise\u00f1o a prueba de agua con un revestimiento de base biol\u00f3gica para evitar fugas y mantener los alimentos frescos. Es lo suficientemente resistente como para soportar una gran variedad de carnes y consistencias y, al mismo tiempo, es c\u00f3modamente desechable. Ideal para charcuter\u00edas, tiendas de comestibles y restaurantes de comida para llevar, esta bandeja ecol\u00f3gica le ayudar\u00e1 a reducir la huella de carbono de su establecimiento.<\/p>\n<p><img loading=\"lazy\" decoding=\"async\" class=\"alignnone size-full wp-image-9777\" src=\"https:\/\/www.wellongpack.com\/wp-content\/uploads\/2023\/06\/1-32.jpg\" alt=\"\" width=\"800\" height=\"800\" srcset=\"https:\/\/www.wellongpack.com\/wp-content\/uploads\/2023\/06\/1-32.jpg 800w, https:\/\/www.wellongpack.com\/wp-content\/uploads\/2023\/06\/1-32-430x430.jpg 430w, https:\/\/www.wellongpack.com\/wp-content\/uploads\/2023\/06\/1-32-150x150.jpg 150w, https:\/\/www.wellongpack.com\/wp-content\/uploads\/2023\/06\/1-32-700x700.jpg 700w, https:\/\/www.wellongpack.com\/wp-content\/uploads\/2023\/06\/1-32-300x300.jpg 300w, https:\/\/www.wellongpack.com\/wp-content\/uploads\/2023\/06\/1-32-768x768.jpg 768w\" sizes=\"auto, (max-width: 800px) 100vw, 800px\" \/> <img loading=\"lazy\" decoding=\"async\" class=\"alignnone size-full wp-image-9778\" src=\"https:\/\/www.wellongpack.com\/wp-content\/uploads\/2023\/06\/2-30.jpg\" alt=\"\" width=\"800\" height=\"800\" srcset=\"https:\/\/www.wellongpack.com\/wp-content\/uploads\/2023\/06\/2-30.jpg 800w, https:\/\/www.wellongpack.com\/wp-content\/uploads\/2023\/06\/2-30-430x430.jpg 430w, https:\/\/www.wellongpack.com\/wp-content\/uploads\/2023\/06\/2-30-150x150.jpg 150w, https:\/\/www.wellongpack.com\/wp-content\/uploads\/2023\/06\/2-30-700x700.jpg 700w, https:\/\/www.wellongpack.com\/wp-content\/uploads\/2023\/06\/2-30-300x300.jpg 300w, https:\/\/www.wellongpack.com\/wp-content\/uploads\/2023\/06\/2-30-768x768.jpg 768w\" sizes=\"auto, (max-width: 800px) 100vw, 800px\" \/><\/p>","protected":false},"excerpt":{"rendered":"<p>This Bagasse meat tray features a soak-proof design with a bio-based liner to prevent leakage and keep food fresh. It<\/p>","protected":false},"featured_media":9777,"comment_status":"open","ping_status":"closed","template":"","meta":[],"product_cat":[132,125,124],"product_tag":[],"class_list":["post-9776","product","type-product","status-publish","has-post-thumbnail","hentry","product_cat-bagasse-tray-bagassesugarcane-products-sustainability-packaging","product_cat-bagassesugarcane-products-sustainability-packaging","product_cat-sustainability-packaging"],"_links":{"self":[{"href":"https:\/\/www.wellongpack.com\/es\/wp-json\/wp\/v2\/product\/9776","targetHints":{"allow":["GET"]}}],"collection":[{"href":"https:\/\/www.wellongpack.com\/es\/wp-json\/wp\/v2\/product"}],"about":[{"href":"https:\/\/www.wellongpack.com\/es\/wp-json\/wp\/v2\/types\/product"}],"replies":[{"embeddable":true,"href":"https:\/\/www.wellongpack.com\/es\/wp-json\/wp\/v2\/comments?post=9776"}],"version-history":[{"count":1,"href":"https:\/\/www.wellongpack.com\/es\/wp-json\/wp\/v2\/product\/9776\/revisions"}],"predecessor-version":[{"id":9779,"href":"https:\/\/www.wellongpack.com\/es\/wp-json\/wp\/v2\/product\/9776\/revisions\/9779"}],"wp:featuredmedia":[{"embeddable":true,"href":"https:\/\/www.wellongpack.com\/es\/wp-json\/wp\/v2\/media\/9777"}],"wp:attachment":[{"href":"https:\/\/www.wellongpack.com\/es\/wp-json\/wp\/v2\/media?parent=9776"}],"wp:term":[{"taxonomy":"product_cat","embeddable":true,"href":"https:\/\/www.wellongpack.com\/es\/wp-json\/wp\/v2\/product_cat?post=9776"},{"taxonomy":"product_tag","embeddable":true,"href":"https:\/\/www.wellongpack.com\/es\/wp-json\/wp\/v2\/product_tag?post=9776"}],"curies":[{"name":"wp","href":"https:\/\/api.w.org\/{rel}","templated":true}]}}