
{"id":9699,"date":"2023-06-01T12:26:33","date_gmt":"2023-06-01T04:26:33","guid":{"rendered":"http:\/\/75.webs.svipwebs.com\/?post_type=product&#038;p=9699"},"modified":"2023-06-01T12:26:33","modified_gmt":"2023-06-01T04:26:33","slug":"sauce-cup-2","status":"publish","type":"product","link":"https:\/\/www.wellongpack.com\/es\/producto\/salsa-copa-2\/","title":{"rendered":"Taza de salsa"},"content":{"rendered":"<p>Dise\u00f1ado para contener productos fr\u00edos y calientes, este vaso desechable para salsas Bagasse es una soluci\u00f3n ideal para puestos de comida, tiendas de bocadillos y restaurantes informales que ofrecen salsas y otros condimentos.<\/p>\n<p><img loading=\"lazy\" decoding=\"async\" class=\"alignnone size-full wp-image-9700\" src=\"https:\/\/www.wellongpack.com\/wp-content\/uploads\/2023\/06\/1-21.jpg\" alt=\"\" width=\"1024\" height=\"1024\" srcset=\"https:\/\/www.wellongpack.com\/wp-content\/uploads\/2023\/06\/1-21.jpg 1024w, https:\/\/www.wellongpack.com\/wp-content\/uploads\/2023\/06\/1-21-430x430.jpg 430w, https:\/\/www.wellongpack.com\/wp-content\/uploads\/2023\/06\/1-21-150x150.jpg 150w, https:\/\/www.wellongpack.com\/wp-content\/uploads\/2023\/06\/1-21-700x700.jpg 700w, https:\/\/www.wellongpack.com\/wp-content\/uploads\/2023\/06\/1-21-300x300.jpg 300w, https:\/\/www.wellongpack.com\/wp-content\/uploads\/2023\/06\/1-21-800x800.jpg 800w, https:\/\/www.wellongpack.com\/wp-content\/uploads\/2023\/06\/1-21-768x768.jpg 768w, https:\/\/www.wellongpack.com\/wp-content\/uploads\/2023\/06\/1-21-860x860.jpg 860w\" sizes=\"auto, (max-width: 1024px) 100vw, 1024px\" \/> <img loading=\"lazy\" decoding=\"async\" class=\"alignnone size-full wp-image-9701\" src=\"https:\/\/www.wellongpack.com\/wp-content\/uploads\/2023\/06\/2-18.jpg\" alt=\"\" width=\"861\" height=\"960\" srcset=\"https:\/\/www.wellongpack.com\/wp-content\/uploads\/2023\/06\/2-18.jpg 861w, https:\/\/www.wellongpack.com\/wp-content\/uploads\/2023\/06\/2-18-430x479.jpg 430w, https:\/\/www.wellongpack.com\/wp-content\/uploads\/2023\/06\/2-18-150x167.jpg 150w, https:\/\/www.wellongpack.com\/wp-content\/uploads\/2023\/06\/2-18-700x780.jpg 700w, https:\/\/www.wellongpack.com\/wp-content\/uploads\/2023\/06\/2-18-269x300.jpg 269w, https:\/\/www.wellongpack.com\/wp-content\/uploads\/2023\/06\/2-18-718x800.jpg 718w, https:\/\/www.wellongpack.com\/wp-content\/uploads\/2023\/06\/2-18-768x856.jpg 768w\" sizes=\"auto, (max-width: 861px) 100vw, 861px\" \/> <img loading=\"lazy\" decoding=\"async\" class=\"alignnone size-full wp-image-9702\" src=\"https:\/\/www.wellongpack.com\/wp-content\/uploads\/2023\/06\/4-10.jpg\" alt=\"\" width=\"708\" height=\"651\" srcset=\"https:\/\/www.wellongpack.com\/wp-content\/uploads\/2023\/06\/4-10.jpg 708w, https:\/\/www.wellongpack.com\/wp-content\/uploads\/2023\/06\/4-10-430x395.jpg 430w, https:\/\/www.wellongpack.com\/wp-content\/uploads\/2023\/06\/4-10-150x138.jpg 150w, https:\/\/www.wellongpack.com\/wp-content\/uploads\/2023\/06\/4-10-700x644.jpg 700w, https:\/\/www.wellongpack.com\/wp-content\/uploads\/2023\/06\/4-10-326x300.jpg 326w\" sizes=\"auto, (max-width: 708px) 100vw, 708px\" \/> <img loading=\"lazy\" decoding=\"async\" class=\"alignnone size-full wp-image-9703\" src=\"https:\/\/www.wellongpack.com\/wp-content\/uploads\/2023\/06\/5-6.jpg\" alt=\"\" width=\"1024\" height=\"1024\" srcset=\"https:\/\/www.wellongpack.com\/wp-content\/uploads\/2023\/06\/5-6.jpg 1024w, https:\/\/www.wellongpack.com\/wp-content\/uploads\/2023\/06\/5-6-430x430.jpg 430w, https:\/\/www.wellongpack.com\/wp-content\/uploads\/2023\/06\/5-6-150x150.jpg 150w, https:\/\/www.wellongpack.com\/wp-content\/uploads\/2023\/06\/5-6-700x700.jpg 700w, https:\/\/www.wellongpack.com\/wp-content\/uploads\/2023\/06\/5-6-300x300.jpg 300w, https:\/\/www.wellongpack.com\/wp-content\/uploads\/2023\/06\/5-6-800x800.jpg 800w, https:\/\/www.wellongpack.com\/wp-content\/uploads\/2023\/06\/5-6-768x768.jpg 768w, https:\/\/www.wellongpack.com\/wp-content\/uploads\/2023\/06\/5-6-860x860.jpg 860w\" sizes=\"auto, (max-width: 1024px) 100vw, 1024px\" \/> <img loading=\"lazy\" decoding=\"async\" class=\"alignnone size-full wp-image-9704\" src=\"https:\/\/www.wellongpack.com\/wp-content\/uploads\/2023\/06\/6-4.jpg\" alt=\"\" width=\"1024\" height=\"1024\" srcset=\"https:\/\/www.wellongpack.com\/wp-content\/uploads\/2023\/06\/6-4.jpg 1024w, https:\/\/www.wellongpack.com\/wp-content\/uploads\/2023\/06\/6-4-430x430.jpg 430w, https:\/\/www.wellongpack.com\/wp-content\/uploads\/2023\/06\/6-4-150x150.jpg 150w, https:\/\/www.wellongpack.com\/wp-content\/uploads\/2023\/06\/6-4-700x700.jpg 700w, https:\/\/www.wellongpack.com\/wp-content\/uploads\/2023\/06\/6-4-300x300.jpg 300w, https:\/\/www.wellongpack.com\/wp-content\/uploads\/2023\/06\/6-4-800x800.jpg 800w, https:\/\/www.wellongpack.com\/wp-content\/uploads\/2023\/06\/6-4-768x768.jpg 768w, https:\/\/www.wellongpack.com\/wp-content\/uploads\/2023\/06\/6-4-860x860.jpg 860w\" sizes=\"auto, (max-width: 1024px) 100vw, 1024px\" \/> <img loading=\"lazy\" decoding=\"async\" class=\"alignnone size-full wp-image-9705\" src=\"https:\/\/www.wellongpack.com\/wp-content\/uploads\/2023\/06\/7-1.jpg\" alt=\"\" width=\"732\" height=\"698\" srcset=\"https:\/\/www.wellongpack.com\/wp-content\/uploads\/2023\/06\/7-1.jpg 732w, https:\/\/www.wellongpack.com\/wp-content\/uploads\/2023\/06\/7-1-430x410.jpg 430w, https:\/\/www.wellongpack.com\/wp-content\/uploads\/2023\/06\/7-1-150x143.jpg 150w, https:\/\/www.wellongpack.com\/wp-content\/uploads\/2023\/06\/7-1-700x667.jpg 700w, https:\/\/www.wellongpack.com\/wp-content\/uploads\/2023\/06\/7-1-315x300.jpg 315w\" sizes=\"auto, (max-width: 732px) 100vw, 732px\" \/><\/p>","protected":false},"excerpt":{"rendered":"<p>Designed to hold both hot and cold items, this disposable Bagasse sauce cup is an ideal solution for concession stands,<\/p>","protected":false},"featured_media":9700,"comment_status":"open","ping_status":"closed","template":"","meta":[],"product_cat":[128,125,124],"product_tag":[],"class_list":["post-9699","product","type-product","status-publish","has-post-thumbnail","hentry","product_cat-bagasse-cup-and-lids-bagassesugarcane-products-sustainability-packaging","product_cat-bagassesugarcane-products-sustainability-packaging","product_cat-sustainability-packaging"],"_links":{"self":[{"href":"https:\/\/www.wellongpack.com\/es\/wp-json\/wp\/v2\/product\/9699","targetHints":{"allow":["GET"]}}],"collection":[{"href":"https:\/\/www.wellongpack.com\/es\/wp-json\/wp\/v2\/product"}],"about":[{"href":"https:\/\/www.wellongpack.com\/es\/wp-json\/wp\/v2\/types\/product"}],"replies":[{"embeddable":true,"href":"https:\/\/www.wellongpack.com\/es\/wp-json\/wp\/v2\/comments?post=9699"}],"version-history":[{"count":1,"href":"https:\/\/www.wellongpack.com\/es\/wp-json\/wp\/v2\/product\/9699\/revisions"}],"predecessor-version":[{"id":9706,"href":"https:\/\/www.wellongpack.com\/es\/wp-json\/wp\/v2\/product\/9699\/revisions\/9706"}],"wp:featuredmedia":[{"embeddable":true,"href":"https:\/\/www.wellongpack.com\/es\/wp-json\/wp\/v2\/media\/9700"}],"wp:attachment":[{"href":"https:\/\/www.wellongpack.com\/es\/wp-json\/wp\/v2\/media?parent=9699"}],"wp:term":[{"taxonomy":"product_cat","embeddable":true,"href":"https:\/\/www.wellongpack.com\/es\/wp-json\/wp\/v2\/product_cat?post=9699"},{"taxonomy":"product_tag","embeddable":true,"href":"https:\/\/www.wellongpack.com\/es\/wp-json\/wp\/v2\/product_tag?post=9699"}],"curies":[{"name":"wp","href":"https:\/\/api.w.org\/{rel}","templated":true}]}}